{"id":746,"date":"2019-11-28T14:55:59","date_gmt":"2019-11-28T19:55:59","guid":{"rendered":"https:\/\/cs3lacs.wpengine.com\/virginie-roy\/?page_id=746"},"modified":"2023-04-25T09:55:37","modified_gmt":"2023-04-25T14:55:37","slug":"portrait","status":"publish","type":"page","link":"https:\/\/csstl.gouv.qc.ca\/virginie-roy\/portrait\/","title":{"rendered":"Portrait"},"content":{"rendered":"<div class=\"wp-block-image\">\n<figure class=\"aligncenter size-full\"><img loading=\"lazy\" decoding=\"async\" width=\"288\" height=\"216\" src=\"https:\/\/media.csstl.gouv.qc.ca\/wp-content\/uploads\/sites\/51\/2023\/04\/25095345\/photo-VR-1.jpg\" alt=\"\" class=\"wp-image-1171\" \/><\/figure>\n<\/div>\n\n\n<p>Mademoiselle Virginie Roy est la premi\u00e8re institutrice avec laquelle les commissaires d\u2019\u00e9cole de la paroisse signent un contrat d\u2019engagement pour enseigner \u00e0 l\u2019\u00e9cole num\u00e9ro 2 du 1er octobre 1858 au 1er ao\u00fbt 1859 pour une p\u00e9riode de 208 jours. Son salaire \u00e9tait de 25 louis vers\u00e9s aux trois mois et incluait un logis convenable et propre pour faire la classe qu\u2019elle devait chauffer et entretenir \u00e0 ses frais. L\u2019\u00e9cole no 2 \u00e9tait situ\u00e9e dans la Grande Anse de l\u2019\u00eele Perrot, juste \u00e0 l\u2019entr\u00e9e du secteur Pointe-du-Moulin. Elle a \u00e9t\u00e9 convertie en maison d\u2019habitation. L\u2019\u00e9cole num\u00e9ro 1 \u00e9tait situ\u00e9e au village, non loin de l\u2019\u00e9glise Sainte-Jeanne-de-Chantal. Il y eut trois autres petites \u00e9coles dans l\u2019\u00eele au XIXe si\u00e8cle : sur la Petite c\u00f4te \u00e0 l\u2019\u00cele-Perrot, dans l\u2019anse au Sable ainsi qu\u2019\u00e0 Pincourt.<\/p>\n","protected":false},"excerpt":{"rendered":"<p>Mademoiselle Virginie Roy est la premi\u00e8re institutrice avec laquelle les commissaires d\u2019\u00e9cole de la paroisse signent un contrat d\u2019engagement pour enseigner \u00e0 l\u2019\u00e9cole num\u00e9ro 2 du 1er octobre 1858 au 1er ao\u00fbt 1859 pour une p\u00e9riode de 208 jours. Son salaire \u00e9tait de 25 louis vers\u00e9s aux trois mois et incluait un logis convenable et [&hellip;]<\/p>\n","protected":false},"author":4,"featured_media":0,"parent":0,"menu_order":0,"comment_status":"closed","ping_status":"closed","template":"","meta":{"_genesis_hide_title":false,"_genesis_hide_breadcrumbs":false,"_genesis_hide_singular_image":false,"_genesis_hide_footer_widgets":false,"_genesis_custom_body_class":"","_genesis_custom_post_class":"","_genesis_layout":"","footnotes":""},"class_list":{"0":"post-746","1":"page","2":"type-page","3":"status-publish","5":"entry"},"featured_image_src":null,"featured_image_src_square":null,"_links":{"self":[{"href":"https:\/\/csstl.gouv.qc.ca\/virginie-roy\/wp-json\/wp\/v2\/pages\/746","targetHints":{"allow":["GET"]}}],"collection":[{"href":"https:\/\/csstl.gouv.qc.ca\/virginie-roy\/wp-json\/wp\/v2\/pages"}],"about":[{"href":"https:\/\/csstl.gouv.qc.ca\/virginie-roy\/wp-json\/wp\/v2\/types\/page"}],"author":[{"embeddable":true,"href":"https:\/\/csstl.gouv.qc.ca\/virginie-roy\/wp-json\/wp\/v2\/users\/4"}],"replies":[{"embeddable":true,"href":"https:\/\/csstl.gouv.qc.ca\/virginie-roy\/wp-json\/wp\/v2\/comments?post=746"}],"version-history":[{"count":0,"href":"https:\/\/csstl.gouv.qc.ca\/virginie-roy\/wp-json\/wp\/v2\/pages\/746\/revisions"}],"wp:attachment":[{"href":"https:\/\/csstl.gouv.qc.ca\/virginie-roy\/wp-json\/wp\/v2\/media?parent=746"}],"curies":[{"name":"wp","href":"https:\/\/api.w.org\/{rel}","templated":true}]}}