{"id":742,"date":"2019-11-28T14:51:45","date_gmt":"2019-11-28T19:51:45","guid":{"rendered":"https:\/\/cs3lacs.wpengine.com\/virginie-roy\/?page_id=742"},"modified":"2026-04-14T18:56:15","modified_gmt":"2026-04-14T23:56:15","slug":"documents-liens-utiles","status":"publish","type":"page","link":"https:\/\/csstl.gouv.qc.ca\/virginie-roy\/documents-liens-utiles\/","title":{"rendered":"Documents et liens utiles"},"content":{"rendered":"\n<p class=\"has-medium-font-size\"><strong>Document destin\u00e9 aux parents sur la nature et la p\u00e9riode des principales \u00e9valuations<\/strong><\/p>\n\n\n\n<ul class=\"wp-block-list\">\n<li><a href=\"https:\/\/media.csstl.gouv.qc.ca\/wp-content\/uploads\/sites\/51\/2025\/11\/14120346\/Document-parents-prescolaire-1.pdf\">Pr\u00e9scolaire<\/a><\/li>\n\n\n\n<li><a href=\"https:\/\/media.csstl.gouv.qc.ca\/wp-content\/uploads\/sites\/51\/2025\/11\/14120336\/Document-parents-1er-cycle-1.pdf\">1er cycle<\/a><\/li>\n\n\n\n<li><a href=\"https:\/\/media.csstl.gouv.qc.ca\/wp-content\/uploads\/sites\/51\/2025\/11\/14120340\/Document-parents-2e-cycle-1.pdf\">2e cycle<\/a><\/li>\n\n\n\n<li><a href=\"https:\/\/media.csstl.gouv.qc.ca\/wp-content\/uploads\/sites\/51\/2025\/11\/14120344\/Document-parents-3e-cycle-1.pdf\">3e cycle<\/a><\/li>\n\n\n\n<li><a href=\"https:\/\/media.csstl.gouv.qc.ca\/wp-content\/uploads\/sites\/51\/2025\/11\/14120334\/Document-aux-parents-PEIA-25-26-1.pdf\">PEIA<\/a><\/li>\n<\/ul>\n\n\n\n<p><strong>Protocole de gestion des commotions<\/strong><\/p>\n\n\n\n<ul class=\"wp-block-list\">\n<li><a href=\"https:\/\/media.csstl.gouv.qc.ca\/wp-content\/uploads\/sites\/51\/2024\/01\/18111816\/Protocole_de_gestion_des_commotions_cerebrales_FR.pdf\">Protocole de gestion des commotions<\/a><\/li>\n\n\n\n<li><a href=\"https:\/\/media.csstl.gouv.qc.ca\/wp-content\/uploads\/sites\/51\/2024\/01\/18111859\/Commotions-cerebrales_Fiche_suivi_FR.pdf\">Fiche de suivi<\/a><\/li>\n\n\n\n<li><a href=\"https:\/\/media.csstl.gouv.qc.ca\/wp-content\/uploads\/sites\/51\/2024\/01\/18111756\/PROTOCOLE-COMMOTION-CEREBRALE_1.pdf\">\u00c9tapes \u00e0 suivre pour un retour en classe apr\u00e8s une commotion<\/a><\/li>\n<\/ul>\n\n\n\n<h2 class=\"wp-block-heading\">Clic \u00e9cole<\/h2>\n\n\n\n<ul class=\"wp-block-list\">\n<li><a href=\"https:\/\/portailparents.ca\/accueil\/fr\/\">Portail Parents<\/a><\/li>\n<\/ul>\n\n\n\n<ul class=\"wp-block-list\">\n<li><a href=\"https:\/\/apps.apple.com\/ca\/app\/clic-%C3%A9cole\/id6742752942?l=fr-CA\">Clic \u00c9cole &#8211; application pour Apple<\/a><\/li>\n<\/ul>\n\n\n\n<ul class=\"wp-block-list\">\n<li><a href=\"https:\/\/play.google.com\/store\/apps\/details?id=ca.grics.application.mobile.parent.prod\">Clic \u00e9cole \u2012 application pour Android<\/a><\/li>\n<\/ul>\n\n\n\n<ul class=\"wp-block-list\">\n<li><a href=\"https:\/\/media.csstl.gouv.qc.ca\/wp-content\/uploads\/2025\/09\/04105433\/Clic_ecole_creer-compte.pdf\">Clic \u00e9cole &#8211; Cr\u00e9ez votre compte<\/a><\/li>\n<\/ul>\n\n\n\n<ul class=\"wp-block-list\">\n<li><a href=\"https:\/\/www.quebec.ca\/education\/prescolaire-primaire-et-secondaire\/clic-ecole\">Application Clic \u00e9cole | Gouvernement du Qu\u00e9bec<\/a><\/li>\n<\/ul>\n\n\n\n<figure class=\"wp-block-image size-full\"><img decoding=\"async\" src=\"https:\/\/media.csstl.gouv.qc.ca\/wp-content\/uploads\/sites\/51\/2026\/04\/14185556\/Grille-horaire-2025-2026-Virginie-Roy-1.pdf\" alt=\"\" class=\"wp-image-1397\" \/><\/figure>\n","protected":false},"excerpt":{"rendered":"<p>Document destin\u00e9 aux parents sur la nature et la p\u00e9riode des principales \u00e9valuations Protocole de gestion des commotions Clic \u00e9cole<\/p>\n","protected":false},"author":4,"featured_media":0,"parent":0,"menu_order":0,"comment_status":"closed","ping_status":"closed","template":"","meta":{"_genesis_hide_title":false,"_genesis_hide_breadcrumbs":false,"_genesis_hide_singular_image":false,"_genesis_hide_footer_widgets":false,"_genesis_custom_body_class":"","_genesis_custom_post_class":"","_genesis_layout":"","footnotes":""},"class_list":{"0":"post-742","1":"page","2":"type-page","3":"status-publish","5":"entry"},"featured_image_src":null,"featured_image_src_square":null,"_links":{"self":[{"href":"https:\/\/csstl.gouv.qc.ca\/virginie-roy\/wp-json\/wp\/v2\/pages\/742","targetHints":{"allow":["GET"]}}],"collection":[{"href":"https:\/\/csstl.gouv.qc.ca\/virginie-roy\/wp-json\/wp\/v2\/pages"}],"about":[{"href":"https:\/\/csstl.gouv.qc.ca\/virginie-roy\/wp-json\/wp\/v2\/types\/page"}],"author":[{"embeddable":true,"href":"https:\/\/csstl.gouv.qc.ca\/virginie-roy\/wp-json\/wp\/v2\/users\/4"}],"replies":[{"embeddable":true,"href":"https:\/\/csstl.gouv.qc.ca\/virginie-roy\/wp-json\/wp\/v2\/comments?post=742"}],"version-history":[{"count":0,"href":"https:\/\/csstl.gouv.qc.ca\/virginie-roy\/wp-json\/wp\/v2\/pages\/742\/revisions"}],"wp:attachment":[{"href":"https:\/\/csstl.gouv.qc.ca\/virginie-roy\/wp-json\/wp\/v2\/media?parent=742"}],"curies":[{"name":"wp","href":"https:\/\/api.w.org\/{rel}","templated":true}]}}