{"id":482,"date":"2019-06-18T13:49:24","date_gmt":"2019-06-18T18:49:24","guid":{"rendered":"http:\/\/cs3lacs.wpengine.com\/virginie-roy\/?page_id=482"},"modified":"2024-08-19T07:52:24","modified_gmt":"2024-08-19T12:52:24","slug":"service-alimentaire","status":"publish","type":"page","link":"https:\/\/csstl.gouv.qc.ca\/virginie-roy\/service-alimentaire\/","title":{"rendered":"Service alimentaire"},"content":{"rendered":"\n<p>Un service traiteur sera offert aux \u00e9l\u00e8ves de l\u2019\u00e9cole \u00e0 l\u2019heure du diner pour ceux qui le d\u00e9sirent. D\u00e9sormais, le service sera assur\u00e9 par Merenda Traiteur.<br>Nous invitons donc tous les parents qui souhaitent se pr\u00e9valoir de ce service pour leur enfant de se cr\u00e9er un compte en ligne : <a href=\"https:\/\/www.traiteurmerenda.com\/\">https:\/\/www.traiteurmerenda.com\/<\/a><\/p>\n\n\n\n<p>Si vous avez des questions ou commentaires n\u2019h\u00e9sitez<br>pas \u00e0 nous contacter au 514-490-1235 ou par courriel \u00e0 : info@traiteurmerenda.com<\/p>\n\n\n\n<p><\/p>\n","protected":false},"excerpt":{"rendered":"<p>Un service traiteur sera offert aux \u00e9l\u00e8ves de l\u2019\u00e9cole \u00e0 l\u2019heure du diner pour ceux qui le d\u00e9sirent. D\u00e9sormais, le service sera assur\u00e9 par Merenda Traiteur.Nous invitons donc tous les parents qui souhaitent se pr\u00e9valoir de ce service pour leur enfant de se cr\u00e9er un compte en ligne : https:\/\/www.traiteurmerenda.com\/ Si vous avez des questions [&hellip;]<\/p>\n","protected":false},"author":2,"featured_media":0,"parent":0,"menu_order":0,"comment_status":"closed","ping_status":"closed","template":"","meta":{"_genesis_hide_title":false,"_genesis_hide_breadcrumbs":false,"_genesis_hide_singular_image":false,"_genesis_hide_footer_widgets":false,"_genesis_custom_body_class":"","_genesis_custom_post_class":"","_genesis_layout":"","footnotes":""},"class_list":{"0":"post-482","1":"page","2":"type-page","3":"status-publish","5":"entry"},"featured_image_src":null,"featured_image_src_square":null,"_links":{"self":[{"href":"https:\/\/csstl.gouv.qc.ca\/virginie-roy\/wp-json\/wp\/v2\/pages\/482","targetHints":{"allow":["GET"]}}],"collection":[{"href":"https:\/\/csstl.gouv.qc.ca\/virginie-roy\/wp-json\/wp\/v2\/pages"}],"about":[{"href":"https:\/\/csstl.gouv.qc.ca\/virginie-roy\/wp-json\/wp\/v2\/types\/page"}],"author":[{"embeddable":true,"href":"https:\/\/csstl.gouv.qc.ca\/virginie-roy\/wp-json\/wp\/v2\/users\/2"}],"replies":[{"embeddable":true,"href":"https:\/\/csstl.gouv.qc.ca\/virginie-roy\/wp-json\/wp\/v2\/comments?post=482"}],"version-history":[{"count":0,"href":"https:\/\/csstl.gouv.qc.ca\/virginie-roy\/wp-json\/wp\/v2\/pages\/482\/revisions"}],"wp:attachment":[{"href":"https:\/\/csstl.gouv.qc.ca\/virginie-roy\/wp-json\/wp\/v2\/media?parent=482"}],"curies":[{"name":"wp","href":"https:\/\/api.w.org\/{rel}","templated":true}]}}