{"id":481,"date":"2019-06-18T13:48:46","date_gmt":"2019-06-18T18:48:46","guid":{"rendered":"http:\/\/cs3lacs.wpengine.com\/virginie-roy\/?page_id=481"},"modified":"2026-01-29T10:39:11","modified_gmt":"2026-01-29T15:39:11","slug":"service-de-garde","status":"publish","type":"page","link":"https:\/\/csstl.gouv.qc.ca\/virginie-roy\/service-de-garde\/","title":{"rendered":"Service de garde"},"content":{"rendered":"\n<p>Notre service de garde se d\u00e9finit comme un milieu vivant soutenu par une \u00e9quipe harmonieuse et professionnelle, qui offre des projets dynamiques et cr\u00e9atifs donnant le go\u00fbt de fr\u00e9quenter le service de garde.&nbsp;<\/p>\n\n\n\n<p>Bienvenue chez nous!<\/p>\n\n\n\n<p><strong>Katherine Bissonnette<\/strong><br>Technicienne responsable du service de garde<\/p>\n\n\n\n<p><\/p>\n\n\n\n<p><strong>\u00c9QUIPE DU SERVICE DE GARDE<\/strong> <br>Personnel \u00e9ducateur : <br>Maternelle : Mme Sylvie et Mme Jos\u00e9e <br>1re ann\u00e9e : Mme Nadia <br>2e ann\u00e9e : Mme<br>3e ann\u00e9e : Mme <br>4e ann\u00e9e : Mme <br>5e et 6e ann\u00e9e : Mme Nathalie<\/p>\n\n\n\n<p>Personnel surveillant:<br>1re et 2e ann\u00e9e: Mme Diane<br>2e et 3e ann\u00e9e : Mme Lise <br>5e et 6e ann\u00e9e : M Ahmed<\/p>\n\n\n\n<p><strong>POUR NOUS JOINDRE<\/strong><br>Katherine Bissonnette, technicienne responsable du service de garde<br>T\u00e9l\u00e9phone : 514-453 5441, poste 2650<br><br><\/p>\n","protected":false},"excerpt":{"rendered":"<p>Notre service de garde se d\u00e9finit comme un milieu vivant soutenu par une \u00e9quipe harmonieuse et professionnelle, qui offre des projets dynamiques et cr\u00e9atifs donnant le go\u00fbt de fr\u00e9quenter le service de garde.&nbsp; Bienvenue chez nous! Katherine BissonnetteTechnicienne responsable du service de garde \u00c9QUIPE DU SERVICE DE GARDE Personnel \u00e9ducateur : Maternelle : Mme Sylvie [&hellip;]<\/p>\n","protected":false},"author":2,"featured_media":0,"parent":0,"menu_order":0,"comment_status":"closed","ping_status":"closed","template":"","meta":{"_genesis_hide_title":false,"_genesis_hide_breadcrumbs":false,"_genesis_hide_singular_image":false,"_genesis_hide_footer_widgets":false,"_genesis_custom_body_class":"","_genesis_custom_post_class":"","_genesis_layout":"","footnotes":""},"class_list":{"0":"post-481","1":"page","2":"type-page","3":"status-publish","5":"entry"},"featured_image_src":null,"featured_image_src_square":null,"_links":{"self":[{"href":"https:\/\/csstl.gouv.qc.ca\/virginie-roy\/wp-json\/wp\/v2\/pages\/481","targetHints":{"allow":["GET"]}}],"collection":[{"href":"https:\/\/csstl.gouv.qc.ca\/virginie-roy\/wp-json\/wp\/v2\/pages"}],"about":[{"href":"https:\/\/csstl.gouv.qc.ca\/virginie-roy\/wp-json\/wp\/v2\/types\/page"}],"author":[{"embeddable":true,"href":"https:\/\/csstl.gouv.qc.ca\/virginie-roy\/wp-json\/wp\/v2\/users\/2"}],"replies":[{"embeddable":true,"href":"https:\/\/csstl.gouv.qc.ca\/virginie-roy\/wp-json\/wp\/v2\/comments?post=481"}],"version-history":[{"count":0,"href":"https:\/\/csstl.gouv.qc.ca\/virginie-roy\/wp-json\/wp\/v2\/pages\/481\/revisions"}],"wp:attachment":[{"href":"https:\/\/csstl.gouv.qc.ca\/virginie-roy\/wp-json\/wp\/v2\/media?parent=481"}],"curies":[{"name":"wp","href":"https:\/\/api.w.org\/{rel}","templated":true}]}}