{"id":10,"date":"2019-02-06T13:15:15","date_gmt":"2019-02-06T13:15:15","guid":{"rendered":"http:\/\/cs3lacs.wpengine.com\/virginie-roy\/?page_id=10"},"modified":"2026-01-29T10:47:59","modified_gmt":"2026-01-29T15:47:59","slug":"conseil-detablissement","status":"publish","type":"page","link":"https:\/\/csstl.gouv.qc.ca\/virginie-roy\/conseil-detablissement\/","title":{"rendered":"Conseil d&rsquo;\u00e9tablissement"},"content":{"rendered":"\n<p>Les rencontres auront lieu \u00e0 la salle R\u00e9jane Clermont, de 19h \u00e0 21h, aux dates ci-dessous indiqu\u00e9es.<br>Les proc\u00e8s-verbaux seront d\u00e9pos\u00e9s apr\u00e8s qu&rsquo;ils aient \u00e9t\u00e9 approuv\u00e9s par les membres du C\u00c9 lors de la rencontre suivante.<\/p>\n\n\n\n<h2 class=\"wp-block-heading\">Liste des membres et mandats<\/h2>\n\n\n\n<ul class=\"wp-block-list\">\n<li>Pr\u00e9sidente, <strong>Klaudia Quirion-St-Onge<\/strong>, mandat se terminant en juin 2025<\/li>\n\n\n\n<li>Repr\u00e9sentante des parents, <strong>Julie De Cubellis<\/strong>, mandat se terminant en juin 2025<\/li>\n\n\n\n<li>Repr\u00e9sentante des parents, <strong>Aziz Ly Abdoul<\/strong>, mandat se terminant en juin 2026<\/li>\n\n\n\n<li>Repr\u00e9sentante des parents, <strong>Mathieu Bluteau<\/strong>, mandat se terminant en juin 2026<\/li>\n\n\n\n<li>Repr\u00e9sentante des parents <strong>Klaudia Quirion-St-Onge<\/strong>, mandat se terminant en juin 2025<\/li>\n\n\n\n<li>Membre substitut, <strong>Jennifer Tayeh<\/strong><\/li>\n\n\n\n<li>Directrice, <strong>Chantal Cusson<\/strong><\/li>\n\n\n\n<li>Repr\u00e9sentante du personnel de soutien, <strong>Katherine Bissonnette<\/strong>, mandat se terminant en juin 2026<\/li>\n\n\n\n<li>Repr\u00e9sentante des enseignant-e-s, <strong>Sara Carlevaris<\/strong>, mandat se terminant en juin 2025<\/li>\n\n\n\n<li>Repr\u00e9sentante des enseignant-e-s,<strong> \u00c9milie Morin-Tremblay<\/strong>, mandat se terminant en juin 2025<\/li>\n\n\n\n<li>Repr\u00e9sentante des enseignant-e-s, <strong>Cynthia Gignac<\/strong>, mandat se terminant en juin 2025<\/li>\n\n\n\n<li>Repr\u00e9sentante des enseignant-e-s, <strong>Jos\u00e9e Cholette<\/strong>, mandant se terminant en juin 2025<\/li>\n\n\n\n<li>Repr\u00e9sentante des enseignant-e-s substitut, <strong>M\u00e9lanie Goyette<\/strong>, mandant se terminant en juin 2025<\/li>\n<\/ul>\n\n\n\n<p><\/p>\n\n\n\n<p><strong>Dates du conseil d&rsquo;\u00e9tablissement 2025-2026<\/strong><\/p>\n\n\n\n<p><a href=\"https:\/\/media.csstl.gouv.qc.ca\/wp-content\/uploads\/sites\/51\/2025\/09\/29082016\/Dates-des-rencontre-du-conseil-detablissement-VR-2025-2026-1.pdf\">Dates des rencontres du conseil detablissement-VR-2025-2026<\/a><\/p>\n\n\n\n<h2 class=\"wp-block-heading\">S\u00e9ances du conseil d&rsquo;\u00e9tablissement de l&rsquo;ann\u00e9e scolaire 2024-2025<\/h2>\n\n\n\n<ul class=\"wp-block-list\">\n<li>10 octobre 2024 | <a href=\"https:\/\/media.csstl.gouv.qc.ca\/wp-content\/uploads\/sites\/51\/2024\/10\/01135530\/ODJ_2024-10-10-1.pdf\">Ordre du jour<\/a><\/li>\n\n\n\n<li>12 novembre 2024 | <a href=\"https:\/\/media.csstl.gouv.qc.ca\/wp-content\/uploads\/sites\/51\/2024\/11\/13091206\/ODJ_2024-11-12-1.pdf\">Ordre du jour<\/a><\/li>\n<\/ul>\n\n\n\n<h4 class=\"wp-block-heading\"><strong>S\u00e9ances du conseil d&rsquo;\u00e9tablissement de l&rsquo;ann\u00e9e scolaire 2023-2024<\/strong><\/h4>\n\n\n\n<ul class=\"wp-block-list\">\n<li>11 octobre 2023  Ordre du jour | <a href=\"https:\/\/media.csstl.gouv.qc.ca\/wp-content\/uploads\/sites\/51\/2023\/12\/07083146\/PV_11-10-23_adoption-29-11-23.pdf\">Proc\u00e8s-verbal<\/a><\/li>\n\n\n\n<li>29 novembre 2023 | Ordre du jour | <a href=\"https:\/\/media.csstl.gouv.qc.ca\/wp-content\/uploads\/sites\/51\/2024\/01\/26114605\/PV_29-11-23_adopte.pdf\">Proc\u00e8s-verbal<\/a><\/li>\n\n\n\n<li>20 d\u00e9cembre 2023 | <a href=\"https:\/\/media.csstl.gouv.qc.ca\/wp-content\/uploads\/sites\/51\/2023\/12\/19093009\/ODJ_20-12-23.pdf\">Ordre du jour<\/a> | <a href=\"https:\/\/media.csstl.gouv.qc.ca\/wp-content\/uploads\/sites\/51\/2024\/01\/26114553\/PV_20-12-23_adopte.pdf\">Proc\u00e8s-verbal<\/a><\/li>\n\n\n\n<li>24 janvier 2024 | <a href=\"https:\/\/media.csstl.gouv.qc.ca\/wp-content\/uploads\/sites\/51\/2024\/01\/18111136\/ODJ_24-01-24.pdf\">Ordre du jour<\/a> | <a href=\"https:\/\/media.csstl.gouv.qc.ca\/wp-content\/uploads\/sites\/51\/2024\/04\/24074842\/PV_24-01-24_adopte.pdf\">Proc\u00e8s-verbal<\/a><\/li>\n\n\n\n<li>20 mars 2024 | <a href=\"https:\/\/media.csstl.gouv.qc.ca\/wp-content\/uploads\/sites\/51\/2024\/04\/24074836\/ODJ_20-03-24.pdf\">Ordre du jour<\/a> | <a href=\"https:\/\/media.csstl.gouv.qc.ca\/wp-content\/uploads\/sites\/51\/2024\/05\/13094930\/PV_20-03-24-adopte.pdf\">Proc\u00e8s-verbal<\/a><\/li>\n\n\n\n<li>24 avril 2024 | <a href=\"https:\/\/media.csstl.gouv.qc.ca\/wp-content\/uploads\/sites\/51\/2024\/04\/24074844\/ODJ_24-04-24.pdf\">Ordre du jour<\/a> | <a href=\"https:\/\/media.csstl.gouv.qc.ca\/wp-content\/uploads\/sites\/51\/2024\/05\/24071653\/PV_24-04-24_adopte.pdf\">Proc\u00e8s-verbal<\/a><\/li>\n\n\n\n<li>22 mai 2024 | <a href=\"https:\/\/media.csstl.gouv.qc.ca\/wp-content\/uploads\/sites\/51\/2024\/05\/24071702\/ODJ_22-05-24.pdf\">Ordre du jour<\/a> |<a href=\"https:\/\/media.csstl.gouv.qc.ca\/wp-content\/uploads\/sites\/51\/2024\/06\/13123506\/PV_22-05-24-adopte.pdf\"> Proc\u00e8s-verbal<\/a><\/li>\n\n\n\n<li>12 juin 2024 | <a href=\"https:\/\/media.csstl.gouv.qc.ca\/wp-content\/uploads\/sites\/51\/2024\/06\/13123503\/ODJ_12-06-2024.pdf\">Ordre du jour<\/a> | Proc\u00e8s-verbal<\/li>\n<\/ul>\n\n\n\n<p><strong>S\u00e9ances du conseil d&rsquo;\u00e9tablissement de l&rsquo;ann\u00e9e scolaire 2022-2023<\/strong><\/p>\n\n\n\n<ul class=\"wp-block-list\">\n<li>12 octobre 2022 | <a rel=\"noreferrer noopener\" href=\"https:\/\/media.csstl.gouv.qc.ca\/wp-content\/uploads\/sites\/51\/2022\/12\/05150818\/ODJ_12-10-22_002.pdf\" data-type=\"attachment\" data-id=\"1105\" target=\"_blank\">Ordre du jour<\/a> | <a rel=\"noreferrer noopener\" href=\"https:\/\/media.csstl.gouv.qc.ca\/wp-content\/uploads\/sites\/51\/2023\/01\/10101004\/PV-12-octobre-2022.pdf\" data-type=\"URL\" target=\"_blank\">Proc\u00e8s- verbal<\/a> |<\/li>\n\n\n\n<li>30 novembre 2022 | <a rel=\"noreferrer noopener\" href=\"https:\/\/media.csstl.gouv.qc.ca\/wp-content\/uploads\/sites\/51\/2023\/02\/21104903\/ODJ-30-11-22.pdf\" target=\"_blank\">Ordre du jour <\/a> | <a rel=\"noreferrer noopener\" href=\"https:\/\/media.csstl.gouv.qc.ca\/wp-content\/uploads\/sites\/51\/2023\/02\/21145427\/PV-30-novembre-2022.pdf\" target=\"_blank\">Proc\u00e8s-Verbal<\/a> |<\/li>\n\n\n\n<li>25 janvier 2023 | <a href=\"https:\/\/media.csstl.gouv.qc.ca\/wp-content\/uploads\/sites\/51\/2023\/04\/25085146\/ODJ-25-01-23-002.pdf\" data-type=\"attachment\" data-id=\"1160\">Ordre du jour<\/a> | <a href=\"https:\/\/media.csstl.gouv.qc.ca\/wp-content\/uploads\/sites\/51\/2023\/04\/25090406\/PV-25-janvier-2023-1.pdf\" data-type=\"attachment\" data-id=\"1163\">Proc\u00e8s-verbal <\/a>|<\/li>\n\n\n\n<li>23 mars 2023 | <a href=\"https:\/\/media.csstl.gouv.qc.ca\/wp-content\/uploads\/sites\/51\/2023\/04\/25092726\/ODJ-23-03-28.pdf\" data-type=\"attachment\" data-id=\"1166\">Ordre du jour<\/a> | <a href=\"https:\/\/media.csstl.gouv.qc.ca\/wp-content\/uploads\/sites\/51\/2023\/04\/25092721\/PV-29-mars-23.pdf\" data-type=\"attachment\" data-id=\"1165\">Proc\u00e8s-verbal<\/a> |<\/li>\n\n\n\n<li>26 avril 2023 | <a href=\"https:\/\/media.csstl.gouv.qc.ca\/wp-content\/uploads\/sites\/51\/2023\/04\/25093211\/ODJ-20-04-26.pdf\" data-type=\"attachment\" data-id=\"1167\">Ordre du jour <\/a>| <a href=\"https:\/\/media.csstl.gouv.qc.ca\/wp-content\/uploads\/sites\/51\/2023\/08\/24080929\/PV-26-avril-2023-a-approuver.pdf\" data-type=\"attachment\" data-id=\"1225\">Proc\u00e8s-verbal<\/a> |<\/li>\n\n\n\n<li>24 mai 2023 | <a href=\"https:\/\/media.csstl.gouv.qc.ca\/wp-content\/uploads\/sites\/51\/2023\/08\/24081003\/ODJ-23-05-24-1.pdf\" data-type=\"attachment\" data-id=\"1228\">Ordre du jour <\/a>| <a href=\"https:\/\/media.csstl.gouv.qc.ca\/wp-content\/uploads\/sites\/51\/2023\/08\/24084938\/PV-24-mai-23.pdf\" data-type=\"attachment\" data-id=\"1229\">Proc\u00e8s-verbal<\/a> |<\/li>\n\n\n\n<li>14 juin 2023 | <a href=\"https:\/\/media.csstl.gouv.qc.ca\/wp-content\/uploads\/sites\/51\/2023\/08\/24080952\/ODJ-23-06-14.pdf\" data-type=\"attachment\" data-id=\"1227\">Ordre du jour<\/a> | <a href=\"https:\/\/csstl.gouv.qc.ca\/virginie-roy\/wp-includes\/images\/media\/document.png\">Proc\u00e8s-verbal<\/a> |<\/li>\n<\/ul>\n\n\n\n<p class=\"has-medium-font-size\"><\/p>\n\n\n\n<h2 class=\"wp-block-heading\">Autres documents<\/h2>\n\n\n\n<ul class=\"wp-block-list\">\n<li><a href=\"https:\/\/media.csstl.gouv.qc.ca\/wp-content\/uploads\/sites\/51\/2022\/12\/06155234\/Rapport_annuel_2021-2022_2.pdf\" data-type=\"attachment\" data-id=\"1108\">Rapport annuel 2021-2022<\/a><\/li>\n\n\n\n<li><a href=\"https:\/\/media.csstl.gouv.qc.ca\/wp-content\/uploads\/sites\/51\/2023\/08\/24071804\/Rapport-annuel-2022-2023-SP-2.pdf\" data-type=\"attachment\" data-id=\"1221\">Rapport annuel 2022-2023<\/a><\/li>\n\n\n\n<li><a href=\"https:\/\/media.csstl.gouv.qc.ca\/wp-content\/uploads\/sites\/51\/2024\/08\/26103013\/Rapport-annuel-2023-2024.pdf\">Rapport annuel 2023-2024<\/a><\/li>\n\n\n\n<li><a href=\"https:\/\/media.csstl.gouv.qc.ca\/wp-content\/uploads\/sites\/51\/2025\/08\/27141212\/Rapport-annuel-2024-2025.pdf\">Rapport annuel 2024-2025<\/a><\/li>\n<\/ul>\n\n\n\n<h2 class=\"wp-block-heading\">Assembl\u00e9e g\u00e9n\u00e9rale<\/h2>\n\n\n\n<ul class=\"wp-block-list\">\n<li>7 septembre 2022  | <a href=\"https:\/\/media.csstl.gouv.qc.ca\/wp-content\/uploads\/sites\/51\/2023\/08\/24071829\/AG-PV-7-septembre-2022-revu-par-SP-2.pdf\" data-type=\"attachment\" data-id=\"1222\">Proc\u00e8s-verbal<\/a> |<\/li>\n\n\n\n<li>30 ao\u00fbt 2023 | <a href=\"https:\/\/media.csstl.gouv.qc.ca\/wp-content\/uploads\/sites\/51\/2023\/08\/24071716\/AG-ordre-du-jour-aout-2023.pdf\" data-type=\"attachment\" data-id=\"1220\">Ordre du jour <\/a> |<a href=\"https:\/\/media.csstl.gouv.qc.ca\/wp-content\/uploads\/sites\/51\/2023\/09\/07101725\/AG-PV-30-aout-2023.pdf\" data-type=\"attachment\" data-id=\"1233\"> Proc\u00e8s-verbal<\/a><\/li>\n\n\n\n<li>29 ao\u00fbt 2024 | <a href=\"https:\/\/media.csstl.gouv.qc.ca\/wp-content\/uploads\/sites\/51\/2024\/08\/26105052\/AG-ordre-du-jour-29-aout-2024-1.pdf\"> Ordre du jour <\/a><\/li>\n\n\n\n<li>30 ao\u00fbt 2024 |<a href=\"https:\/\/media.csstl.gouv.qc.ca\/wp-content\/uploads\/sites\/51\/2024\/09\/03100751\/AG-PV-30-aout-2023_Adopte-1.pdf\"> <\/a><a href=\"https:\/\/media.csstl.gouv.qc.ca\/wp-content\/uploads\/sites\/51\/2024\/09\/03101438\/AG-PV-30-aout-2023_Adopte-2.pdf\">Ordre du jour<\/a><\/li>\n<\/ul>\n\n\n\n<p><\/p>\n","protected":false},"excerpt":{"rendered":"<p>Les rencontres auront lieu \u00e0 la salle R\u00e9jane Clermont, de 19h \u00e0 21h, aux dates ci-dessous indiqu\u00e9es.Les proc\u00e8s-verbaux seront d\u00e9pos\u00e9s apr\u00e8s qu&rsquo;ils aient \u00e9t\u00e9 approuv\u00e9s par les membres du C\u00c9 lors de la rencontre suivante. Liste des membres et mandats Dates du conseil d&rsquo;\u00e9tablissement 2025-2026 Dates des rencontres du conseil detablissement-VR-2025-2026 S\u00e9ances du conseil d&rsquo;\u00e9tablissement [&hellip;]<\/p>\n","protected":false},"author":2,"featured_media":0,"parent":0,"menu_order":11,"comment_status":"closed","ping_status":"closed","template":"","meta":{"_genesis_hide_title":false,"_genesis_hide_breadcrumbs":false,"_genesis_hide_singular_image":false,"_genesis_hide_footer_widgets":false,"_genesis_custom_body_class":"","_genesis_custom_post_class":"","_genesis_layout":"","footnotes":""},"class_list":{"0":"post-10","1":"page","2":"type-page","3":"status-publish","5":"entry"},"featured_image_src":null,"featured_image_src_square":null,"_links":{"self":[{"href":"https:\/\/csstl.gouv.qc.ca\/virginie-roy\/wp-json\/wp\/v2\/pages\/10","targetHints":{"allow":["GET"]}}],"collection":[{"href":"https:\/\/csstl.gouv.qc.ca\/virginie-roy\/wp-json\/wp\/v2\/pages"}],"about":[{"href":"https:\/\/csstl.gouv.qc.ca\/virginie-roy\/wp-json\/wp\/v2\/types\/page"}],"author":[{"embeddable":true,"href":"https:\/\/csstl.gouv.qc.ca\/virginie-roy\/wp-json\/wp\/v2\/users\/2"}],"replies":[{"embeddable":true,"href":"https:\/\/csstl.gouv.qc.ca\/virginie-roy\/wp-json\/wp\/v2\/comments?post=10"}],"version-history":[{"count":0,"href":"https:\/\/csstl.gouv.qc.ca\/virginie-roy\/wp-json\/wp\/v2\/pages\/10\/revisions"}],"wp:attachment":[{"href":"https:\/\/csstl.gouv.qc.ca\/virginie-roy\/wp-json\/wp\/v2\/media?parent=10"}],"curies":[{"name":"wp","href":"https:\/\/api.w.org\/{rel}","templated":true}]}}