{"id":746,"date":"2019-11-28T14:55:59","date_gmt":"2019-11-28T19:55:59","guid":{"rendered":"https:\/\/cs3lacs.wpengine.com\/val-des-pres\/?page_id=746"},"modified":"2022-12-05T12:01:05","modified_gmt":"2022-12-05T17:01:05","slug":"portrait","status":"publish","type":"page","link":"https:\/\/csstl.gouv.qc.ca\/val-des-pres\/portrait\/","title":{"rendered":"Portrait"},"content":{"rendered":"\n<p>L\u2019\u00e9cole du Val-des-Pr\u00e9s est constitu\u00e9e de trois \u00e9tablissements regroupant des \u00e9l\u00e8ves provenant de trois municipalit\u00e9s.<\/p>\n\n\n\n<p>Malgr\u00e9 la distance qui les s\u00e9pare, tout est fait pour que l\u2019\u00e9l\u00e8ve chemine dans un environnement stimulant, harmonieux et s\u00e9curisant.<\/p>\n\n\n\n<p>Dans les trois \u00e9tablissements, la lecture et l\u2019\u00e9criture constituent une priorit\u00e9. L\u2019\u00e9quipe du Val-des-Pr\u00e9s a un grand souci d\u2019harmoniser ses pratiques dans le but de soutenir l\u2019apprentissage des \u00e9l\u00e8ves d\u2019un niveau \u00e0 l\u2019autre, d\u2019un cycle \u00e0 l\u2019autre, d\u2019un \u00e9tablissement \u00e0 l\u2019autre. Les \u00e9l\u00e8ves peuvent ainsi consolider leur comp\u00e9tence en fran\u00e7ais qui constitue l\u2019assise de tous les apprentissages \u00e0 l\u2019\u00e9cole et dans la vie.<\/p>\n\n\n\n<p>Afin de favoriser la r\u00e9ussite et le d\u00e9veloppement int\u00e9gral de chacun, l\u2019\u00e9quipe du Val-des-Pr\u00e9s croit \u00e9galement \u00e0 l\u2019importance d\u2019un solide partenariat \u00e9cole-famille. Cela signifie que nous souhaitons accentuer les rencontres, les actions et les \u00e9changes o\u00f9 l\u2019\u00e9quipe-\u00e9cole collabore avec les parents pour agir de fa\u00e7on concert\u00e9e au service de la r\u00e9ussite.<\/p>\n\n\n\n<p>Apr\u00e8s avoir fait le bilan de nos principales forces et nos principaux d\u00e9fis, nous avons la conviction que l\u2019harmonisation de nos pratiques entre les \u00e9tablissements ainsi que le partenariat \u00e9cole-famille sont des leviers essentiels pour soutenir le d\u00e9veloppement de nos \u00e9l\u00e8ves. Ces orientations seront au c\u0153ur de nos r\u00e9flexions et de nos actions individuelles et collectives des cinq prochaines ann\u00e9es.<\/p>\n\n\n\n<p>L\u2019\u00e9quipe du Val-des-Pr\u00e9s et la direction<\/p>\n\n\n\n<h2 class=\"wp-block-heading\">Un peu d&rsquo;histoire<\/h2>\n\n\n\n\t\t<div class=\"wppdfemb-frame-container-1\" style=\"-webkit-overflow-scrolling:auto;\">\n\t\t\t<iframe class=\"pdfembed-iframe nonfullscreen wppdf-emb-iframe-1\"\n\t\t\t\tsrc=\"https:\/\/csstl.gouv.qc.ca\/val-des-pres\/?pdfemb-data=eyJwZGZJRCI6MTE0NCwidXJsIjoiaHR0cHM6XC9cL21lZGlhLmNzc3RsLmdvdXYucWMuY2FcL3dwLWNvbnRlbnRcL3VwbG9hZHNcL3NpdGVzXC8zMFwvMjAyMlwvMTFcLzMwMTUwNjI1XC9IaXN0b2lyZS1kZXMtMy1wYXZpbGxvbnMucGRmIiwiaW5kZXgiOjEsIndtX3RleHQiOiIifQ\"\n\t\t\t\t\t\t\t\tdata-pdf-id=\"1144\"\n\t\t\t\tdata-pdf-index=\"1\"\n\t\t\t\tstyle=\"border:none;width:100%;max-width:100%;height:100vh;\"\n\t\t\t\tscrolling=\"yes\">\n\t\t\t<\/iframe>\n\t\t<\/div>\n\n\t\t\n<p class=\"wp-block-pdfemb-pdf-embedder-viewer\"><\/p>\n","protected":false},"excerpt":{"rendered":"<p>L\u2019\u00e9cole du Val-des-Pr\u00e9s est constitu\u00e9e de trois \u00e9tablissements regroupant des \u00e9l\u00e8ves provenant de trois municipalit\u00e9s. Malgr\u00e9 la distance qui les s\u00e9pare, tout est fait pour que l\u2019\u00e9l\u00e8ve chemine dans un environnement stimulant, harmonieux et s\u00e9curisant. Dans les trois \u00e9tablissements, la lecture et l\u2019\u00e9criture constituent une priorit\u00e9. L\u2019\u00e9quipe du Val-des-Pr\u00e9s a un grand souci d\u2019harmoniser ses [&hellip;]<\/p>\n","protected":false},"author":4,"featured_media":0,"parent":0,"menu_order":0,"comment_status":"closed","ping_status":"closed","template":"","meta":{"_genesis_hide_title":false,"_genesis_hide_breadcrumbs":false,"_genesis_hide_singular_image":false,"_genesis_hide_footer_widgets":false,"_genesis_custom_body_class":"","_genesis_custom_post_class":"","_genesis_layout":"","footnotes":""},"class_list":{"0":"post-746","1":"page","2":"type-page","3":"status-publish","5":"entry"},"featured_image_src":null,"featured_image_src_square":null,"_links":{"self":[{"href":"https:\/\/csstl.gouv.qc.ca\/val-des-pres\/wp-json\/wp\/v2\/pages\/746","targetHints":{"allow":["GET"]}}],"collection":[{"href":"https:\/\/csstl.gouv.qc.ca\/val-des-pres\/wp-json\/wp\/v2\/pages"}],"about":[{"href":"https:\/\/csstl.gouv.qc.ca\/val-des-pres\/wp-json\/wp\/v2\/types\/page"}],"author":[{"embeddable":true,"href":"https:\/\/csstl.gouv.qc.ca\/val-des-pres\/wp-json\/wp\/v2\/users\/4"}],"replies":[{"embeddable":true,"href":"https:\/\/csstl.gouv.qc.ca\/val-des-pres\/wp-json\/wp\/v2\/comments?post=746"}],"version-history":[{"count":0,"href":"https:\/\/csstl.gouv.qc.ca\/val-des-pres\/wp-json\/wp\/v2\/pages\/746\/revisions"}],"wp:attachment":[{"href":"https:\/\/csstl.gouv.qc.ca\/val-des-pres\/wp-json\/wp\/v2\/media?parent=746"}],"curies":[{"name":"wp","href":"https:\/\/api.w.org\/{rel}","templated":true}]}}