{"id":742,"date":"2019-11-28T14:51:45","date_gmt":"2019-11-28T19:51:45","guid":{"rendered":"https:\/\/cs3lacs.wpengine.com\/val-des-pres\/?page_id=742"},"modified":"2026-04-02T06:57:34","modified_gmt":"2026-04-02T11:57:34","slug":"documents-liens-utiles","status":"publish","type":"page","link":"https:\/\/csstl.gouv.qc.ca\/val-des-pres\/documents-liens-utiles\/","title":{"rendered":"Documents et liens utiles"},"content":{"rendered":"\n<h2 class=\"wp-block-heading\">Info-Parents 2025-2026<\/h2>\n\n\n\n<ul class=\"wp-block-list\">\n<li><a href=\"https:\/\/media.csstl.gouv.qc.ca\/wp-content\/uploads\/sites\/30\/2025\/08\/20073131\/RAPPEL-Lettre-ass.-generale-25-26.pdf\" data-type=\"attachment\" data-id=\"1428\">Invitation \u00e0 l&rsquo;Assembl\u00e9e g\u00e9n\u00e9rale des parents 25-26<\/a><\/li>\n\n\n\n<li><a href=\"https:\/\/media.csstl.gouv.qc.ca\/wp-content\/uploads\/sites\/30\/2025\/11\/04144149\/Info-parents-septembre-2025.pdf\" data-type=\"attachment\" data-id=\"1453\">Septembre 2025<\/a><\/li>\n\n\n\n<li><a href=\"https:\/\/media.csstl.gouv.qc.ca\/wp-content\/uploads\/sites\/30\/2025\/11\/04144147\/Info-parents-octobre-2025.pdf\" data-type=\"attachment\" data-id=\"1452\">Octobre 2025<\/a><\/li>\n\n\n\n<li><a href=\"https:\/\/media.csstl.gouv.qc.ca\/wp-content\/uploads\/sites\/30\/2025\/11\/04144143\/Info-parents-novembre-2025.pdf\" data-type=\"attachment\" data-id=\"1451\">Novembre 2025<\/a><\/li>\n\n\n\n<li><a href=\"https:\/\/media.csstl.gouv.qc.ca\/wp-content\/uploads\/sites\/30\/2026\/04\/02065500\/Info-Parents-Decembre-2025.pdf\" data-type=\"attachment\" data-id=\"1465\">D\u00e9cembre 2025<\/a><\/li>\n\n\n\n<li><a href=\"https:\/\/media.csstl.gouv.qc.ca\/wp-content\/uploads\/sites\/30\/2026\/04\/02065458\/Info-Parents-Janvier-2026.pdf\" data-type=\"attachment\" data-id=\"1464\">Janvier 2026<\/a><\/li>\n\n\n\n<li><a href=\"https:\/\/media.csstl.gouv.qc.ca\/wp-content\/uploads\/sites\/30\/2026\/04\/02065456\/Info-Parents-Fevrier-2026.pdf\" data-type=\"attachment\" data-id=\"1463\">F\u00e9vrier 2026<\/a><\/li>\n\n\n\n<li><a href=\"https:\/\/media.csstl.gouv.qc.ca\/wp-content\/uploads\/sites\/30\/2026\/04\/02065424\/Info-Parents-Mars-2026.pdf\" data-type=\"attachment\" data-id=\"1461\">Mars 2026<\/a><\/li>\n\n\n\n<li><a href=\"https:\/\/media.csstl.gouv.qc.ca\/wp-content\/uploads\/sites\/30\/2026\/04\/02065427\/Info-Parents-Avril-2026.pdf\" data-type=\"attachment\" data-id=\"1462\">Avril 2026<\/a><\/li>\n\n\n\n<li>Mai 2026<\/li>\n\n\n\n<li>Juin 2026<\/li>\n\n\n\n<li>Fin d&rsquo;ann\u00e9e scolaire 25-26<\/li>\n<\/ul>\n\n\n\n<h2 class=\"wp-block-heading\">Calendrier scolaire du Val-des-Pr\u00e9s 2025-2026<\/h2>\n\n\n\n<ul class=\"wp-block-list\">\n<li><a href=\"https:\/\/media.csstl.gouv.qc.ca\/wp-content\/uploads\/sites\/30\/2025\/08\/20073352\/Calendrier-scolaire-2025-2026-eleves.pdf\" data-type=\"attachment\" data-id=\"1430\">Calendrier avec semaine A et B<\/a><\/li>\n<\/ul>\n\n\n\n<h2 class=\"wp-block-heading\">Principes g\u00e9n\u00e9raux de la planification des \u00e9valuations 25-26<\/h2>\n\n\n\n<ul class=\"wp-block-list\">\n<li><a href=\"https:\/\/media.csstl.gouv.qc.ca\/wp-content\/uploads\/sites\/30\/2025\/11\/04143759\/Prescolaire-Document-destine-aux-parents-25-26.pdf\" data-type=\"attachment\" data-id=\"1450\">Pr\u00e9scolaire<\/a><\/li>\n\n\n\n<li><a href=\"https:\/\/media.csstl.gouv.qc.ca\/wp-content\/uploads\/sites\/30\/2025\/11\/04143753\/1er-cycle-Document-destine-aux-parents-25-26.pdf\" data-type=\"attachment\" data-id=\"1447\">1er cycle<\/a> (1re et 2e ann\u00e9e)<\/li>\n\n\n\n<li><a href=\"https:\/\/media.csstl.gouv.qc.ca\/wp-content\/uploads\/sites\/30\/2025\/11\/04143755\/2e-cycle-Document-destine-aux-parents-25-26.pdf\" data-type=\"attachment\" data-id=\"1448\">2e cycle<\/a> (3e et 4e ann\u00e9e)<\/li>\n\n\n\n<li><a href=\"https:\/\/media.csstl.gouv.qc.ca\/wp-content\/uploads\/sites\/30\/2025\/11\/04143757\/3e-cycle-Document-destine-aux-parents-25-26.pdf\" data-type=\"attachment\" data-id=\"1449\">3e cycle<\/a> (5e et 6e ann\u00e9e)<\/li>\n<\/ul>\n\n\n\n<h2 class=\"wp-block-heading\">Formulaires<\/h2>\n\n\n\n<ul class=\"wp-block-list\">\n<li><a href=\"https:\/\/media.csstl.gouv.qc.ca\/wp-content\/uploads\/sites\/30\/2024\/07\/18104129\/Autorisation-medicament-24-25-1.pdf\" data-type=\"attachment\" data-id=\"1324\">Autorisation de distribuer un m\u00e9dicament prescrit<\/a><\/li>\n\n\n\n<li><a href=\"https:\/\/media.csstl.gouv.qc.ca\/wp-content\/uploads\/sites\/30\/2025\/08\/20072709\/Inscription-SDG-25-26.pdf\" data-type=\"attachment\" data-id=\"1425\">Inscription service de garde 2025-2026<\/a><\/li>\n\n\n\n<li><a href=\"https:\/\/media.csstl.gouv.qc.ca\/wp-content\/uploads\/sites\/30\/2025\/08\/20075825\/Formulaire-autorisation-prise-de-limage.pdf\" data-type=\"attachment\" data-id=\"1433\">Autorisation prise d&rsquo;image, de la voix ou de mat\u00e9riel (CSSTL)<\/a><\/li>\n<\/ul>\n\n\n\n<h2 class=\"wp-block-heading\">Documents d&rsquo;informations<\/h2>\n\n\n\n<ul class=\"wp-block-list\">\n<li><a href=\"https:\/\/media.csstl.gouv.qc.ca\/wp-content\/uploads\/sites\/30\/2025\/08\/20073127\/Informations-transport-scolaire-CSSTL-25-26.pdf\" data-type=\"attachment\" data-id=\"1427\">Informations au transport scolaire &#8211; CSSTL<\/a><\/li>\n\n\n\n<li><a href=\"https:\/\/media.csstl.gouv.qc.ca\/wp-content\/uploads\/sites\/30\/2024\/07\/18104952\/alimentaires-lettre-parent.pdf\" data-type=\"attachment\" data-id=\"1328\">Allergies alimentaires<\/a><\/li>\n\n\n\n<li><a href=\"https:\/\/media.csstl.gouv.qc.ca\/wp-content\/uploads\/sites\/30\/2024\/07\/18104958\/Maladies-infectieuses.pdf\" data-type=\"attachment\" data-id=\"1330\">Les maladies infectieuses en milieu scolaire<\/a><\/li>\n\n\n\n<li><a href=\"https:\/\/media.csstl.gouv.qc.ca\/wp-content\/uploads\/sites\/30\/2023\/09\/22073749\/Guide-poux.pdf\" data-type=\"attachment\" data-id=\"1264\">P\u00e9diculose (Poux)<\/a><\/li>\n<\/ul>\n\n\n\n<h2 class=\"wp-block-heading\">Moza\u00efk-Portail Parents<\/h2>\n\n\n\n<p>Vous pouvez d\u00e8s maintenant acc\u00e9der au Moza\u00efk-Portail Parents qui vous donne acc\u00e8s \u00e0 plusieurs informations sur vos enfants. Vous y trouverez, entres autres,&nbsp;les bulletins scolaires&nbsp;qui ne sont plus imprim\u00e9s \u00e0 l&rsquo;\u00e9cole dor\u00e9navant.<\/p>\n\n\n\n<p><strong><em>Nous pr\u00e9cisons que, m\u00eame s&rsquo;il est propos\u00e9 d&rsquo;utiliser un compte de m\u00e9dia social, si votre adresse courriel associ\u00e9e au compte n&rsquo;est pas la m\u00eame que celle donn\u00e9e \u00e0 l&rsquo;\u00e9cole, il ne vous sera pas possible d&rsquo;acc\u00e9der au portail de vos enfants.<\/em><\/strong> <\/p>\n\n\n\n<p>Voici un document explicatif pour y acc\u00e9der et obtenir les informations souhait\u00e9es :<\/p>\n\n\n\n<ul class=\"wp-block-list\">\n<li><a href=\"https:\/\/media.csstl.gouv.qc.ca\/wp-content\/uploads\/sites\/30\/2024\/07\/18104624\/Guide-Mozaik-Portail-parents-24-25.pdf\" data-type=\"attachment\" data-id=\"1327\">Guide Mozaik-portail Parents<\/a><\/li>\n\n\n\n<li><a href=\"https:\/\/media.csstl.gouv.qc.ca\/wp-content\/uploads\/sites\/30\/2022\/11\/25151145\/Procedure_paiement_Internet-Mozaik.pdf\" target=\"_blank\" rel=\"noreferrer noopener\">Proc\u00e9dure pour le paiement des factures par internet via les institutions bancaires<\/a><\/li>\n\n\n\n<li><a href=\"https:\/\/media.csstl.gouv.qc.ca\/wp-content\/uploads\/sites\/30\/2022\/11\/25151203\/Codes_derreur_Mozaik_portail.pdf\" target=\"_blank\" rel=\"noreferrer noopener\">Aide sur les erreurs possibles du portail<\/a><\/li>\n<\/ul>\n\n\n\n<p><\/p>\n","protected":false},"excerpt":{"rendered":"<p>Info-Parents 2025-2026 Calendrier scolaire du Val-des-Pr\u00e9s 2025-2026 Principes g\u00e9n\u00e9raux de la planification des \u00e9valuations 25-26 Formulaires Documents d&rsquo;informations Moza\u00efk-Portail Parents Vous pouvez d\u00e8s maintenant acc\u00e9der au Moza\u00efk-Portail Parents qui vous donne acc\u00e8s \u00e0 plusieurs informations sur vos enfants. Vous y trouverez, entres autres,&nbsp;les bulletins scolaires&nbsp;qui ne sont plus imprim\u00e9s \u00e0 l&rsquo;\u00e9cole dor\u00e9navant. Nous pr\u00e9cisons que, [&hellip;]<\/p>\n","protected":false},"author":4,"featured_media":0,"parent":0,"menu_order":0,"comment_status":"closed","ping_status":"closed","template":"","meta":{"_genesis_hide_title":false,"_genesis_hide_breadcrumbs":false,"_genesis_hide_singular_image":false,"_genesis_hide_footer_widgets":false,"_genesis_custom_body_class":"","_genesis_custom_post_class":"","_genesis_layout":"","footnotes":""},"class_list":{"0":"post-742","1":"page","2":"type-page","3":"status-publish","5":"entry"},"featured_image_src":null,"featured_image_src_square":null,"_links":{"self":[{"href":"https:\/\/csstl.gouv.qc.ca\/val-des-pres\/wp-json\/wp\/v2\/pages\/742","targetHints":{"allow":["GET"]}}],"collection":[{"href":"https:\/\/csstl.gouv.qc.ca\/val-des-pres\/wp-json\/wp\/v2\/pages"}],"about":[{"href":"https:\/\/csstl.gouv.qc.ca\/val-des-pres\/wp-json\/wp\/v2\/types\/page"}],"author":[{"embeddable":true,"href":"https:\/\/csstl.gouv.qc.ca\/val-des-pres\/wp-json\/wp\/v2\/users\/4"}],"replies":[{"embeddable":true,"href":"https:\/\/csstl.gouv.qc.ca\/val-des-pres\/wp-json\/wp\/v2\/comments?post=742"}],"version-history":[{"count":0,"href":"https:\/\/csstl.gouv.qc.ca\/val-des-pres\/wp-json\/wp\/v2\/pages\/742\/revisions"}],"wp:attachment":[{"href":"https:\/\/csstl.gouv.qc.ca\/val-des-pres\/wp-json\/wp\/v2\/media?parent=742"}],"curies":[{"name":"wp","href":"https:\/\/api.w.org\/{rel}","templated":true}]}}