{"id":482,"date":"2019-06-18T13:49:24","date_gmt":"2019-06-18T18:49:24","guid":{"rendered":"http:\/\/cs3lacs.wpengine.com\/val-des-pres\/?page_id=482"},"modified":"2025-08-26T18:29:36","modified_gmt":"2025-08-26T23:29:36","slug":"service-alimentaire","status":"publish","type":"page","link":"https:\/\/csstl.gouv.qc.ca\/val-des-pres\/service-alimentaire\/","title":{"rendered":"Service alimentaire"},"content":{"rendered":"\n<p>Le service de traiteur LSA offre le service de livraison de repas chauds du lundi au jeudi. <\/p>\n\n\n\n<p>Pour plus d&rsquo;informations, consultez les documents ci-bas.<\/p>\n\n\n\n<p><a href=\"https:\/\/media.csstl.gouv.qc.ca\/wp-content\/uploads\/sites\/30\/2025\/08\/26173038\/Lancement_Site-de-commande-Ma-solution-repas_CSSTL.pdf\" data-type=\"attachment\" data-id=\"1436\">Pr\u00e9sentation<\/a><\/p>\n\n\n\n<p><a href=\"https:\/\/media.csstl.gouv.qc.ca\/wp-content\/uploads\/sites\/30\/2025\/08\/26173035\/Instructions-de-commandes-CSSTL.pdf\" data-type=\"attachment\" data-id=\"1435\">Instructions cr\u00e9ation compte et commandes<\/a><\/p>\n\n\n\n<p><a href=\"https:\/\/media.csstl.gouv.qc.ca\/wp-content\/uploads\/sites\/30\/2025\/08\/26173041\/Menu-2025-2026_CSSTL_ecoles-primaires.pdf\" data-type=\"attachment\" data-id=\"1437\">Menu 2025-2026<\/a><\/p>\n\n\n\n<p>*** Prendre note qu&rsquo;il est de la responsabilit\u00e9 du parent d&rsquo;annuler la livraison de repas chauds lors d&rsquo;absence ou de sortie scolaire.<\/p>\n\n\n\n<p><\/p>\n\n\n\n<p><\/p>\n","protected":false},"excerpt":{"rendered":"<p>Le service de traiteur LSA offre le service de livraison de repas chauds du lundi au jeudi. Pour plus d&rsquo;informations, consultez les documents ci-bas. Pr\u00e9sentation Instructions cr\u00e9ation compte et commandes Menu 2025-2026 *** Prendre note qu&rsquo;il est de la responsabilit\u00e9 du parent d&rsquo;annuler la livraison de repas chauds lors d&rsquo;absence ou de sortie scolaire.<\/p>\n","protected":false},"author":2,"featured_media":0,"parent":0,"menu_order":0,"comment_status":"closed","ping_status":"closed","template":"","meta":{"_genesis_hide_title":false,"_genesis_hide_breadcrumbs":false,"_genesis_hide_singular_image":false,"_genesis_hide_footer_widgets":false,"_genesis_custom_body_class":"","_genesis_custom_post_class":"","_genesis_layout":"","footnotes":""},"class_list":{"0":"post-482","1":"page","2":"type-page","3":"status-publish","5":"entry"},"featured_image_src":null,"featured_image_src_square":null,"_links":{"self":[{"href":"https:\/\/csstl.gouv.qc.ca\/val-des-pres\/wp-json\/wp\/v2\/pages\/482","targetHints":{"allow":["GET"]}}],"collection":[{"href":"https:\/\/csstl.gouv.qc.ca\/val-des-pres\/wp-json\/wp\/v2\/pages"}],"about":[{"href":"https:\/\/csstl.gouv.qc.ca\/val-des-pres\/wp-json\/wp\/v2\/types\/page"}],"author":[{"embeddable":true,"href":"https:\/\/csstl.gouv.qc.ca\/val-des-pres\/wp-json\/wp\/v2\/users\/2"}],"replies":[{"embeddable":true,"href":"https:\/\/csstl.gouv.qc.ca\/val-des-pres\/wp-json\/wp\/v2\/comments?post=482"}],"version-history":[{"count":0,"href":"https:\/\/csstl.gouv.qc.ca\/val-des-pres\/wp-json\/wp\/v2\/pages\/482\/revisions"}],"wp:attachment":[{"href":"https:\/\/csstl.gouv.qc.ca\/val-des-pres\/wp-json\/wp\/v2\/media?parent=482"}],"curies":[{"name":"wp","href":"https:\/\/api.w.org\/{rel}","templated":true}]}}