{"id":921,"date":"2022-05-25T08:03:29","date_gmt":"2022-05-25T13:03:29","guid":{"rendered":"https:\/\/cs3lacs.wpengine.com\/soulanges\/?page_id=921"},"modified":"2025-02-25T10:51:57","modified_gmt":"2025-02-25T15:51:57","slug":"projet-educatif","status":"publish","type":"page","link":"https:\/\/csstl.gouv.qc.ca\/soulanges\/projet-educatif\/","title":{"rendered":"Projet \u00e9ducatif"},"content":{"rendered":"\n<p>Vous retrouverez ci-dessous le Projet \u00e9ducatif 2024-2027 de l\u2019\u00e9cole secondaire Soulanges ainsi que le plan d\u2019action pour l\u2019ann\u00e9e 2023-2024.<\/p>\n\n\n\n<ul class=\"wp-block-list\">\n<li><a href=\"https:\/\/media.csstl.gouv.qc.ca\/wp-content\/uploads\/sites\/53\/2025\/02\/25105048\/Projet-educatif-Soulanges-24-27.pdf\">Projet \u00e9ducatif 2024-2027<\/a><\/li>\n\n\n\n<li><a href=\"https:\/\/media.csstl.gouv.qc.ca\/wp-content\/uploads\/sites\/53\/2025\/01\/20133731\/Projet-educatif-24-27-resume.pdf\">Projet \u00e9ducatif 2024-2027 (r\u00e9sum\u00e9)<\/a><\/li>\n\n\n\n<li><a href=\"https:\/\/media.csstl.gouv.qc.ca\/wp-content\/uploads\/sites\/53\/2025\/01\/20133727\/Les-valeurs-Projet-educatif-24-27-Ecole-secondaire-Soulanges.pdf\">Nos valeurs<\/a><\/li>\n\n\n\n<li><a href=\"https:\/\/media.csstl.gouv.qc.ca\/wp-content\/uploads\/sites\/53\/2024\/04\/25125945\/Plan-daction-PE-Soulanges-23-24.pdf\" data-type=\"link\" data-id=\"https:\/\/media.csstl.gouv.qc.ca\/wp-content\/uploads\/sites\/53\/2024\/04\/25125945\/Plan-daction-PE-Soulanges-23-24.pdf\" target=\"_blank\" rel=\"noreferrer noopener\">Plan d\u2019action 2023-2024<\/a><\/li>\n<\/ul>\n\n\n\n<p><\/p>\n","protected":false},"excerpt":{"rendered":"<p>Vous retrouverez ci-dessous le Projet \u00e9ducatif 2024-2027 de l\u2019\u00e9cole secondaire Soulanges ainsi que le plan d\u2019action pour l\u2019ann\u00e9e 2023-2024.<\/p>\n","protected":false},"author":4,"featured_media":0,"parent":0,"menu_order":0,"comment_status":"closed","ping_status":"closed","template":"","meta":{"_genesis_hide_title":false,"_genesis_hide_breadcrumbs":false,"_genesis_hide_singular_image":false,"_genesis_hide_footer_widgets":false,"_genesis_custom_body_class":"","_genesis_custom_post_class":"","_genesis_layout":"","footnotes":""},"class_list":{"0":"post-921","1":"page","2":"type-page","3":"status-publish","5":"entry"},"featured_image_src":null,"featured_image_src_square":null,"_links":{"self":[{"href":"https:\/\/csstl.gouv.qc.ca\/soulanges\/wp-json\/wp\/v2\/pages\/921","targetHints":{"allow":["GET"]}}],"collection":[{"href":"https:\/\/csstl.gouv.qc.ca\/soulanges\/wp-json\/wp\/v2\/pages"}],"about":[{"href":"https:\/\/csstl.gouv.qc.ca\/soulanges\/wp-json\/wp\/v2\/types\/page"}],"author":[{"embeddable":true,"href":"https:\/\/csstl.gouv.qc.ca\/soulanges\/wp-json\/wp\/v2\/users\/4"}],"replies":[{"embeddable":true,"href":"https:\/\/csstl.gouv.qc.ca\/soulanges\/wp-json\/wp\/v2\/comments?post=921"}],"version-history":[{"count":0,"href":"https:\/\/csstl.gouv.qc.ca\/soulanges\/wp-json\/wp\/v2\/pages\/921\/revisions"}],"wp:attachment":[{"href":"https:\/\/csstl.gouv.qc.ca\/soulanges\/wp-json\/wp\/v2\/media?parent=921"}],"curies":[{"name":"wp","href":"https:\/\/api.w.org\/{rel}","templated":true}]}}