{"id":904,"date":"2022-05-24T14:49:52","date_gmt":"2022-05-24T19:49:52","guid":{"rendered":"https:\/\/cs3lacs.wpengine.com\/soulanges\/?page_id=904"},"modified":"2025-12-18T16:26:30","modified_gmt":"2025-12-18T21:26:30","slug":"programmes","status":"publish","type":"page","link":"https:\/\/csstl.gouv.qc.ca\/soulanges\/programmes\/","title":{"rendered":"Programmes"},"content":{"rendered":"\n<p>Vous trouverez ci-dessous tous les renseignements pertinents aux programmes offerts de la 1<sup>re<\/sup>&nbsp;\u00e0 la 5<sup>e<\/sup>&nbsp;ann\u00e9e du secondaire.  Vous \u00eates \u00e9galement invit\u00e9s \u00e0 consulter la <a href=\"https:\/\/media.csstl.gouv.qc.ca\/wp-content\/uploads\/sites\/53\/2024\/02\/15145338\/GM-2024-2025.pdf\" target=\"_blank\" rel=\"noreferrer noopener\">grille-mati\u00e8res<\/a> pour l\u2019ann\u00e9e 2024-2025.<\/p>\n\n\n\n<p>Les programmes et champs d&rsquo;int\u00e9r\u00eat propos\u00e9s&nbsp;:<\/p>\n\n\n\n<p>1<sup>er<\/sup> cycle&nbsp;:<\/p>\n\n\n\n<p><strong><a href=\"https:\/\/media.csstl.gouv.qc.ca\/wp-content\/uploads\/sites\/53\/2025\/12\/18162435\/2026-2027-Le-programme-Horizon-360.pdf\" data-type=\"attachment\" data-id=\"1440\" target=\"_blank\" rel=\"noreferrer noopener\">Horizon 360<\/a><\/strong>\u00a0: Un programme qui propose un enrichissement p\u00e9dagogique dans l\u2019ensemble des mati\u00e8res, une ouverture sur le monde et un d\u00e9sir de s\u2019impliquer dans la communaut\u00e9. Il n\u2019y a pas de test de s\u00e9lection pour ce programme, cependant lors du processus de s\u00e9lection, la direction d\u2019\u00e9cole collaborera avec l\u2019\u00e9cole primaire afin d\u2019\u00e9tablir le profil des \u00e9l\u00e8ves int\u00e9ress\u00e9s. Pour en savoir plus, veuillez consulter le d\u00e9pliant concernant le Programme Horizon 360.<\/p>\n\n\n\n<p><strong><a href=\"https:\/\/media.csstl.gouv.qc.ca\/wp-content\/uploads\/sites\/53\/2025\/12\/12155848\/2026-2027-Exploration.pdf\" data-type=\"attachment\" data-id=\"1430\" target=\"_blank\" rel=\"noreferrer noopener\">Exploration<\/a><\/strong>&nbsp;: Les groupes d\u2019exploration sont des groupes r\u00e9guliers avec un ratio de 20 \u00e9l\u00e8ves par groupe ayant pour but d\u2019offrir un cadre rassurant et stimulant tout en suivant le rythme d\u2019apprentissage de chacun.&nbsp; Des strat\u00e9gies d\u2019organisation et d\u2019apprentissage sont enseign\u00e9es aux \u00e9l\u00e8ves. Pour se faire, deux p\u00e9riodes par cycle sont consacr\u00e9es aux strat\u00e9gies d\u2019\u00e9tude et \u00e0 la m\u00e9thodologie. Les \u00e9l\u00e8ves sont s\u00e9lectionn\u00e9s en fonction de leur d\u00e9sir de r\u00e9ussir et leur bon comportement. Un suivi plus personnalis\u00e9 est offert \u00e0 nos \u00e9l\u00e8ves des groupes d\u2019exploration.<\/p>\n\n\n\n<p><a href=\"https:\/\/media.csstl.gouv.qc.ca\/wp-content\/uploads\/sites\/53\/2025\/12\/12155850\/2026-2027-Programme-EHDAA-A4.pdf\" data-type=\"attachment\" data-id=\"1431\" target=\"_blank\" rel=\"noreferrer noopener\">Classe de soutien \u00e0 l&rsquo;apprentissage<\/a>: Nos classes d&rsquo;aide \u00e0 l&rsquo;apprentissage visent \u00e0 soutenir chaque \u00e9l\u00e8ve dans son d\u00e9veloppement acad\u00e9mique, en identifiant les besoins individuels et en mettant en place des strat\u00e9gies adapt\u00e9es. Nous croyons en une approche personnalis\u00e9e, int\u00e9grant non seulement les comp\u00e9tences acad\u00e9miques, mais \u00e9galement le d\u00e9veloppement social et \u00e9motionnel. Nous encourageons une communication ouverte et transparente entre les enseignants, les \u00e9l\u00e8ves et les parents pour assurer le bien-\u00eatre et la r\u00e9ussite de chaque enfant.<\/p>\n\n\n\n<p><a href=\"https:\/\/media.csstl.gouv.qc.ca\/wp-content\/uploads\/sites\/53\/2025\/12\/12155853\/2026-2027-ProgrammeFMS.pdf\" data-type=\"attachment\" data-id=\"1432\" target=\"_blank\" rel=\"noreferrer noopener\">FMS<\/a>: Pour apprendre davantage sur le programme FMS de l&rsquo;\u00e9cole, veuillez consulter le <a href=\"https:\/\/media.csstl.gouv.qc.ca\/wp-content\/uploads\/sites\/53\/2025\/12\/12155853\/2026-2027-ProgrammeFMS.pdf\" data-type=\"attachment\" data-id=\"1432\" target=\"_blank\" rel=\"noreferrer noopener\">d\u00e9pliant d&rsquo;informations 2026-2027<\/a>.<\/p>\n\n\n\n<p><a href=\"https:\/\/media.csstl.gouv.qc.ca\/wp-content\/uploads\/sites\/53\/2025\/12\/12154924\/Hockey-Pionniers.pdf\" data-type=\"attachment\" data-id=\"1427\" target=\"_blank\" rel=\"noreferrer noopener\">Hockey<\/a>&nbsp;: Un processus de s\u00e9lection se d\u00e9roulera lors du mois de f\u00e9vrier 2024. Pour en savoir plus, veuillez consulter le d\u00e9pliant du <a href=\"https:\/\/media.csstl.gouv.qc.ca\/wp-content\/uploads\/sites\/53\/2025\/12\/12154924\/Hockey-Pionniers.pdf\" data-type=\"attachment\" data-id=\"1427\" target=\"_blank\" rel=\"noreferrer noopener\">Programme des Pionniers<\/a>.<\/p>\n\n\n\n<p>Pour en conna\u00eetre davantage sur les autres programmes et champ d\u2019int\u00e9r\u00eat offerts au 1<sup>er<\/sup> cycle, veuillez consulter le <a href=\"https:\/\/media.csstl.gouv.qc.ca\/wp-content\/uploads\/sites\/53\/2024\/02\/16144950\/Description-des-champs-dinteret-1er-cycle-2024-2025.pdf\" target=\"_blank\" rel=\"noreferrer noopener\">d\u00e9pliant d\u2019informations 1<sup>er<\/sup> cycle pour 2024-2025.<\/a>  Celui pour l\u2019ann\u00e9e 2025-2026 sera disponible au printemps 2025.<\/p>\n\n\n\n<p>Autres programmes et champs d\u2019int\u00e9r\u00eat offerts&nbsp;:<\/p>\n\n\n\n<ul class=\"wp-block-list\">\n<li><a rel=\"noreferrer noopener\" href=\"https:\/\/www.youtube.com\/watch?v=0DF-Q7E_ubY&amp;list=PL41VzE6IyHimK4RyDAdSzjaPdhqdbj2T-&amp;index=8\" target=\"_blank\">Arts plastiques<\/a>  ou <a rel=\"noreferrer noopener\" href=\"https:\/\/www.youtube.com\/watch?v=WgeYXY0U280&amp;feature=youtu.be\" target=\"_blank\">arts plastiques et multim\u00e9dia<\/a><\/li>\n\n\n\n<li><a rel=\"noreferrer noopener\" href=\"https:\/\/www.youtube.com\/watch?v=31z88FCFaYo&amp;feature=youtu.be\" target=\"_blank\">Multisports<\/a><\/li>\n\n\n\n<li>Profil g\u00e9n\u00e9ral<\/li>\n\n\n\n<li><a href=\"https:\/\/www.youtube.com\/watch?v=jQX7d6YYfJ4&amp;list=PL41VzE6IyHimK4RyDAdSzjaPdhqdbj2T-&amp;index=6\" target=\"_blank\" rel=\"noreferrer noopener\">Sciences +<\/a><\/li>\n\n\n\n<li><a href=\"https:\/\/media.csstl.gouv.qc.ca\/wp-content\/uploads\/sites\/53\/2024\/03\/22093230\/Champ-dinteret-sciences-humaines.pdf\" data-type=\"link\" data-id=\"https:\/\/media.csstl.gouv.qc.ca\/wp-content\/uploads\/sites\/53\/2024\/03\/22093230\/Champ-dinteret-sciences-humaines.pdf\" target=\"_blank\" rel=\"noreferrer noopener\">Sciences humaines<\/a><\/li>\n<\/ul>\n\n\n\n<p><\/p>\n\n\n\n<p>Les \u00e9l\u00e8ves auront la chance de compl\u00e9ter leur choix de cours via Mozaik Portail au mois de mars 2024 afin de pr\u00e9ciser leur int\u00e9r\u00eat pour un programme ou une concentration.<\/p>\n\n\n\n<p><\/p>\n\n\n\n<p>3<sup>e<\/sup> secondaire&nbsp;:<\/p>\n\n\n\n<ul class=\"wp-block-list\">\n<li>Pour conna\u00eetre les options offertes en 3<sup>e<\/sup> secondaire, veuillez consulter le <a href=\"https:\/\/media.csstl.gouv.qc.ca\/wp-content\/uploads\/sites\/53\/2024\/02\/15145908\/Description-des-options-Secondaire-3-2024-2025.pdf\" target=\"_blank\" rel=\"noreferrer noopener\">d\u00e9pliant d\u2019informations &nbsp;3<sup>e<\/sup> secondaire pour 2024-2025.<\/a>  Celui pour l\u2019ann\u00e9e 2025-2026 sera disponible au printemps 2025.<\/li>\n<\/ul>\n\n\n\n<p><\/p>\n\n\n\n<p>4<sup>e<\/sup> et 5<sup>e<\/sup> secondaire&nbsp;:<\/p>\n\n\n\n<ul class=\"wp-block-list\">\n<li>Pour conna\u00eetre les options offertes en 4<sup>e<\/sup> et 5<sup>e<\/sup> secondaire, veuillez consulter le <a href=\"https:\/\/media.csstl.gouv.qc.ca\/wp-content\/uploads\/sites\/53\/2024\/02\/15145914\/Description-des-options-Secondaire-4-et-5-2024-2025.pdf\" target=\"_blank\" rel=\"noreferrer noopener\">d\u00e9pliant d\u2019informations&nbsp; 4<sup>e<\/sup> et 5<sup>e<\/sup> secondaire pour 2024-2025.<\/a>  Celui pour l\u2019ann\u00e9e 2025-2026 sera disponible au printemps 2025.<\/li>\n<\/ul>\n\n\n\n<p><\/p>\n","protected":false},"excerpt":{"rendered":"<p>Vous trouverez ci-dessous tous les renseignements pertinents aux programmes offerts de la 1re&nbsp;\u00e0 la 5e&nbsp;ann\u00e9e du secondaire. Vous \u00eates \u00e9galement invit\u00e9s \u00e0 consulter la grille-mati\u00e8res pour l\u2019ann\u00e9e 2024-2025. Les programmes et champs d&rsquo;int\u00e9r\u00eat propos\u00e9s&nbsp;: 1er cycle&nbsp;: Horizon 360\u00a0: Un programme qui propose un enrichissement p\u00e9dagogique dans l\u2019ensemble des mati\u00e8res, une ouverture sur le monde et [&hellip;]<\/p>\n","protected":false},"author":81,"featured_media":0,"parent":0,"menu_order":0,"comment_status":"closed","ping_status":"closed","template":"","meta":{"_genesis_hide_title":false,"_genesis_hide_breadcrumbs":false,"_genesis_hide_singular_image":false,"_genesis_hide_footer_widgets":false,"_genesis_custom_body_class":"","_genesis_custom_post_class":"","_genesis_layout":"","footnotes":""},"class_list":{"0":"post-904","1":"page","2":"type-page","3":"status-publish","5":"entry"},"featured_image_src":null,"featured_image_src_square":null,"_links":{"self":[{"href":"https:\/\/csstl.gouv.qc.ca\/soulanges\/wp-json\/wp\/v2\/pages\/904","targetHints":{"allow":["GET"]}}],"collection":[{"href":"https:\/\/csstl.gouv.qc.ca\/soulanges\/wp-json\/wp\/v2\/pages"}],"about":[{"href":"https:\/\/csstl.gouv.qc.ca\/soulanges\/wp-json\/wp\/v2\/types\/page"}],"author":[{"embeddable":true,"href":"https:\/\/csstl.gouv.qc.ca\/soulanges\/wp-json\/wp\/v2\/users\/81"}],"replies":[{"embeddable":true,"href":"https:\/\/csstl.gouv.qc.ca\/soulanges\/wp-json\/wp\/v2\/comments?post=904"}],"version-history":[{"count":0,"href":"https:\/\/csstl.gouv.qc.ca\/soulanges\/wp-json\/wp\/v2\/pages\/904\/revisions"}],"wp:attachment":[{"href":"https:\/\/csstl.gouv.qc.ca\/soulanges\/wp-json\/wp\/v2\/media?parent=904"}],"curies":[{"name":"wp","href":"https:\/\/api.w.org\/{rel}","templated":true}]}}