{"id":10,"date":"2019-02-06T13:15:15","date_gmt":"2019-02-06T13:15:15","guid":{"rendered":"http:\/\/cs3lacs.wpengine.com\/soulanges\/?page_id=10"},"modified":"2024-12-12T14:44:12","modified_gmt":"2024-12-12T19:44:12","slug":"conseil-detablissement","status":"publish","type":"page","link":"https:\/\/csstl.gouv.qc.ca\/soulanges\/conseil-detablissement\/","title":{"rendered":"Conseil d&rsquo;\u00e9tablissement"},"content":{"rendered":"\n<p>Vous retrouverez ci-dessous la liste des membres du conseil d\u2019\u00e9tablissement pour l\u2019ann\u00e9e 2024-2025, le calendrier des rencontres pr\u00e9vues pour l\u2019ann\u00e9e en cours ainsi que les proc\u00e8s-verbaux des rencontres d\u00e8s qu\u2019ils sont adopt\u00e9s. Consulter le calendrier des rencontres.<\/p>\n\n\n\n<h2 class=\"wp-block-heading\">Liste des membres<\/h2>\n\n\n\n<p><a href=\"https:\/\/csstl.gouv.qc.ca\/soulanges\/wp-content\/uploads\/sites\/53\/2024\/10\/FORMULAIRE-LISTE_DES_MEMBRES_DU_CE-affichage.pdf\">Liste des membres<\/a><\/p>\n\n\n\n<h2 class=\"wp-block-heading\">S\u00e9ances de l&rsquo;ann\u00e9e scolaire 2024-2025<\/h2>\n\n\n\n<p>30 septembre, 9 d\u00e9cembre, 3 f\u00e9vrier, 24 mars, 5 mai, 9 juin<\/p>\n\n\n\n<details class=\"wp-block-stackable-accordion stk-block-accordion stk-inner-blocks stk-block-content stk-block stk-9624bd9 is-style-default\" data-block-id=\"9624bd9\">\n<summary class=\"wp-block-stackable-column stk-block-column stk-column stk-block stk-d09a2e8 stk--container-small stk-block-accordion__heading\" data-v=\"4\" data-block-id=\"d09a2e8\"><style>.stk-d09a2e8-container{background-color:#73bae7b3 !important;border-style:dashed !important;border-color:#00578c !important;}.stk-d09a2e8-container:before{background-color:#73bae7b3 !important;}<\/style><div class=\"stk-column-wrapper stk-block-column__content stk-container stk-d09a2e8-container stk-hover-parent\"><div class=\"stk-block-content stk-inner-blocks stk-d09a2e8-inner-blocks\">\n<div class=\"wp-block-stackable-icon-label stk-block-icon-label stk-block stk-d278e7f\" data-block-id=\"d278e7f\"><div class=\"stk-row stk-inner-blocks stk-block-content\">\n<div class=\"wp-block-stackable-heading stk-block-heading stk-block-heading--v2 stk-block stk-6cfb026\" id=\"ordres-du-jour-et-proces-verbaux\" data-block-id=\"6cfb026\"><style>.stk-6cfb026 .stk-block-heading__text{color:#00578c !important;}<\/style><h3 class=\"stk-block-heading__text has-text-color has-bleu-fonce-color stk-block-heading--use-theme-margins\">Ordres du jour et proc\u00e8s-verbaux <\/h3><\/div>\n\n\n\n<div class=\"wp-block-stackable-icon stk-block-icon stk-block stk-371ba16\" data-block-id=\"371ba16\"><style>.stk-371ba16 .stk--svg-wrapper .stk--inner-svg svg:last-child, .stk-371ba16 .stk--svg-wrapper .stk--inner-svg svg:last-child :is(g, path, rect, polygon, ellipse){fill:#00578c !important;}<\/style><span class=\"stk--svg-wrapper\"><div class=\"stk--inner-svg\"><svg style=\"height:0;width:0\"><defs><linearGradient id=\"linear-gradient-371ba16\" x1=\"0\" x2=\"100%\" y1=\"0\" y2=\"0\"><stop offset=\"0%\" style=\"stop-opacity:1;stop-color:var(--linear-gradient-371-ba-16-color-1)\"><\/stop><stop offset=\"100%\" style=\"stop-opacity:1;stop-color:var(--linear-gradient-371-ba-16-color-2)\"><\/stop><\/linearGradient><\/defs><\/svg><svg data-prefix=\"fas\" data-icon=\"chevron-down\" class=\"svg-inline--fa fa-chevron-down fa-w-14\" xmlns=\"http:\/\/www.w3.org\/2000\/svg\" viewBox=\"0 0 448 512\" aria-hidden=\"true\" width=\"32\" height=\"32\"><path fill=\"currentColor\" d=\"M207.029 381.476L12.686 187.132c-9.373-9.373-9.373-24.569 0-33.941l22.667-22.667c9.357-9.357 24.522-9.375 33.901-.04L224 284.505l154.745-154.021c9.379-9.335 24.544-9.317 33.901.04l22.667 22.667c9.373 9.373 9.373 24.569 0 33.941L240.971 381.476c-9.373 9.372-24.569 9.372-33.942 0z\"><\/path><\/svg><\/div><\/span><\/div>\n<\/div><\/div>\n<\/div><\/div><\/summary>\n\n\n\n<div class=\"wp-block-stackable-column stk-block-column stk-column stk-block stk-565f39e stk-block-accordion__content\" data-v=\"4\" data-block-id=\"565f39e\"><div class=\"stk-column-wrapper stk-block-column__content stk-container stk-565f39e-container stk--no-background stk--no-padding\"><div class=\"stk-block-content stk-inner-blocks stk-565f39e-inner-blocks\">\n<ul class=\"wp-block-list\">\n<li>30 septembre 2024 | <a href=\"https:\/\/media.csstl.gouv.qc.ca\/wp-content\/uploads\/sites\/53\/2024\/11\/18144231\/Ordre-du-jour-30-septembre-2024-reunion-01.docx\">Ordre du jour<\/a> | <a href=\"https:\/\/media.csstl.gouv.qc.ca\/wp-content\/uploads\/sites\/53\/2024\/12\/12144203\/PV-30-septembre-2024.pdf\">Proc\u00e8s-verbal<\/a><\/li>\n\n\n\n<li>9 d\u00e9cembre 2024 | <a href=\"https:\/\/media.csstl.gouv.qc.ca\/wp-content\/uploads\/sites\/53\/2024\/12\/12144200\/Ordre-du-jour-9-decembre-2024-reunion-02.pdf\">Ordre du jour<\/a> | Proc\u00e8s-verbal<\/li>\n\n\n\n<li>3 f\u00e9vrier 2025 | Ordre du jour | Proc\u00e8s-verbal<\/li>\n\n\n\n<li>24 mars 2025 | Ordre du jour | Proc\u00e8s-verbal<\/li>\n\n\n\n<li>5 mai 2025 | Ordre du jour | Proc\u00e8s-verbal<\/li>\n\n\n\n<li>9 juin 2025 | Ordre du jour | Proc\u00e8s-verbal<\/li>\n<\/ul>\n<\/div><\/div><\/div>\n<\/details>\n\n\n\n<h2 class=\"wp-block-heading\">Autres documents<\/h2>\n\n\n\n<ul class=\"wp-block-list\">\n<li><a href=\"https:\/\/media.csstl.gouv.qc.ca\/wp-content\/uploads\/sites\/53\/2024\/09\/04131935\/P.V.-ass.-gen.-30-aout-2023.pdf\">Assembl\u00e9e g\u00e9n\u00e9rale annuelle 2023-2024<\/a><\/li>\n\n\n\n<li><a href=\"https:\/\/media.csstl.gouv.qc.ca\/wp-content\/uploads\/sites\/53\/2024\/06\/21101220\/Rapport-annuel-2023-2024.pdf\">Rapport annuel juin 2024<\/a><\/li>\n<\/ul>\n","protected":false},"excerpt":{"rendered":"<p>Vous retrouverez ci-dessous la liste des membres du conseil d\u2019\u00e9tablissement pour l\u2019ann\u00e9e 2024-2025, le calendrier des rencontres pr\u00e9vues pour l\u2019ann\u00e9e en cours ainsi que les proc\u00e8s-verbaux des rencontres d\u00e8s qu\u2019ils sont adopt\u00e9s. Consulter le calendrier des rencontres. Liste des membres Liste des membres S\u00e9ances de l&rsquo;ann\u00e9e scolaire 2024-2025 30 septembre, 9 d\u00e9cembre, 3 f\u00e9vrier, 24 [&hellip;]<\/p>\n","protected":false},"author":81,"featured_media":0,"parent":0,"menu_order":11,"comment_status":"closed","ping_status":"closed","template":"","meta":{"_genesis_hide_title":false,"_genesis_hide_breadcrumbs":false,"_genesis_hide_singular_image":false,"_genesis_hide_footer_widgets":false,"_genesis_custom_body_class":"","_genesis_custom_post_class":"","_genesis_layout":"","footnotes":""},"class_list":{"0":"post-10","1":"page","2":"type-page","3":"status-publish","5":"entry"},"featured_image_src":null,"featured_image_src_square":null,"_links":{"self":[{"href":"https:\/\/csstl.gouv.qc.ca\/soulanges\/wp-json\/wp\/v2\/pages\/10","targetHints":{"allow":["GET"]}}],"collection":[{"href":"https:\/\/csstl.gouv.qc.ca\/soulanges\/wp-json\/wp\/v2\/pages"}],"about":[{"href":"https:\/\/csstl.gouv.qc.ca\/soulanges\/wp-json\/wp\/v2\/types\/page"}],"author":[{"embeddable":true,"href":"https:\/\/csstl.gouv.qc.ca\/soulanges\/wp-json\/wp\/v2\/users\/81"}],"replies":[{"embeddable":true,"href":"https:\/\/csstl.gouv.qc.ca\/soulanges\/wp-json\/wp\/v2\/comments?post=10"}],"version-history":[{"count":0,"href":"https:\/\/csstl.gouv.qc.ca\/soulanges\/wp-json\/wp\/v2\/pages\/10\/revisions"}],"wp:attachment":[{"href":"https:\/\/csstl.gouv.qc.ca\/soulanges\/wp-json\/wp\/v2\/media?parent=10"}],"curies":[{"name":"wp","href":"https:\/\/api.w.org\/{rel}","templated":true}]}}