{"id":431,"date":"2026-03-24T13:47:38","date_gmt":"2026-03-24T18:47:38","guid":{"rendered":"https:\/\/csstl.gouv.qc.ca\/services-aux-entreprises\/?page_id=431"},"modified":"2026-03-24T13:53:29","modified_gmt":"2026-03-24T18:53:29","slug":"demarrer-son-entreprise","status":"publish","type":"page","link":"https:\/\/csstl.gouv.qc.ca\/services-aux-entreprises\/demarrer-son-entreprise\/","title":{"rendered":"D\u00e9marrer son entreprise"},"content":{"rendered":"\n<figure class=\"wp-block-image size-large\"><img loading=\"lazy\" decoding=\"async\" width=\"1024\" height=\"561\" src=\"https:\/\/media.csstl.gouv.qc.ca\/wp-content\/uploads\/sites\/55\/2026\/03\/24132419\/Publicite__v3_bandeauhaut-1024x561.jpg\" alt=\"\" class=\"wp-image-433\" srcset=\"https:\/\/media.csstl.gouv.qc.ca\/wp-content\/uploads\/sites\/55\/2026\/03\/24132419\/Publicite__v3_bandeauhaut-1024x561.jpg 1024w, https:\/\/media.csstl.gouv.qc.ca\/wp-content\/uploads\/sites\/55\/2026\/03\/24132419\/Publicite__v3_bandeauhaut-300x164.jpg 300w, https:\/\/media.csstl.gouv.qc.ca\/wp-content\/uploads\/sites\/55\/2026\/03\/24132419\/Publicite__v3_bandeauhaut-768x421.jpg 768w, https:\/\/media.csstl.gouv.qc.ca\/wp-content\/uploads\/sites\/55\/2026\/03\/24132419\/Publicite__v3_bandeauhaut.jpg 1534w\" sizes=\"auto, (max-width: 1024px) 100vw, 1024px\" \/><\/figure>\n\n\n\n<p class=\"has-x-large-font-size\"><strong><span style=\"color: #00578c\" class=\"stk-highlight\">Pour s\u2019inscrire, nous \u00e9crire au :<\/span><\/strong> <a href=\"mailto:sae@csstl.gouv.qc.ca\"><span style=\"color: #0066a4\" class=\"stk-highlight\">sae@csstl.gouv.qc.ca<\/span><\/a><\/p>\n\n\n\n<p><em>Une formation compl\u00e8te, pratique et inspirante\u2026 parfaite pour celles et ceux qui veulent enfin se lancer avec confiance.<\/em><\/p>\n\n\n\n<p>Vous r\u00eavez de lancer votre entreprise ou de structurer un projet d\u00e9j\u00e0 en marche? Cette formation vous accompagne pas \u00e0 pas pour b\u00e2tir des bases solides et faire passer votre id\u00e9e au niveau sup\u00e9rieur. Apprenez \u00e0 d\u00e9finir clairement votre mod\u00e8le d\u2019affaires, identifiez votre march\u00e9, d\u00e9marquez-vous de la concurrence et mettez en place une strat\u00e9gie marketing efficace. Vous serez \u00e9galement guid\u00e9 dans la pr\u00e9paration de vos pr\u00e9visions financi\u00e8res et dans le choix de la forme juridique la mieux adapt\u00e9e \u00e0 votre projet.<\/p>\n\n\n\n<p>Au terme de la formation, vous aurez une vision claire, organis\u00e9e et r\u00e9aliste de votre projet d\u2019entreprise \u2014 et surtout, les outils concrets pour le faire grandir.<\/p>\n\n\n\n<p>Inscrivez\u2011vous maintenant et donnez vie \u00e0 votre projet d\u2019affaires!<\/p>\n\n\n\n<p class=\"has-large-font-size\"><strong><span style=\"color: #00578c\" class=\"stk-highlight\">Contenu de la formation&nbsp;:<\/span><\/strong><\/p>\n\n\n\n<p><strong>Mod\u00e8le d\u2019affaires et mission<\/strong><\/p>\n\n\n\n<ul class=\"wp-block-list\">\n<li>D\u00e9finir clairement la mission, la vision et les valeurs de l\u2019entreprise.<\/li>\n\n\n\n<li>R\u00e9sumer sa proposition de valeur.<\/li>\n\n\n\n<li>Identifier sa client\u00e8le, ses activit\u00e9s cl\u00e9s, ses partenaires et ses sources de revenus.<\/li>\n<\/ul>\n\n\n\n<p><strong>Conna\u00eetre sa client\u00e8le<\/strong><\/p>\n\n\n\n<ul class=\"wp-block-list\">\n<li>D\u00e9crire son client id\u00e9al (persona).<\/li>\n\n\n\n<li>Comprendre ses besoins, motivations et habitudes d\u2019achat.<\/li>\n\n\n\n<li>Valider l\u2019int\u00e9r\u00eat pour son produit ou service.<\/li>\n<\/ul>\n\n\n\n<p><strong>&nbsp;Comprendre la concurrence<\/strong><\/p>\n\n\n\n<ul class=\"wp-block-list\">\n<li>Rep\u00e9rer les principaux concurrents.<\/li>\n\n\n\n<li>Comparer leurs offres \u00e0 la sienne.<\/li>\n\n\n\n<li>Identifier son propre avantage concurrentiel.<\/li>\n\n\n\n<li>S\u2019initier au pitch de vente.<\/li>\n<\/ul>\n\n\n\n<p>  <strong>Plan de commercialisation<\/strong><\/p>\n\n\n\n<ul class=\"wp-block-list\">\n<li>D\u00e9finir son positionnement.<\/li>\n\n\n\n<li>Choisir les bons canaux de communication.<\/li>\n\n\n\n<li>Structurer sa strat\u00e9gie avec les 4P (produit, prix, place, promotion).<\/li>\n\n\n\n<li>Pr\u00e9voir un lancement et des actions de fid\u00e9lisation.<\/li>\n<\/ul>\n\n\n\n<p><strong>&nbsp;Pr\u00e9visions financi\u00e8res<\/strong><\/p>\n\n\n\n<ul class=\"wp-block-list\">\n<li>\u00c9valuer les co\u00fbts de d\u00e9marrage.<\/li>\n\n\n\n<li>Diff\u00e9rencier co\u00fbts fixes et variables.<\/li>\n\n\n\n<li>Estimer ses revenus et calculer le seuil de rentabilit\u00e9.<\/li>\n<\/ul>\n\n\n\n<p><strong>Formes juridiques<\/strong><\/p>\n\n\n\n<ul class=\"wp-block-list\">\n<li>Comprendre les diff\u00e9rents statuts d\u2019entreprise.<\/li>\n\n\n\n<li>Savoir leurs implications l\u00e9gales et fiscales.<\/li>\n\n\n\n<li>Choisir la structure la plus adapt\u00e9e \u00e0 son projet.<\/li>\n<\/ul>\n\n\n\n<p class=\"has-large-font-size\"><strong><span style=\"color: #00578c\" class=\"stk-highlight\">Client\u00e8le admissible&nbsp;:<\/span><\/strong><\/p>\n\n\n\n<p>Cette formation est offerte gr\u00e2ce \u00e0 la participation financi\u00e8re du minist\u00e8re de l\u2019Emploi et de la Solidarit\u00e9 sociale. Les personnes admissibles \u00e0 cette formation \u00e0 5 $\/heure sont les suivantes&nbsp;:<\/p>\n\n\n\n<ul class=\"wp-block-list\">\n<li>Les travailleurs en emploi (\u00e9tudiants exclus);<\/li>\n\n\n\n<li>Les travailleurs autonomes;<\/li>\n\n\n\n<li>&nbsp;Travailleurs saisonniers en arr\u00eat de travail, mais avec un lien d\u2019emploi;<\/li>\n\n\n\n<li>Les personnes sans emploi, mais de fa\u00e7on temporaire, c\u2019est-\u00e0 dire visant un retour en emploi \u00e0 court terme; la formation doit \u00eatre en lien avec leur domaine d\u2019\u00e9tudes ou de travail.<\/li>\n\n\n\n<li>Pour chaque groupe, le nombre maximal de participants provenant d\u2019une m\u00eame entreprise est limit\u00e9 \u00e0 trois (3).<\/li>\n<\/ul>\n\n\n\n<p><strong>Ne sont pas admissibles\u00a0:<\/strong><\/p>\n\n\n\n<ul class=\"wp-block-list\">\n<li>Les travailleurs \u00e9trangers<\/li>\n\n\n\n<li>Les travailleurs du secteur public, parapublic, soci\u00e9t\u00e9s d\u2019\u00c9tat et des municipalit\u00e9s;<\/li>\n\n\n\n<li>Les \u00e9tudiants, m\u00eame si travail \u00e0 temps partiel;<\/li>\n\n\n\n<li>Les personnes int\u00e9ress\u00e9es simplement \u00e0 des fins personnelles;<\/li>\n\n\n\n<li>Les prestataires de la CNESST et de la SAAQ.<\/li>\n<\/ul>\n","protected":false},"excerpt":{"rendered":"<p>Pour s\u2019inscrire, nous \u00e9crire au : sae@csstl.gouv.qc.ca Une formation compl\u00e8te, pratique et inspirante\u2026 parfaite pour celles et ceux qui veulent enfin se lancer avec confiance. Vous r\u00eavez de lancer votre [&hellip;]<\/p>\n","protected":false},"author":154,"featured_media":0,"parent":0,"menu_order":0,"comment_status":"closed","ping_status":"closed","template":"","meta":{"_genesis_hide_title":false,"_genesis_hide_breadcrumbs":false,"_genesis_hide_singular_image":false,"_genesis_hide_footer_widgets":false,"_genesis_custom_body_class":"","_genesis_custom_post_class":"","_genesis_layout":"","footnotes":""},"class_list":["post-431","page","type-page","status-publish","entry"],"featured_image_src":null,"featured_image_src_square":null,"_links":{"self":[{"href":"https:\/\/csstl.gouv.qc.ca\/services-aux-entreprises\/wp-json\/wp\/v2\/pages\/431","targetHints":{"allow":["GET"]}}],"collection":[{"href":"https:\/\/csstl.gouv.qc.ca\/services-aux-entreprises\/wp-json\/wp\/v2\/pages"}],"about":[{"href":"https:\/\/csstl.gouv.qc.ca\/services-aux-entreprises\/wp-json\/wp\/v2\/types\/page"}],"author":[{"embeddable":true,"href":"https:\/\/csstl.gouv.qc.ca\/services-aux-entreprises\/wp-json\/wp\/v2\/users\/154"}],"replies":[{"embeddable":true,"href":"https:\/\/csstl.gouv.qc.ca\/services-aux-entreprises\/wp-json\/wp\/v2\/comments?post=431"}],"version-history":[{"count":0,"href":"https:\/\/csstl.gouv.qc.ca\/services-aux-entreprises\/wp-json\/wp\/v2\/pages\/431\/revisions"}],"wp:attachment":[{"href":"https:\/\/csstl.gouv.qc.ca\/services-aux-entreprises\/wp-json\/wp\/v2\/media?parent=431"}],"curies":[{"name":"wp","href":"https:\/\/api.w.org\/{rel}","templated":true}]}}