{"id":203,"date":"2023-02-22T15:48:46","date_gmt":"2023-02-22T20:48:46","guid":{"rendered":"https:\/\/csstl.gouv.qc.ca\/services-aux-entreprises\/?page_id=203"},"modified":"2023-04-27T07:48:55","modified_gmt":"2023-04-27T12:48:55","slug":"fabrication-mecanique","status":"publish","type":"page","link":"https:\/\/csstl.gouv.qc.ca\/services-aux-entreprises\/fabrication-mecanique\/","title":{"rendered":"Fabrication m\u00e9canique"},"content":{"rendered":"\n<p>Le secteur de la fabrication m\u00e9canique concerne la fabrication de divers outils, de pi\u00e8ces, de composantes et de machineries (moteurs, pompes, compresseurs, ventilateurs et autres sous-syst\u00e8mes m\u00e9caniques) n\u00e9cessaires \u00e0 l&rsquo;exploitation des ressources, \u00e0 la construction et \u00e0 la production manufacturi\u00e8re.<\/p>\n\n\n\n<p>Les services aux entreprises organisent des formations sur mesure, dans le secteur de la fabrication m\u00e9canique, adapt\u00e9es \u00e0 la r\u00e9alit\u00e9 et aux besoins des entreprises. Les conseillers en formation tiennent compte de l\u2019exp\u00e9rience des candidats, du travail \u00e0 effectuer, des appareils et des outils utilis\u00e9s pour vous soumettre une offre de services personnalis\u00e9e.<\/p>\n\n\n\n<p>Les services aux entreprises offrent \u00e9galement au grand public une formation de courte dur\u00e9e en dessin industriel permettant d\u2019acqu\u00e9rir des comp\u00e9tences g\u00e9n\u00e9rales sur l\u2019utilisation d\u2019un logiciel de dessin assist\u00e9 par ordinateur.<\/p>\n","protected":false},"excerpt":{"rendered":"<p>Le secteur de la fabrication m\u00e9canique concerne la fabrication de divers outils, de pi\u00e8ces, de composantes et de machineries (moteurs, pompes, compresseurs, ventilateurs et autres sous-syst\u00e8mes m\u00e9caniques) n\u00e9cessaires \u00e0 l&rsquo;exploitation [&hellip;]<\/p>\n","protected":false},"author":98,"featured_media":0,"parent":0,"menu_order":0,"comment_status":"closed","ping_status":"closed","template":"","meta":{"_genesis_hide_title":false,"_genesis_hide_breadcrumbs":false,"_genesis_hide_singular_image":false,"_genesis_hide_footer_widgets":false,"_genesis_custom_body_class":"","_genesis_custom_post_class":"","_genesis_layout":"","footnotes":""},"class_list":["post-203","page","type-page","status-publish","entry"],"featured_image_src":null,"featured_image_src_square":null,"_links":{"self":[{"href":"https:\/\/csstl.gouv.qc.ca\/services-aux-entreprises\/wp-json\/wp\/v2\/pages\/203","targetHints":{"allow":["GET"]}}],"collection":[{"href":"https:\/\/csstl.gouv.qc.ca\/services-aux-entreprises\/wp-json\/wp\/v2\/pages"}],"about":[{"href":"https:\/\/csstl.gouv.qc.ca\/services-aux-entreprises\/wp-json\/wp\/v2\/types\/page"}],"author":[{"embeddable":true,"href":"https:\/\/csstl.gouv.qc.ca\/services-aux-entreprises\/wp-json\/wp\/v2\/users\/98"}],"replies":[{"embeddable":true,"href":"https:\/\/csstl.gouv.qc.ca\/services-aux-entreprises\/wp-json\/wp\/v2\/comments?post=203"}],"version-history":[{"count":0,"href":"https:\/\/csstl.gouv.qc.ca\/services-aux-entreprises\/wp-json\/wp\/v2\/pages\/203\/revisions"}],"wp:attachment":[{"href":"https:\/\/csstl.gouv.qc.ca\/services-aux-entreprises\/wp-json\/wp\/v2\/media?parent=203"}],"curies":[{"name":"wp","href":"https:\/\/api.w.org\/{rel}","templated":true}]}}