{"id":201,"date":"2023-02-22T15:30:27","date_gmt":"2023-02-22T20:30:27","guid":{"rendered":"https:\/\/csstl.gouv.qc.ca\/services-aux-entreprises\/?page_id=201"},"modified":"2025-09-24T09:01:27","modified_gmt":"2025-09-24T14:01:27","slug":"formation-a-1-de-lheure-avec-services-quebec","status":"publish","type":"page","link":"https:\/\/csstl.gouv.qc.ca\/services-aux-entreprises\/formation-a-1-de-lheure-avec-services-quebec\/","title":{"rendered":"Formation \u00e0 5 $ de l&rsquo;heure"},"content":{"rendered":"\n<h5 class=\"wp-block-heading\"><span style=\"color: #0066a4\" class=\"stk-highlight\">Gr\u00e2ce \u00e0 la participation financi\u00e8re du gouvernement du Qu\u00e9bec, plusieurs formations sont disponibles au co\u00fbt de&nbsp;5&nbsp;$\/heure.<\/span><\/h5>\n\n\n\n<p>Ces formations s&rsquo;adressent aux individus en emploi et aux travailleurs autonomes.<\/p>\n\n\n\n<h2 class=\"wp-block-heading\"><span style=\"color: #0066a4\" class=\"stk-highlight\">Client\u00e8le admissible<\/span><\/h2>\n\n\n\n<p>Le participant doit \u00eatre en emploi, soit dans :<\/p>\n\n\n\n<ul class=\"wp-block-list\">\n<li>une entreprise priv\u00e9e \u00e0 but lucratif;<\/li>\n\n\n\n<li>un organisme \u00e0 but non lucratif;<\/li>\n\n\n\n<li>une coop\u00e9rative;<\/li>\n\n\n\n<li>ou \u00eatre travailleur autonome.<\/li>\n<\/ul>\n\n\n\n<p>Pour chaque groupe, le nombre maximal de participants provenant d&rsquo;une m\u00eame entreprise est limit\u00e9 \u00e0 trois (3).<\/p>\n\n\n\n<h2 class=\"wp-block-heading\"><span style=\"color: #0066a4\" class=\"stk-highlight\">Client\u00e8le non-admissible<\/span><\/h2>\n\n\n\n<ul class=\"wp-block-list\">\n<li>Les travailleurs des minist\u00e8res et organismes du gouvernement du Qu\u00e9bec dont le personnel est nomm\u00e9 et r\u00e9mun\u00e9r\u00e9 en vertu de la loi sur la fonction publique du Qu\u00e9bec;<\/li>\n\n\n\n<li>Les travailleurs d&rsquo;un minist\u00e8re ou organisme du gouvernement f\u00e9d\u00e9ral qui sont assujettis \u00e0 la loi sur l&#8217;emploi dans la fonction publique et les employ\u00e9s municipaux qui sont attach\u00e9s \u00e0 une accr\u00e9ditation syndicale;<\/li>\n\n\n\n<li>Les travailleurs d&rsquo;un parti ou une association publique.<\/li>\n<\/ul>\n\n\n\n<h2 class=\"wp-block-heading\"><span style=\"color: #000c13\" class=\"stk-highlight\">Formation pour l&rsquo;ann\u00e9e scolaire 2025-2026<\/span><\/h2>\n\n\n\n<h2 class=\"wp-block-heading\"><span style=\"color: #00578c\" class=\"stk-highlight\">Logiciel AutoCAD 2D<\/span><\/h2>\n\n\n\n<p>Les participants apprendront \u00e0 ma\u00eetriser l\u2019interface et les outils de base d\u2019AutoCAD, cr\u00e9er et modifier des dessins techniques en 2D, utiliser des techniques de dessin pr\u00e9cis et des annotations, g\u00e9rer des blocs, des calques et pr\u00e9parer des dessins pour l\u2019impression.<\/p>\n\n\n\n<p>Dur\u00e9e : 36 heures<br>Co\u00fbt : 180 $<br>Dates :\u00a0<strong> 4 novembre 2025 au 11 d\u00e9cembre 2025\u00a0<\/strong><br>Horaire : 2 soirs par semaine, les mardis et jeudis, de 18 h \u00e0 21 h<\/p>\n\n\n\n<p><strong>Veuillez communiquer avec nous au sae@csstl.gouv.qc.ca\u00a0 pour vous inscrire<\/strong><\/p>\n\n\n\n<h2 class=\"wp-block-heading\"><span style=\"color: #00578c\" class=\"stk-highlight\">Syst\u00e8me antipollution de moteur diesel<\/span><\/h2>\n\n\n\n<p>Cette formation vise \u00e0 comprendre les syst\u00e8mes antipollution, apprendre les proc\u00e9dures de diagnostic, v\u00e9rifier les composants et effectuer des r\u00e9g\u00e9n\u00e9rations.<\/p>\n\n\n\n<p>Dur\u00e9e : 21 heures<br>Co\u00fbt : 105 $<br>Dates :\u00a0<strong>15, 16 et 17 d\u00e9cembre 2025<\/strong><br>Horaire : de 8 h \u00e0 16 h<\/p>\n\n\n\n<p><strong><strong>Veuillez communiquer avec nous au sae@csstl.gouv.qc.ca\u00a0 pour vous inscrire<\/strong><\/strong><\/p>\n\n\n\n<h2 class=\"wp-block-heading\"><span style=\"color: #00578c\" class=\"stk-highlight\">Syst\u00e8me de freinage antiblocage<\/span><\/h2>\n\n\n\n<p>Cette formation vise \u00e0 comprendre le fonctionnement des composants inh\u00e9rents au syst\u00e8me de freinage antiblocage et effectuer les v\u00e9rifications de base. Cette formation s\u2019adresse \u00e0 tous les m\u00e9caniciens en emploi dans les domaines de l\u2019automobile et des v\u00e9hicules lourds routiers.<\/p>\n\n\n\n<p>Dur\u00e9e : 24 heures<br>Co\u00fbt : 120 $<br>Dates :\u00a0<strong><strong>24, 25, 26 et 27 novembre 2025<\/strong><\/strong><br>Horaire : de 8 h \u00e0 16 h<\/p>\n\n\n\n<p><strong><strong>Veuillez communiquer avec nous au sae@csstl.gouv.qc.ca\u00a0 pour vous inscrire<\/strong><\/strong><\/p>\n\n\n\n<h2 class=\"wp-block-heading\"><span style=\"color: #000002\" class=\"stk-highlight\">\u00c9galement offert<\/span>s<\/h2>\n\n\n\n<h2 class=\"wp-block-heading\"><span style=\"color: #00578c\" class=\"stk-highlight\">Diagnostic et r\u00e9solution de probl\u00e8mes \u00e9lectriques<\/span><\/h2>\n\n\n\n<p>Cette formation vise \u00e0 comprendre les plans et les sch\u00e9mas et utiliser efficacement les instructions de v\u00e9rification et de mesure.&nbsp;&nbsp;<\/p>\n\n\n\n<p>Dur\u00e9e : 30 heures<br>Co\u00fbt : 150 $<br>Dates :\u00a0<strong><strong>25 et 26 novembre 2025<\/strong><\/strong><br>Horaire : de 8 h \u00e0 16 h 30<\/p>\n\n\n\n<p><strong><strong>Veuillez communiquer avec nous au sae@csstl.gouv.qc.ca\u00a0 pour vous inscrire<\/strong><\/strong><\/p>\n\n\n\n<h2 class=\"wp-block-heading\"><span style=\"color: #00578c\" class=\"stk-highlight\">Principes de base en hydraulique<\/span><\/h2>\n\n\n\n<p>Cette formation vise \u00e0 comprendre les principes de base de l\u2019hydraulique, \u00e0 identifier les principales composantes et effectuer les v\u00e9rifications de base. Cette formation s\u2019adresse \u00e0 tous les m\u00e9caniciens en emploi dans les domaines de l\u2019automobile et des v\u00e9hicules lourds routiers, elle peut aussi int\u00e9resser les commis aux pi\u00e8ces de distributeurs de mat\u00e9riel hydraulique.<\/p>\n\n\n\n<p>Dur\u00e9e : 18 heures<br>Co\u00fbt : 90 $<br>D\u00e9but :&nbsp;<strong><strong><strong>Veuillez communiquer avec nous au sae@csstl.gouv.qc.ca&nbsp; pour vous inscrire<\/strong><\/strong><\/strong><br>Horaire : 2 soirs par semaine, de 18 h \u00e0 21 h<\/p>\n\n\n\n<h2 class=\"wp-block-heading\"><span style=\"color: #00578c\" class=\"stk-highlight\">Syst\u00e8me de climatisation<\/span><\/h2>\n\n\n\n<p>Cette formation vise \u00e0 comprendre le fonctionnement des composants inh\u00e9rents au syst\u00e8me de climatisation et effectuer les v\u00e9rifications de base. Cette formation s\u2019adresse \u00e0 tous les m\u00e9caniciens en emploi dans les domaines de l\u2019automobile et des v\u00e9hicules lourds routiers.<\/p>\n\n\n\n<p>Dur\u00e9e : 24 heures<br>Co\u00fbt : 120 $<br>D\u00e9but :&nbsp;<strong><strong><strong>Veuillez communiquer avec nous au sae@csstl.gouv.qc.ca&nbsp; pour vous inscrire<\/strong><\/strong><\/strong><br>Horaire : 2 soirs par semaine, de 18 h \u00e0 21 h<\/p>\n\n\n\n<h2 class=\"wp-block-heading\"><span style=\"color: #00578c\" class=\"stk-highlight\">Soudage \u00e0 l&rsquo;aluminium<\/span><\/h2>\n\n\n\n<p>Les participants apprendront \u00e0 identifier les diff\u00e9rentes composantes d\u2019un poste de soudage au MIG pour l\u2019aluminium, \u00e0 monter le poste de soudage, \u00e0 proc\u00e9der aux diff\u00e9rents r\u00e9glages et \u00e0 ex\u00e9cuter des travaux de soudage en diff\u00e9rentes positions. Cette formation s\u2019adresse \u00e0 tout travailleur qui soude dans le cadre de son emploi et qui aimerait d\u00e9velopper ses comp\u00e9tences au niveau du soudage \u00e0 l\u2019aluminium.<\/p>\n\n\n\n<p>Dur\u00e9e : 24 heures<br>Co\u00fbt : 120 $<br>D\u00e9but : <strong><strong><strong>Veuillez communiquer avec nous au sae@csstl.gouv.qc.ca&nbsp; pour vous inscrire<\/strong><\/strong><\/strong><br>Horaire : 1 soir par semaine, de 18 h \u00e0 22 h<\/p>\n\n\n\n<p><\/p>\n","protected":false},"excerpt":{"rendered":"<p>Gr\u00e2ce \u00e0 la participation financi\u00e8re du gouvernement du Qu\u00e9bec, plusieurs formations sont disponibles au co\u00fbt de&nbsp;5&nbsp;$\/heure. Ces formations s&rsquo;adressent aux individus en emploi et aux travailleurs autonomes. Client\u00e8le admissible Le [&hellip;]<\/p>\n","protected":false},"author":98,"featured_media":0,"parent":0,"menu_order":0,"comment_status":"closed","ping_status":"closed","template":"","meta":{"_genesis_hide_title":false,"_genesis_hide_breadcrumbs":false,"_genesis_hide_singular_image":false,"_genesis_hide_footer_widgets":false,"_genesis_custom_body_class":"","_genesis_custom_post_class":"","_genesis_layout":"","footnotes":""},"class_list":["post-201","page","type-page","status-publish","entry"],"featured_image_src":null,"featured_image_src_square":null,"_links":{"self":[{"href":"https:\/\/csstl.gouv.qc.ca\/services-aux-entreprises\/wp-json\/wp\/v2\/pages\/201","targetHints":{"allow":["GET"]}}],"collection":[{"href":"https:\/\/csstl.gouv.qc.ca\/services-aux-entreprises\/wp-json\/wp\/v2\/pages"}],"about":[{"href":"https:\/\/csstl.gouv.qc.ca\/services-aux-entreprises\/wp-json\/wp\/v2\/types\/page"}],"author":[{"embeddable":true,"href":"https:\/\/csstl.gouv.qc.ca\/services-aux-entreprises\/wp-json\/wp\/v2\/users\/98"}],"replies":[{"embeddable":true,"href":"https:\/\/csstl.gouv.qc.ca\/services-aux-entreprises\/wp-json\/wp\/v2\/comments?post=201"}],"version-history":[{"count":0,"href":"https:\/\/csstl.gouv.qc.ca\/services-aux-entreprises\/wp-json\/wp\/v2\/pages\/201\/revisions"}],"wp:attachment":[{"href":"https:\/\/csstl.gouv.qc.ca\/services-aux-entreprises\/wp-json\/wp\/v2\/media?parent=201"}],"curies":[{"name":"wp","href":"https:\/\/api.w.org\/{rel}","templated":true}]}}