{"id":171,"date":"2022-11-21T13:09:55","date_gmt":"2022-11-21T18:09:55","guid":{"rendered":"https:\/\/cs3lacs.wpengine.com\/services-aux-entreprises\/?page_id=171"},"modified":"2024-09-17T10:39:54","modified_gmt":"2024-09-17T15:39:54","slug":"soudage","status":"publish","type":"page","link":"https:\/\/csstl.gouv.qc.ca\/services-aux-entreprises\/soudage\/","title":{"rendered":"Soudage"},"content":{"rendered":"\n<h2 class=\"wp-block-heading\">Formations au grand public<\/h2>\n\n\n\n<h3 class=\"wp-block-heading\">Nous n&rsquo;offrons pas de formation en soudage au grand public actuellement.<\/h3>\n\n\n\n<ul class=\"wp-block-list\">\n<li>Dates\u00a0 : \u00e0 venir. Pour vous inscrire \u00e0 la liste d&rsquo;attente, et \u00eatre inform\u00e9 lorsque des dates seront confirm\u00e9es, veuillez communiquer avec nous au sae@csstl.gouv.qc.ca.<\/li>\n<\/ul>\n\n\n\n<h3 class=\"wp-block-heading\">Formations sur mesure<\/h3>\n\n\n\n<p>Les services aux entreprises organisent des formations sur mesure en soudure adapt\u00e9es \u00e0 la r\u00e9alit\u00e9 et aux besoins des entreprises.<\/p>\n\n\n\n<p>Les conseillers en formation tiennent compte de l\u2019exp\u00e9rience des candidats, du travail \u00e0 effectuer, des appareils et des outils utilis\u00e9s pour vous soumettre une offre de services personnalis\u00e9e.<\/p>\n\n\n\n<p>Les formations sur mesure en soudure peuvent porter sur les th\u00e8mes suivants :<\/p>\n\n\n\n<ul class=\"wp-block-list\">\n<li>soudage oxyac\u00e9tyl\u00e9nique;<\/li>\n\n\n\n<li>soudage \u00e0 l&rsquo;arc \u00e9lectrique avec \u00e9lectrode enrob\u00e9e (SMAW);<\/li>\n\n\n\n<li>soudage semi-automatique (GMAW);<\/li>\n\n\n\n<li>soudage TIG;<\/li>\n\n\n\n<li>soudage MIG-MAG;<\/li>\n\n\n\n<li>oxycoupage.<\/li>\n<\/ul>\n","protected":false},"excerpt":{"rendered":"<p>Formations au grand public Nous n&rsquo;offrons pas de formation en soudage au grand public actuellement. Formations sur mesure Les services aux entreprises organisent des formations sur mesure en soudure adapt\u00e9es [&hellip;]<\/p>\n","protected":false},"author":2,"featured_media":0,"parent":0,"menu_order":0,"comment_status":"closed","ping_status":"closed","template":"","meta":{"_genesis_hide_title":false,"_genesis_hide_breadcrumbs":false,"_genesis_hide_singular_image":false,"_genesis_hide_footer_widgets":false,"_genesis_custom_body_class":"","_genesis_custom_post_class":"","_genesis_layout":"","footnotes":""},"class_list":["post-171","page","type-page","status-publish","entry"],"featured_image_src":null,"featured_image_src_square":null,"_links":{"self":[{"href":"https:\/\/csstl.gouv.qc.ca\/services-aux-entreprises\/wp-json\/wp\/v2\/pages\/171","targetHints":{"allow":["GET"]}}],"collection":[{"href":"https:\/\/csstl.gouv.qc.ca\/services-aux-entreprises\/wp-json\/wp\/v2\/pages"}],"about":[{"href":"https:\/\/csstl.gouv.qc.ca\/services-aux-entreprises\/wp-json\/wp\/v2\/types\/page"}],"author":[{"embeddable":true,"href":"https:\/\/csstl.gouv.qc.ca\/services-aux-entreprises\/wp-json\/wp\/v2\/users\/2"}],"replies":[{"embeddable":true,"href":"https:\/\/csstl.gouv.qc.ca\/services-aux-entreprises\/wp-json\/wp\/v2\/comments?post=171"}],"version-history":[{"count":0,"href":"https:\/\/csstl.gouv.qc.ca\/services-aux-entreprises\/wp-json\/wp\/v2\/pages\/171\/revisions"}],"wp:attachment":[{"href":"https:\/\/csstl.gouv.qc.ca\/services-aux-entreprises\/wp-json\/wp\/v2\/media?parent=171"}],"curies":[{"name":"wp","href":"https:\/\/api.w.org\/{rel}","templated":true}]}}