{"id":167,"date":"2022-11-21T13:00:41","date_gmt":"2022-11-21T18:00:41","guid":{"rendered":"https:\/\/cs3lacs.wpengine.com\/services-aux-entreprises\/?page_id=167"},"modified":"2023-02-22T15:10:35","modified_gmt":"2023-02-22T20:10:35","slug":"conduite-de-grues","status":"publish","type":"page","link":"https:\/\/csstl.gouv.qc.ca\/services-aux-entreprises\/conduite-de-grues\/","title":{"rendered":"Conduite de grues"},"content":{"rendered":"\n<p>Les services aux entreprises organisent des formations sur mesure sur la conduite s\u00e9curitaire des grues adapt\u00e9es \u00e0 la r\u00e9alit\u00e9 et aux besoins des entreprises.<\/p>\n\n\n\n<p>Les conseillers en formation tiennent compte de l\u2019exp\u00e9rience des candidats, du travail \u00e0 effectuer, des appareils et des outils utilis\u00e9s pour vous soumettre une offre de services personnalis\u00e9e.<\/p>\n\n\n\n<p>Les formations sur mesure sur la conduite de grues peuvent porter sur les th\u00e8mes suivants :<\/p>\n\n\n\n<ul class=\"wp-block-list\">\n<li>conduite s\u00e9curitaire d\u2019une grue (conventionnelle, hydraulique, camion-grue);<\/li>\n\n\n\n<li>gr\u00e9age et \u00e9lingage;<\/li>\n\n\n\n<li>signalisation;<\/li>\n\n\n\n<li>camion nacelle.<\/li>\n<\/ul>\n\n\n\n<p>Conduite s\u00e9curitaire d&rsquo;une grue<\/p>\n\n\n\n<p>Les services aux entreprises organisent des formations sur mesure sur la conduite s\u00e9curitaire des grues adapt\u00e9es \u00e0 la r\u00e9alit\u00e9 et aux besoins des entreprises.<\/p>\n\n\n\n<p>Les conseillers en formation tiennent compte de l\u2019exp\u00e9rience des candidats, du travail \u00e0 effectuer, des appareils et des outils utilis\u00e9s pour vous soumettre une offre de services personnalis\u00e9e.<\/p>\n\n\n\n<p>Les formations sur mesure sur la conduite de grues peuvent porter sur les \u00e9quipements suivants : grue conventionnelle, grue hydraulique, camion-grue.<\/p>\n\n\n\n<p>Nos formations peuvent porter sur les points suivants :<\/p>\n\n\n\n<h2 class=\"wp-block-heading\">Formation th\u00e9orique<\/h2>\n\n\n\n<h3 class=\"wp-block-heading\">Direction des op\u00e9rations de la grue par signaux<\/h3>\n\n\n\n<ul class=\"wp-block-list\">\n<li>interpr\u00e9ter une directive verbale et \u00e9crite;<\/li>\n\n\n\n<li>\u00e9tablir la m\u00e9thode de communication;<\/li>\n\n\n\n<li>signaler manuellement les man\u0153uvres;<\/li>\n\n\n\n<li>signaler verbalement les man\u0153uvres;<\/li>\n\n\n\n<li>interpr\u00e9ter les signaux re\u00e7us.<\/li>\n<\/ul>\n\n\n\n<h3 class=\"wp-block-heading\">Gr\u00e9age et \u00e9lingage<\/h3>\n\n\n\n<ul class=\"wp-block-list\">\n<li>v\u00e9rifier et entretenir les c\u00e2bles :\n<ul class=\"wp-block-list\">\n<li>des treuils de levage;<\/li>\n\n\n\n<li>du treuil de la fl\u00e8che;<\/li>\n\n\n\n<li>des tirants de la fl\u00e8che et de la fl\u00e9chette.<\/li>\n<\/ul>\n<\/li>\n\n\n\n<li>s\u00e9lectionner les accessoires de suspension;<\/li>\n\n\n\n<li>v\u00e9rifier les accessoires de suspension;<\/li>\n\n\n\n<li>\u00e9linguer des charges de formes, de volumes et de poids diff\u00e9rents;<\/li>\n\n\n\n<li>entreposer les accessoires de suspension.<\/li>\n<\/ul>\n\n\n\n<h3 class=\"wp-block-heading\">Interpr\u00e9tation du tableau des charges et plans de levage<\/h3>\n\n\n\n<ul class=\"wp-block-list\">\n<li>d\u00e9terminer les facteurs et les conditions influant sur la capacit\u00e9 de levage de la grue;<\/li>\n\n\n\n<li>interpr\u00e9ter la capacit\u00e9 de divers \u00e9l\u00e9ments requis pour la manutention de charges;<\/li>\n\n\n\n<li>appliquer les principales techniques relatives \u00e0 la manutention de charges.<\/li>\n<\/ul>\n\n\n\n<h2 class=\"wp-block-heading\">Formation pratique<\/h2>\n\n\n\n<h3 class=\"wp-block-heading\">Inspection de la grue<\/h3>\n\n\n\n<ul class=\"wp-block-list\">\n<li>structure portante;<\/li>\n\n\n\n<li>fl\u00e8che et fl\u00e9chette;<\/li>\n\n\n\n<li>transporteur;<\/li>\n\n\n\n<li>gr\u00e9age;<\/li>\n\n\n\n<li>pression d\u2019air des pneus;<\/li>\n\n\n\n<li>effectuer la lubrification;<\/li>\n\n\n\n<li>remplacer les c\u00e2bles des treuils de levage et du treuil de la fl\u00e8che et effectuer le mouflage;<\/li>\n\n\n\n<li>r\u00e9diger les rapports;<\/li>\n\n\n\n<li>inscriptions au livre de bord et dans la fiche journali\u00e8re.<\/li>\n<\/ul>\n\n\n\n<h3 class=\"wp-block-heading\">Man\u0153uvre de la grue<\/h3>\n\n\n\n<ul class=\"wp-block-list\">\n<li>d\u00e9marrer le moteur;<\/li>\n\n\n\n<li>circuler;<\/li>\n\n\n\n<li>positionner la grue;<\/li>\n\n\n\n<li>actionner les commandes de la fl\u00e8che, du lest et de la tourelle;<\/li>\n\n\n\n<li>stationner la grue.<\/li>\n<\/ul>\n\n\n\n<h3 class=\"wp-block-heading\">Chargement et d\u00e9chargement des mat\u00e9riaux<\/h3>\n\n\n\n<ul class=\"wp-block-list\">\n<li>planifier le travail;<\/li>\n\n\n\n<li>pr\u00e9parer la grue;<\/li>\n\n\n\n<li>\u00e9tablir la m\u00e9thode de communication;<\/li>\n\n\n\n<li>effectuer le travail.<\/li>\n<\/ul>\n\n\n\n<h1 class=\"wp-block-heading\">Signalisation<\/h1>\n\n\n\n<p>Tout en facilitant les t\u00e2ches de manutention, les appareils de levage sont des \u00e9quipements potentiellement dangereux \u00e0 op\u00e9rer. Chaque ann\u00e9e, on d\u00e9plore de nombreux accidents, entra\u00eenant des blessures graves et parfois mortelles, de m\u00eame que des pertes mat\u00e9rielles consid\u00e9rables.<\/p>\n\n\n\n<p>Le fait d\u2019avoir suivi une formation sur la direction des op\u00e9rations de la grue par signaux permet de coordonner les travaux de mani\u00e8re s\u00e9curitaire.<\/p>\n\n\n\n<p>La formation aborde les \u00e9l\u00e9ments suivants :<\/p>\n\n\n\n<ul class=\"wp-block-list\">\n<li>interpr\u00e9ter une direction verbale et \u00e9crite;<\/li>\n\n\n\n<li>\u00e9tablir la m\u00e9thode de communication;<\/li>\n\n\n\n<li>signaler manuellement les man\u0153uvres;<\/li>\n\n\n\n<li>signaler verbalement les man\u0153uvres;<\/li>\n\n\n\n<li>interpr\u00e9ter les signaux re\u00e7us.<\/li>\n<\/ul>\n\n\n\n<p>Nous offrons aux entreprises et aux municipalit\u00e9s des sessions d\u2019\u00e9valuation diagnostique, th\u00e9orique ou pratique, pour la s\u00e9lection de vos futurs employ\u00e9s ou simplement pour valider les besoins de formation de vos employ\u00e9s. Ces \u00e9valuations sont de courtes dur\u00e9es et peuvent \u00eatre adapt\u00e9es \u00e0 vos besoins sp\u00e9cifiques.<\/p>\n\n\n\n<h1 class=\"wp-block-heading\">Op\u00e9ration s\u00e9curitaire d&rsquo;un camion nacelle<\/h1>\n\n\n\n<p>Les services aux entreprises organisent des formations sur mesure sur la conduite et l&rsquo;utilisation s\u00e9curitaire d\u2019une nacelle sur camion adapt\u00e9es \u00e0 la r\u00e9alit\u00e9 et aux besoins des entreprises.<\/p>\n\n\n\n<p>Les conseillers en formation tiennent compte de l\u2019exp\u00e9rience des candidats, du travail \u00e0 effectuer, des appareils et des outils utilis\u00e9s pour vous soumettre une offre de services personnalis\u00e9e.<\/p>\n\n\n\n<p>Au terme de la formation, le participant conna\u00eetra les principes de base ainsi que les risques li\u00e9s \u00e0 la conduite et l&rsquo;utilisation d\u2019une nacelle sur camion.<\/p>\n\n\n\n<p>La formation contient :<\/p>\n\n\n\n<ul class=\"wp-block-list\">\n<li>inspecter l\u2019\u00e9quipement;<\/li>\n\n\n\n<li>effectuer les man\u0153uvres de base;<\/li>\n\n\n\n<li>inspecter et ajuster des \u00e9quipements de protection contre les chutes (harnais et absorbeur d\u2019\u00e9nergie).<\/li>\n<\/ul>\n","protected":false},"excerpt":{"rendered":"<p>Les services aux entreprises organisent des formations sur mesure sur la conduite s\u00e9curitaire des grues adapt\u00e9es \u00e0 la r\u00e9alit\u00e9 et aux besoins des entreprises. Les conseillers en formation tiennent compte [&hellip;]<\/p>\n","protected":false},"author":2,"featured_media":0,"parent":0,"menu_order":0,"comment_status":"closed","ping_status":"closed","template":"","meta":{"_genesis_hide_title":false,"_genesis_hide_breadcrumbs":false,"_genesis_hide_singular_image":false,"_genesis_hide_footer_widgets":false,"_genesis_custom_body_class":"","_genesis_custom_post_class":"","_genesis_layout":"","footnotes":""},"class_list":["post-167","page","type-page","status-publish","entry"],"featured_image_src":null,"featured_image_src_square":null,"_links":{"self":[{"href":"https:\/\/csstl.gouv.qc.ca\/services-aux-entreprises\/wp-json\/wp\/v2\/pages\/167","targetHints":{"allow":["GET"]}}],"collection":[{"href":"https:\/\/csstl.gouv.qc.ca\/services-aux-entreprises\/wp-json\/wp\/v2\/pages"}],"about":[{"href":"https:\/\/csstl.gouv.qc.ca\/services-aux-entreprises\/wp-json\/wp\/v2\/types\/page"}],"author":[{"embeddable":true,"href":"https:\/\/csstl.gouv.qc.ca\/services-aux-entreprises\/wp-json\/wp\/v2\/users\/2"}],"replies":[{"embeddable":true,"href":"https:\/\/csstl.gouv.qc.ca\/services-aux-entreprises\/wp-json\/wp\/v2\/comments?post=167"}],"version-history":[{"count":0,"href":"https:\/\/csstl.gouv.qc.ca\/services-aux-entreprises\/wp-json\/wp\/v2\/pages\/167\/revisions"}],"wp:attachment":[{"href":"https:\/\/csstl.gouv.qc.ca\/services-aux-entreprises\/wp-json\/wp\/v2\/media?parent=167"}],"curies":[{"name":"wp","href":"https:\/\/api.w.org\/{rel}","templated":true}]}}