{"id":214,"date":"2023-05-15T12:30:02","date_gmt":"2023-05-15T17:30:02","guid":{"rendered":"https:\/\/csstl.gouv.qc.ca\/services-accueil-reference-conseil-accompagnement\/?page_id=214"},"modified":"2023-06-06T14:34:36","modified_gmt":"2023-06-06T19:34:36","slug":"ccq","status":"publish","type":"page","link":"https:\/\/csstl.gouv.qc.ca\/services-accueil-reference-conseil-accompagnement\/ccq\/","title":{"rendered":"CCQ"},"content":{"rendered":"\n<p>TRAVAILLEUR ET TRAVAILLEUSE DE LA CCQ<\/p>\n\n\n\n<p>Vous souhaitez obtenir vos cartes d&rsquo;apprenti de la Commission de la construction du Qu\u00e9bec CCQ<\/p>\n\n\n\n<p>Vous n&rsquo;avez pas de dipl\u00f4me d&rsquo;\u00e9tudes secondaires (DES), dipl\u00f4me d&rsquo;\u00e9tudes professionnelles (DEP) ou les mati\u00e8res de base exig\u00e9es pour votre m\u00e9tier?<\/p>\n\n\n\n<p>N&rsquo;h\u00e9sitez pas \u00e0 contacter Martine Duranceau au 514-477-7020, poste 5040.<\/p>\n","protected":false},"excerpt":{"rendered":"<p>TRAVAILLEUR ET TRAVAILLEUSE DE LA CCQ Vous souhaitez obtenir vos cartes d&rsquo;apprenti de la Commission de la construction du Qu\u00e9bec CCQ Vous n&rsquo;avez pas de dipl\u00f4me d&rsquo;\u00e9tudes secondaires (DES), dipl\u00f4me [&hellip;]<\/p>\n","protected":false},"author":2,"featured_media":0,"parent":0,"menu_order":0,"comment_status":"closed","ping_status":"closed","template":"","meta":{"_genesis_hide_title":false,"_genesis_hide_breadcrumbs":false,"_genesis_hide_singular_image":false,"_genesis_hide_footer_widgets":false,"_genesis_custom_body_class":"","_genesis_custom_post_class":"","_genesis_layout":"","footnotes":""},"class_list":["post-214","page","type-page","status-publish","entry"],"featured_image_src":null,"featured_image_src_square":null,"_links":{"self":[{"href":"https:\/\/csstl.gouv.qc.ca\/services-accueil-reference-conseil-accompagnement\/wp-json\/wp\/v2\/pages\/214","targetHints":{"allow":["GET"]}}],"collection":[{"href":"https:\/\/csstl.gouv.qc.ca\/services-accueil-reference-conseil-accompagnement\/wp-json\/wp\/v2\/pages"}],"about":[{"href":"https:\/\/csstl.gouv.qc.ca\/services-accueil-reference-conseil-accompagnement\/wp-json\/wp\/v2\/types\/page"}],"author":[{"embeddable":true,"href":"https:\/\/csstl.gouv.qc.ca\/services-accueil-reference-conseil-accompagnement\/wp-json\/wp\/v2\/users\/2"}],"replies":[{"embeddable":true,"href":"https:\/\/csstl.gouv.qc.ca\/services-accueil-reference-conseil-accompagnement\/wp-json\/wp\/v2\/comments?post=214"}],"version-history":[{"count":0,"href":"https:\/\/csstl.gouv.qc.ca\/services-accueil-reference-conseil-accompagnement\/wp-json\/wp\/v2\/pages\/214\/revisions"}],"wp:attachment":[{"href":"https:\/\/csstl.gouv.qc.ca\/services-accueil-reference-conseil-accompagnement\/wp-json\/wp\/v2\/media?parent=214"}],"curies":[{"name":"wp","href":"https:\/\/api.w.org\/{rel}","templated":true}]}}