{"id":173,"date":"2023-05-14T12:02:06","date_gmt":"2023-05-14T17:02:06","guid":{"rendered":"https:\/\/cs3lacs.wpengine.com\/services-accueil-reference-conseil-accompagnement\/?page_id=173"},"modified":"2025-08-15T08:14:24","modified_gmt":"2025-08-15T13:14:24","slug":"tests-dequivalence","status":"publish","type":"page","link":"https:\/\/csstl.gouv.qc.ca\/services-accueil-reference-conseil-accompagnement\/tests-dequivalence\/","title":{"rendered":"Tests d&rsquo;\u00e9quivalence"},"content":{"rendered":"\n<p>Le TENS est une \u00e9valuation compos\u00e9e de sept examens qui \u00e9valuent vos connaissances g\u00e9n\u00e9rales dans sept mati\u00e8res.&nbsp; La r\u00e9ussite du TENS vous donne une Attestation d&rsquo;\u00e9quivalence de niveau de scolarit\u00e9 du secondaire (AENS). L\u2019attestation est \u00e9mise par le minist\u00e8re de l&rsquo;\u00c9ducation du Qu\u00e9bec.<\/p>\n\n\n\n<p>L&rsquo;adulte qui fait un TENS doit \u00eatre \u00e2g\u00e9 de 16 ans au 30 juin de l&rsquo;ann\u00e9e scolaire pr\u00e9c\u00e9dente et croit avoir des connaissances suffisantes pour \u00eatre \u00e9valu\u00e9 au niveau de la 3<sup>e<\/sup>, 4<sup>e<\/sup>&nbsp;et de la 5<sup>e<\/sup>&nbsp;secondaire.<\/p>\n\n\n\n<p>L&rsquo;AENS ne remplace pas le DES et n&rsquo;augmente pas votre scolarit\u00e9&nbsp;pour le DES.<\/p>\n\n\n\n<p>L&rsquo;AENS vous rend admissible au Dipl\u00f4me d&rsquo;\u00e9tudes professionnelles (DEP) et \u00e0 l&rsquo;Attestation d&rsquo;\u00e9tudes professionnelles (AEP), ainsi qu&rsquo;\u00e0 certaines Attestations d&rsquo;\u00e9tudes coll\u00e9giales (AEC), et favorise l&rsquo;acc\u00e8s \u00e0 certains emplois exigeant une \u00e9quivalence.<\/p>\n\n\n\n<p>Les sept examens sont \u00e0 choix multiples et il faut r\u00e9ussir les deux examens de fran\u00e7ais qui sont obligatoires et trois examens parmi les cinq optionnels.&nbsp; La note de passage est de 60 %.<\/p>\n\n\n\n<p><strong>Comment s&rsquo;inscrire au TENS<\/strong>\u00a0:<br>Communiquer avez le secr\u00e9tariat du Centre des Belles-Rives au 514-477-7020, poste 31142 pour prendre un rendez-vous avec une conseill\u00e8re.<\/p>\n\n\n\n<p><br>Lors de votre rendez-vous, vous devrez pr\u00e9senter :<br>&#8211;&nbsp;&nbsp;&nbsp;&nbsp;&nbsp; Certificat de naissance de l&rsquo;\u00e9tat civil et un bulletin scolaire<\/p>\n\n\n\n<ul class=\"wp-block-list\">\n<li>Document d\u2019immigration si vous \u00eates n\u00e9 \u00e0 l\u2019ext\u00e9rieur du Canada<br><strong>ET<\/strong><\/li>\n\n\n\n<li>Une preuve de r\u00e9sidence (permis de conduire ou carte d&rsquo;assurance maladie valide ou autre)<\/li>\n<\/ul>\n\n\n\n<p>Lors de ce rendez-vous, vous recevrez votre guide TENS.<\/p>\n\n\n\n<ul class=\"wp-block-list\">\n<li><strong><a href=\"https:\/\/media.csstl.gouv.qc.ca\/wp-content\/uploads\/sites\/56\/2023\/11\/13152636\/Guide-TENS-2023-2024.pdf\">GUIDE TENS 2023-2024 <\/a><\/strong><\/li>\n<\/ul>\n\n\n\n<p><strong>CAHIERS PR\u00c9PARATOIRES <\/strong><em>(Ces cahiers pr\u00e9paratoires englobent des notions sur les 7 examens, mais ils ne sont pas bas\u00e9s sur les examens.)<\/em><\/p>\n\n\n\n<ul class=\"wp-block-list\">\n<li><strong><a href=\"https:\/\/media.csstl.gouv.qc.ca\/wp-content\/uploads\/sites\/56\/2023\/07\/06125931\/Comprehension-de-texte.pdf\">Compr\u00e9hension de texte <\/a><\/strong><\/li>\n\n\n\n<li><strong><a href=\"https:\/\/media.csstl.gouv.qc.ca\/wp-content\/uploads\/sites\/56\/2023\/07\/06130014\/Grammaire.pdf\">Grammaire <\/a><\/strong><\/li>\n\n\n\n<li><strong><a href=\"https:\/\/media.csstl.gouv.qc.ca\/wp-content\/uploads\/sites\/56\/2023\/07\/06130058\/Mathematiques.pdf\">Math\u00e9matique <\/a><\/strong><\/li>\n\n\n\n<li><strong><a href=\"https:\/\/media.csstl.gouv.qc.ca\/wp-content\/uploads\/sites\/56\/2023\/07\/06130138\/Anglais-langue-seconde.pdf\">Anglais <\/a><\/strong><\/li>\n\n\n\n<li><strong><a href=\"https:\/\/media.csstl.gouv.qc.ca\/wp-content\/uploads\/sites\/56\/2023\/07\/06130228\/Sciences-humaines.pdf\">Sciences humaines<\/a> <\/strong><\/li>\n\n\n\n<li><strong><a href=\"https:\/\/media.csstl.gouv.qc.ca\/wp-content\/uploads\/sites\/56\/2023\/07\/06130314\/Sciences-economiques.pdf\">Sciences \u00e9conomiques <\/a><\/strong><\/li>\n\n\n\n<li><strong><a href=\"https:\/\/media.csstl.gouv.qc.ca\/wp-content\/uploads\/sites\/56\/2023\/07\/06130355\/Sciences-de-la-nature.pdf\">Sciences de la nature <\/a><\/strong><\/li>\n<\/ul>\n\n\n\n<p><\/p>\n","protected":false},"excerpt":{"rendered":"<p>Le TENS est une \u00e9valuation compos\u00e9e de sept examens qui \u00e9valuent vos connaissances g\u00e9n\u00e9rales dans sept mati\u00e8res.&nbsp; La r\u00e9ussite du TENS vous donne une Attestation d&rsquo;\u00e9quivalence de niveau de scolarit\u00e9 [&hellip;]<\/p>\n","protected":false},"author":2,"featured_media":0,"parent":0,"menu_order":0,"comment_status":"closed","ping_status":"closed","template":"","meta":{"_genesis_hide_title":false,"_genesis_hide_breadcrumbs":false,"_genesis_hide_singular_image":false,"_genesis_hide_footer_widgets":false,"_genesis_custom_body_class":"","_genesis_custom_post_class":"","_genesis_layout":"","footnotes":""},"class_list":["post-173","page","type-page","status-publish","entry"],"featured_image_src":null,"featured_image_src_square":null,"_links":{"self":[{"href":"https:\/\/csstl.gouv.qc.ca\/services-accueil-reference-conseil-accompagnement\/wp-json\/wp\/v2\/pages\/173","targetHints":{"allow":["GET"]}}],"collection":[{"href":"https:\/\/csstl.gouv.qc.ca\/services-accueil-reference-conseil-accompagnement\/wp-json\/wp\/v2\/pages"}],"about":[{"href":"https:\/\/csstl.gouv.qc.ca\/services-accueil-reference-conseil-accompagnement\/wp-json\/wp\/v2\/types\/page"}],"author":[{"embeddable":true,"href":"https:\/\/csstl.gouv.qc.ca\/services-accueil-reference-conseil-accompagnement\/wp-json\/wp\/v2\/users\/2"}],"replies":[{"embeddable":true,"href":"https:\/\/csstl.gouv.qc.ca\/services-accueil-reference-conseil-accompagnement\/wp-json\/wp\/v2\/comments?post=173"}],"version-history":[{"count":0,"href":"https:\/\/csstl.gouv.qc.ca\/services-accueil-reference-conseil-accompagnement\/wp-json\/wp\/v2\/pages\/173\/revisions"}],"wp:attachment":[{"href":"https:\/\/csstl.gouv.qc.ca\/services-accueil-reference-conseil-accompagnement\/wp-json\/wp\/v2\/media?parent=173"}],"curies":[{"name":"wp","href":"https:\/\/api.w.org\/{rel}","templated":true}]}}