{"id":110,"date":"2022-10-25T12:57:58","date_gmt":"2022-10-25T17:57:58","guid":{"rendered":"https:\/\/cs3lacs.wpengine.com\/services-accueil-reference-conseil-accompagnement\/?page_id=110"},"modified":"2025-08-15T08:17:38","modified_gmt":"2025-08-15T13:17:38","slug":"reconnaissance-acquis-competences","status":"publish","type":"page","link":"https:\/\/csstl.gouv.qc.ca\/services-accueil-reference-conseil-accompagnement\/reconnaissance-acquis-competences\/","title":{"rendered":"Reconnaissance des acquis et des comp\u00e9tences (RAC)"},"content":{"rendered":"\n<p>La reconnaissance des acquis et des comp\u00e9tences (RAC) est une d\u00e9marche individuelle qui permet \u00e0 un adulte de faire \u00e9valuer et reconna\u00eetre officiellement ses comp\u00e9tences acquises gr\u00e2ce \u00e0 des exp\u00e9riences de vie et de travail reli\u00e9es \u00e0 un programme d&rsquo;\u00e9tudes, et de recevoir soit un dipl\u00f4me d&rsquo;\u00e9tudes professionnelles (DEP).<br><a href=\"https:\/\/www.youtube.com\/watch?v=hkRXAVQALFs\" target=\"_blank\" rel=\"noreferrer noopener\">https:\/\/www.youtube.com\/watch?v=hkRXAVQALFs<\/a><\/p>\n\n\n\n<p><a href=\"http:\/\/www.ceracfp.ca\/fr\" target=\"_blank\" rel=\"noreferrer noopener\">http:\/\/www.ceracfp.ca\/fr<\/a><\/p>\n\n\n\n<p>Pour s&rsquo;inscrire \u00e0 la RAC, il faut obligatoirement communiquer avec une conseill\u00e8re.<\/p>\n\n\n\n<ul class=\"wp-block-list\">\n<li>Martine Duranceau, conseill\u00e8re en information scolaire<br>514-477-7020, poste 5040<br>martine.duranceau@csstl.gouv.qc.ca<\/li>\n\n\n\n<li>St\u00e9phanie Plante, conseill\u00e8re en orientation<br>514-477-7020, poste 5059<br>stephanie.plante@csstl.gouv.qc.ca<\/li>\n<\/ul>\n","protected":false},"excerpt":{"rendered":"<p>La reconnaissance des acquis et des comp\u00e9tences (RAC) est une d\u00e9marche individuelle qui permet \u00e0 un adulte de faire \u00e9valuer et reconna\u00eetre officiellement ses comp\u00e9tences acquises gr\u00e2ce \u00e0 des exp\u00e9riences [&hellip;]<\/p>\n","protected":false},"author":2,"featured_media":0,"parent":0,"menu_order":0,"comment_status":"closed","ping_status":"closed","template":"","meta":{"_genesis_hide_title":false,"_genesis_hide_breadcrumbs":false,"_genesis_hide_singular_image":false,"_genesis_hide_footer_widgets":false,"_genesis_custom_body_class":"","_genesis_custom_post_class":"","_genesis_layout":"","footnotes":""},"class_list":["post-110","page","type-page","status-publish","entry"],"featured_image_src":null,"featured_image_src_square":null,"_links":{"self":[{"href":"https:\/\/csstl.gouv.qc.ca\/services-accueil-reference-conseil-accompagnement\/wp-json\/wp\/v2\/pages\/110","targetHints":{"allow":["GET"]}}],"collection":[{"href":"https:\/\/csstl.gouv.qc.ca\/services-accueil-reference-conseil-accompagnement\/wp-json\/wp\/v2\/pages"}],"about":[{"href":"https:\/\/csstl.gouv.qc.ca\/services-accueil-reference-conseil-accompagnement\/wp-json\/wp\/v2\/types\/page"}],"author":[{"embeddable":true,"href":"https:\/\/csstl.gouv.qc.ca\/services-accueil-reference-conseil-accompagnement\/wp-json\/wp\/v2\/users\/2"}],"replies":[{"embeddable":true,"href":"https:\/\/csstl.gouv.qc.ca\/services-accueil-reference-conseil-accompagnement\/wp-json\/wp\/v2\/comments?post=110"}],"version-history":[{"count":0,"href":"https:\/\/csstl.gouv.qc.ca\/services-accueil-reference-conseil-accompagnement\/wp-json\/wp\/v2\/pages\/110\/revisions"}],"wp:attachment":[{"href":"https:\/\/csstl.gouv.qc.ca\/services-accueil-reference-conseil-accompagnement\/wp-json\/wp\/v2\/media?parent=110"}],"curies":[{"name":"wp","href":"https:\/\/api.w.org\/{rel}","templated":true}]}}