{"id":746,"date":"2019-11-28T14:55:59","date_gmt":"2019-11-28T19:55:59","guid":{"rendered":"https:\/\/cs3lacs.wpengine.com\/de-la-samare\/?page_id=746"},"modified":"2025-10-16T08:53:09","modified_gmt":"2025-10-16T13:53:09","slug":"portrait","status":"publish","type":"page","link":"https:\/\/csstl.gouv.qc.ca\/samare\/portrait\/","title":{"rendered":"Portrait"},"content":{"rendered":"\n<p>L&rsquo;\u00e9cole de la Samare a ouvert ses portes en septembre 1998. Construite pour desservir la client\u00e8le sans cesse grandissante de Notre-Dame-de-l&rsquo;\u00cele-Perrot, elle accueillait alors environ 300 \u00e9l\u00e8ves de la maternelle \u00e0 la 5e ann\u00e9e.<\/p>\n\n\n\n<p>Le nom de l&rsquo;\u00e9cole a \u00e9t\u00e9 choisi par voie de concours. Une samare, comme vous le savez, est le fruit de l&rsquo;\u00e9rable, du h\u00eatre et de l&rsquo;orme. L&rsquo;environnement bois\u00e9 tout autour y fait r\u00e9f\u00e9rence. Mis en bonne terre, ce petit fruit se d\u00e9veloppera et deviendra un arbre magnifique.<\/p>\n\n\n\n<p>Gr\u00e2ce \u00e0 tous les acteurs qui se sont mobilis\u00e9s pour participer au succ\u00e8s de l&rsquo;entreprise, l&rsquo;\u00e9cole de la Samare est sans contredit une r\u00e9ussite architecturale mais surtout un lieu tr\u00e8s anim\u00e9 qui permet \u00e0 tous et chacun de mettre \u00e0 contribution ses talents.<\/p>\n\n\n\n<p>L&rsquo;arriv\u00e9e de nombreuses jeunes familles dans ce secteur en pleine croissance explique l&rsquo;augmentation de sa client\u00e8le. Elle accueille maintenant plus de 334 \u00e9l\u00e8ves de la maternelle \u00e0 la 6<sup>e<\/sup> ann\u00e9e.\u00a0<\/p>\n\n\n\n<p>L&rsquo;\u00e9cole de la Samare est un milieu de vie stimulant o\u00f9 le d\u00e9veloppement global des \u00e9l\u00e8ves est sa priorit\u00e9.<\/p>\n","protected":false},"excerpt":{"rendered":"<p>L&rsquo;\u00e9cole de la Samare a ouvert ses portes en septembre 1998. Construite pour desservir la client\u00e8le sans cesse grandissante de Notre-Dame-de-l&rsquo;\u00cele-Perrot, elle accueillait alors environ 300 \u00e9l\u00e8ves de la maternelle \u00e0 la 5e ann\u00e9e. Le nom de l&rsquo;\u00e9cole a \u00e9t\u00e9 choisi par voie de concours. Une samare, comme vous le savez, est le fruit de [&hellip;]<\/p>\n","protected":false},"author":4,"featured_media":0,"parent":0,"menu_order":0,"comment_status":"closed","ping_status":"closed","template":"","meta":{"_genesis_hide_title":false,"_genesis_hide_breadcrumbs":false,"_genesis_hide_singular_image":false,"_genesis_hide_footer_widgets":false,"_genesis_custom_body_class":"","_genesis_custom_post_class":"","_genesis_layout":"","footnotes":""},"class_list":{"0":"post-746","1":"page","2":"type-page","3":"status-publish","5":"entry"},"featured_image_src":null,"featured_image_src_square":null,"_links":{"self":[{"href":"https:\/\/csstl.gouv.qc.ca\/samare\/wp-json\/wp\/v2\/pages\/746","targetHints":{"allow":["GET"]}}],"collection":[{"href":"https:\/\/csstl.gouv.qc.ca\/samare\/wp-json\/wp\/v2\/pages"}],"about":[{"href":"https:\/\/csstl.gouv.qc.ca\/samare\/wp-json\/wp\/v2\/types\/page"}],"author":[{"embeddable":true,"href":"https:\/\/csstl.gouv.qc.ca\/samare\/wp-json\/wp\/v2\/users\/4"}],"replies":[{"embeddable":true,"href":"https:\/\/csstl.gouv.qc.ca\/samare\/wp-json\/wp\/v2\/comments?post=746"}],"version-history":[{"count":0,"href":"https:\/\/csstl.gouv.qc.ca\/samare\/wp-json\/wp\/v2\/pages\/746\/revisions"}],"wp:attachment":[{"href":"https:\/\/csstl.gouv.qc.ca\/samare\/wp-json\/wp\/v2\/media?parent=746"}],"curies":[{"name":"wp","href":"https:\/\/api.w.org\/{rel}","templated":true}]}}