{"id":742,"date":"2019-11-28T14:51:45","date_gmt":"2019-11-28T19:51:45","guid":{"rendered":"https:\/\/cs3lacs.wpengine.com\/de-la-samare\/?page_id=742"},"modified":"2026-04-07T12:43:56","modified_gmt":"2026-04-07T17:43:56","slug":"documents-liens-utiles","status":"publish","type":"page","link":"https:\/\/csstl.gouv.qc.ca\/samare\/documents-liens-utiles\/","title":{"rendered":"Documents et liens utiles"},"content":{"rendered":"\n<h2 class=\"wp-block-heading\">Nature et p\u00e9riodes des \u00e9valuations &#8211; Ann\u00e9e scolaire 2025-2026<\/h2>\n\n\n\n<ul class=\"wp-block-list\">\n<li><a href=\"https:\/\/media.csstl.gouv.qc.ca\/wp-content\/uploads\/sites\/35\/2025\/10\/17125228\/Nature-et-periode-des-evaluations-1er-cycle_2025-2026.pdf\">1er cycle &#8211; 1re et 2e ann\u00e9e<\/a> <\/li>\n\n\n\n<li><a href=\"https:\/\/media.csstl.gouv.qc.ca\/wp-content\/uploads\/sites\/35\/2025\/10\/17125230\/Nature-et-periode-des-evaluations-2e-cycle_2025-2026.pdf\">2e cycle &#8211; 3e et 4e ann\u00e9e<\/a><\/li>\n\n\n\n<li><a href=\"https:\/\/media.csstl.gouv.qc.ca\/wp-content\/uploads\/sites\/35\/2025\/11\/06080644\/Nature-et-periode-des-evaluations-3e-cycle_2025-2026.pdf\">3e cycle &#8211; 5e et 6e ann\u00e9e<\/a><\/li>\n<\/ul>\n\n\n\n<h2 class=\"wp-block-heading\">Guide aux parents &#8211; Bulletin<\/h2>\n\n\n\n<p><a href=\"https:\/\/media.csstl.gouv.qc.ca\/wp-content\/uploads\/sites\/35\/2025\/11\/07102547\/Guides-aux-parents-3-cycles-du-PRIMAIRE_novembre-2025.pdf\">Guides aux parents &#8211; 3 cycles du primaire<\/a><\/p>\n\n\n\n<h2 class=\"wp-block-heading\">Anglais &#8211; Guides 2025-2026<\/h2>\n\n\n\n<p><a href=\"https:\/\/media.csstl.gouv.qc.ca\/wp-content\/uploads\/sites\/35\/2025\/09\/05073015\/Guide-de-Parents-Cycle-1-2025-2026-final.pdf\">Guide des parents &#8211; 1er cycle<\/a><br><a href=\"https:\/\/media.csstl.gouv.qc.ca\/wp-content\/uploads\/sites\/35\/2025\/09\/05073016\/Guide-de-Parents-Cycle-2-2025-2026-final.pdf\">Guide des parents &#8211; 2e cycle<\/a><br><a href=\"https:\/\/media.csstl.gouv.qc.ca\/wp-content\/uploads\/sites\/35\/2025\/09\/05073018\/Guide-de-Parents-Cycle-3-2025-2026-final.pdf\">Guide des parents &#8211; 3e cycle<\/a><br><a href=\"https:\/\/media.csstl.gouv.qc.ca\/wp-content\/uploads\/sites\/35\/2024\/09\/12092148\/Online-resources-Websites-1.pdf\">OnLine resources &#8211; Websites<\/a><br><a href=\"https:\/\/media.csstl.gouv.qc.ca\/wp-content\/uploads\/sites\/35\/2024\/09\/12092154\/Resources-for-students-1.pdf\">Resources for students<\/a><\/p>\n\n\n\n<h2 class=\"wp-block-heading\">\u00c9ducation physique<\/h2>\n\n\n\n<p><a href=\"https:\/\/media.csstl.gouv.qc.ca\/wp-content\/uploads\/sites\/35\/2025\/09\/10141039\/Document-pour-les-parents-1er-cycle-2025-2026-final.pdf\">Document pour les parents 1er cycle<\/a><br><a href=\"https:\/\/media.csstl.gouv.qc.ca\/wp-content\/uploads\/sites\/35\/2025\/09\/10141041\/Document-pour-les-parents-2e-cycle-2025-2026-final.pdf\">Document pour les parents 2e cycle<\/a><br><a href=\"https:\/\/media.csstl.gouv.qc.ca\/wp-content\/uploads\/sites\/35\/2025\/09\/10141042\/Document-pour-les-parents-3e-cycle-2025-2026-final.pdf\">Document pour les parents 3e cycle<\/a><\/p>\n\n\n\n<h2 class=\"wp-block-heading\">Service de francisation<\/h2>\n\n\n\n<ul class=\"wp-block-list\">\n<li><a href=\"https:\/\/media.csstl.gouv.qc.ca\/wp-content\/uploads\/sites\/35\/2023\/07\/17085928\/Pratiquer_le_francais_a_la_maison_guide_pour_les_parents_mars_2020.pdf\" data-type=\"attachment\" data-id=\"1170\" target=\"_blank\" rel=\"noreferrer noopener\">Pratiquer le fran\u00e7ais \u00e0 la maison &#8211; Un guide pour les parents<\/a><\/li>\n<\/ul>\n\n\n\n<h2 class=\"wp-block-heading\">Formulaires<\/h2>\n\n\n\n<ul class=\"wp-block-list\">\n<li><a href=\"https:\/\/media.csstl.gouv.qc.ca\/wp-content\/uploads\/sites\/35\/2025\/09\/29085231\/CLI-60777_Autorisation-dadministration-de-medicaments-prescrits-2025-06-CSSTL.pdf\">Formulaire d&rsquo;autorisation d&rsquo;administrer un m\u00e9dicament NOUVEAU<\/a><\/li>\n<\/ul>\n\n\n\n<h2 class=\"wp-block-heading\">Info-Parent<\/h2>\n\n\n\n<ul class=\"wp-block-list\">\n<li><a href=\"https:\/\/media.csstl.gouv.qc.ca\/wp-content\/uploads\/sites\/35\/2025\/09\/08123018\/Info-parents-Special-Rentree-scolaire-Aout-Septembre-2025.pdf\">Info-parents &#8211; Ao\u00fbt et septembre 2025<\/a><\/li>\n\n\n\n<li><a href=\"https:\/\/media.csstl.gouv.qc.ca\/wp-content\/uploads\/sites\/35\/2025\/10\/03142224\/Info-parents-Halloween-octobre-2025.pdf\">Info-parents &#8211; Octobre 2025<\/a><\/li>\n\n\n\n<li><a href=\"https:\/\/media.csstl.gouv.qc.ca\/wp-content\/uploads\/sites\/35\/2025\/11\/04105725\/Info-parents_Novembre-2025.pdf\">Info-parents &#8211; Novembre 2025<\/a><\/li>\n\n\n\n<li><a href=\"https:\/\/media.csstl.gouv.qc.ca\/wp-content\/uploads\/sites\/35\/2025\/12\/01144137\/Info-parents-Noel-decembre-2025.pdf\">Info-parents &#8211; D\u00e9cembre 2025<\/a><\/li>\n\n\n\n<li><a href=\"https:\/\/media.csstl.gouv.qc.ca\/wp-content\/uploads\/sites\/35\/2026\/01\/12103621\/Info-parents-Janvier-2026.pdf\">Info-parents &#8211; Janvier 2026<\/a><\/li>\n\n\n\n<li><a href=\"https:\/\/media.csstl.gouv.qc.ca\/wp-content\/uploads\/sites\/35\/2026\/01\/30131342\/Info-parents-Fevrier-2026.pdf\">Info-parents &#8211; F\u00e9vrier 2026<\/a><\/li>\n\n\n\n<li><a href=\"https:\/\/media.csstl.gouv.qc.ca\/wp-content\/uploads\/sites\/35\/2026\/01\/30131357\/Complement-dinformations-Info-parents-fevrier-2026.pdf\">Compl\u00e9ment d&rsquo;information \u00e0 l&rsquo;info-parents &#8211; f\u00e9vrier 2026<\/a><\/li>\n\n\n\n<li><a href=\"https:\/\/media.csstl.gouv.qc.ca\/wp-content\/uploads\/sites\/35\/2026\/01\/30131424\/Mon-sourire-en-sante-page-5-Couverture-soins-dentaires.pdf\">Mon sourire en sant\u00e9<\/a><\/li>\n\n\n\n<li><a href=\"https:\/\/media.csstl.gouv.qc.ca\/wp-content\/uploads\/sites\/35\/2026\/01\/30131322\/Moi-je-garde.jpg\">Formation: Moi je garde<\/a><\/li>\n\n\n\n<li><a href=\"https:\/\/media.csstl.gouv.qc.ca\/wp-content\/uploads\/sites\/35\/2026\/01\/30131325\/Pret-a-rester-seul.jpg\">Pr\u00eat \u00e0 rester seul<\/a><\/li>\n\n\n\n<li><a href=\"https:\/\/media.csstl.gouv.qc.ca\/wp-content\/uploads\/sites\/35\/2026\/02\/27141445\/Info-parents-Mars-2026.pdf\">Info-parents &#8211; Mars 2026<\/a><\/li>\n\n\n\n<li><a href=\"https:\/\/media.csstl.gouv.qc.ca\/wp-content\/uploads\/sites\/35\/2026\/04\/01083559\/Info-parents-Avril-2026.pdf\">Info-parents &#8211; Avril 2026<\/a><\/li>\n\n\n\n<li>Info-parents &#8211; Mai 2026<\/li>\n\n\n\n<li>Info-parents &#8211; Juin 2026<br><\/li>\n<\/ul>\n\n\n\n<h2 class=\"wp-block-heading\">Semaines th\u00e9matiques<\/h2>\n\n\n\n<ul class=\"wp-block-list\">\n<li><a href=\"https:\/\/media.csstl.gouv.qc.ca\/wp-content\/uploads\/sites\/35\/2026\/01\/12104944\/Journees-thematiques-2025-2026.pdf\">Calendrier des journ\u00e9es th\u00e9matiques 2025-2026<\/a><\/li>\n\n\n\n<li>Janvier 2026: <a href=\"https:\/\/media.csstl.gouv.qc.ca\/wp-content\/uploads\/sites\/35\/2026\/01\/12104342\/Journee-Beach-party.pdf\">Journ\u00e9e Beach party<\/a><\/li>\n\n\n\n<li>F\u00e9vrier 2026: <a href=\"https:\/\/media.csstl.gouv.qc.ca\/wp-content\/uploads\/sites\/35\/2026\/01\/12104349\/Journee-perseVERT.pdf\">Journ\u00e9e Pers\u00e9Vert<\/a> et <a href=\"https:\/\/media.csstl.gouv.qc.ca\/wp-content\/uploads\/sites\/35\/2026\/01\/12104346\/Journee-contre-lintimidation.pdf\">Journ\u00e9e contre l&rsquo;intimidation<\/a><\/li>\n\n\n\n<li>Mars 2026: Journ\u00e9e Cabane \u00e0 sucre<\/li>\n\n\n\n<li>Avril 2026: Journ\u00e9e Chapeaux cr\u00e9atifs<\/li>\n\n\n\n<li>Mai 2026: Journ\u00e9e sportive<\/li>\n\n\n\n<li>Juin 2026: Journ\u00e9e Bulles<\/li>\n<\/ul>\n\n\n\n<h2 class=\"wp-block-heading\">Transport solaire<\/h2>\n\n\n\n<p><a href=\"https:\/\/media.csstl.gouv.qc.ca\/wp-content\/uploads\/sites\/35\/2025\/08\/22143547\/Transport-scolaire-Informations-utiles-2025-2026-Primaire.pdf\">Informations utiles &#8211; Transport scolaire 2025-2026<\/a><br><a href=\"https:\/\/media.csstl.gouv.qc.ca\/wp-content\/uploads\/sites\/35\/2025\/09\/15102918\/Politique-de-transport-scolaire-2025-2026.pdf\">Politique de transport scolaire 2025-2026<\/a><br><a href=\"https:\/\/media.csstl.gouv.qc.ca\/wp-content\/uploads\/sites\/35\/2025\/09\/26125017\/Procedure-devacuation-primaire-CSSTL-2025.pdf\">Proc\u00e9dure d&rsquo;\u00e9vacuation d&rsquo;urgence d&rsquo;un autobus scolaire<\/a><\/p>\n\n\n\n<p>Lettre de d\u00e9charge: demande en ligne seulement sur le site du CSSTL<br>Consulter le site du CSSTL pour toute information ou demande concernant le transport scolaire.<\/p>\n\n\n\n<h2 class=\"wp-block-heading\">Proc\u00e9dures<\/h2>\n\n\n\n<p><a href=\"https:\/\/media.csstl.gouv.qc.ca\/wp-content\/uploads\/sites\/35\/2025\/09\/11123010\/Communique-Disponibilite-de-Clic-ecole.pdf\">Clic \u00c9cole &#8211; Communiqu\u00e9<\/a><br><a href=\"https:\/\/media.csstl.gouv.qc.ca\/wp-content\/uploads\/sites\/35\/2025\/09\/11123012\/Feuillet_creer-compte_v5.pdf\">Cr\u00e9ez votre compte<\/a><br><a href=\"https:\/\/media.csstl.gouv.qc.ca\/wp-content\/uploads\/sites\/35\/2025\/09\/11123008\/clic_ecole_-_guide_technique_soutien_aux_parent.pdf\">Clic-\u00c9cole &#8211; Guide technique &#8211; Soutien aux parents d&rsquo;\u00e9l\u00e8ves<\/a><\/p>\n\n\n\n<p><a href=\"https:\/\/media.csstl.gouv.qc.ca\/wp-content\/uploads\/sites\/35\/2024\/09\/19084913\/Guide-Mozaik-Portail-parents.pdf\">Guide Moza\u00efk portail parents<\/a><br><a href=\"https:\/\/media.csstl.gouv.qc.ca\/wp-content\/uploads\/sites\/35\/2024\/09\/19084845\/Installation-Office-365.pdf\">Installation de la suite Office \u00e0 la maison<\/a><\/p>\n\n\n\n<h2 class=\"wp-block-heading\"><\/h2>\n\n\n\n<p><\/p>\n\n\n\n<p><br><\/p>\n\n\n\n<p><\/p>\n","protected":false},"excerpt":{"rendered":"<p>Nature et p\u00e9riodes des \u00e9valuations &#8211; Ann\u00e9e scolaire 2025-2026 Guide aux parents &#8211; Bulletin Guides aux parents &#8211; 3 cycles du primaire Anglais &#8211; Guides 2025-2026 Guide des parents &#8211; 1er cycleGuide des parents &#8211; 2e cycleGuide des parents &#8211; 3e cycleOnLine resources &#8211; WebsitesResources for students \u00c9ducation physique Document pour les parents 1er cycleDocument [&hellip;]<\/p>\n","protected":false},"author":4,"featured_media":0,"parent":0,"menu_order":0,"comment_status":"closed","ping_status":"closed","template":"","meta":{"_genesis_hide_title":false,"_genesis_hide_breadcrumbs":false,"_genesis_hide_singular_image":false,"_genesis_hide_footer_widgets":false,"_genesis_custom_body_class":"","_genesis_custom_post_class":"","_genesis_layout":"","footnotes":""},"class_list":{"0":"post-742","1":"page","2":"type-page","3":"status-publish","5":"entry"},"featured_image_src":null,"featured_image_src_square":null,"_links":{"self":[{"href":"https:\/\/csstl.gouv.qc.ca\/samare\/wp-json\/wp\/v2\/pages\/742","targetHints":{"allow":["GET"]}}],"collection":[{"href":"https:\/\/csstl.gouv.qc.ca\/samare\/wp-json\/wp\/v2\/pages"}],"about":[{"href":"https:\/\/csstl.gouv.qc.ca\/samare\/wp-json\/wp\/v2\/types\/page"}],"author":[{"embeddable":true,"href":"https:\/\/csstl.gouv.qc.ca\/samare\/wp-json\/wp\/v2\/users\/4"}],"replies":[{"embeddable":true,"href":"https:\/\/csstl.gouv.qc.ca\/samare\/wp-json\/wp\/v2\/comments?post=742"}],"version-history":[{"count":0,"href":"https:\/\/csstl.gouv.qc.ca\/samare\/wp-json\/wp\/v2\/pages\/742\/revisions"}],"wp:attachment":[{"href":"https:\/\/csstl.gouv.qc.ca\/samare\/wp-json\/wp\/v2\/media?parent=742"}],"curies":[{"name":"wp","href":"https:\/\/api.w.org\/{rel}","templated":true}]}}