{"id":475,"date":"2019-06-18T13:41:21","date_gmt":"2019-06-18T18:41:21","guid":{"rendered":"http:\/\/cs3lacs.wpengine.com\/de-la-samare\/?page_id=475"},"modified":"2026-04-20T09:06:46","modified_gmt":"2026-04-20T14:06:46","slug":"personnel","status":"publish","type":"page","link":"https:\/\/csstl.gouv.qc.ca\/samare\/personnel\/","title":{"rendered":"Personnel"},"content":{"rendered":"\n<h2 class=\"wp-block-heading\">Directrice<\/h2>\n\n\n\n<ul class=\"wp-block-list\">\n<li>Lyne Proulx<\/li>\n<\/ul>\n\n\n\n<h2 class=\"wp-block-heading\">Secr\u00e9taire<\/h2>\n\n\n\n<ul class=\"wp-block-list\">\n<li>Sylvie Nault<\/li>\n<\/ul>\n\n\n\n<h2 class=\"wp-block-heading\">Concierges<\/h2>\n\n\n\n<ul class=\"wp-block-list\">\n<li>Michel Vachon (jour)<\/li>\n\n\n\n<li>S\u00e9bastien Lecault (soir)<\/li>\n<\/ul>\n\n\n\n<h2 class=\"wp-block-heading\">Techniciennes en \u00e9ducation sp\u00e9cialis\u00e9e<\/h2>\n\n\n\n<ul class=\"wp-block-list\">\n<li>Nancy Maill\u00e9<\/li>\n\n\n\n<li>Laurence Bilodeau<\/li>\n\n\n\n<li>Alex Gagn\u00e9<\/li>\n<\/ul>\n\n\n\n<h2 class=\"wp-block-heading\">Personnel enseignant<\/h2>\n\n\n\n<h3 class=\"wp-block-heading\">Pr\u00e9scolaire<\/h3>\n\n\n\n<ul class=\"wp-block-list\">\n<li>Groupe 001 &#8211; Marie-Jos\u00e9e Gauthier et Annik Lebeuf<\/li>\n\n\n\n<li>Groupe 002 &#8211; Chantal S\u00e9guin<\/li>\n<\/ul>\n\n\n\n<h3 class=\"wp-block-heading\">1<sup>er<\/sup> CYCLE<\/h3>\n\n\n\n<ul class=\"wp-block-list\">\n<li>Groupe 101 &#8211; Maya Bettez en remplacement de Nadia Lemieux<\/li>\n\n\n\n<li>Groupe 102 &#8211; Alyssa Bouchard en remplacement de Catherine Leclerc<\/li>\n\n\n\n<li>Groupe 201 &#8211; Johanne C\u00f4t\u00e9 et Jos\u00e9e B\u00e9lisle<\/li>\n\n\n\n<li>Groupe 202 &#8211; St\u00e9phanie Langlois-Tremblay<\/li>\n<\/ul>\n\n\n\n<h3 class=\"wp-block-heading\">2<sup>e<\/sup> CYCLE<\/h3>\n\n\n\n<ul class=\"wp-block-list\">\n<li>Groupe 301 &#8211; Brigitte S\u00e9guin et Roxane Potvin<\/li>\n\n\n\n<li>Groupe 302 &#8211; Chantal Laniel<\/li>\n\n\n\n<li>Groupe 401 &#8211; Cathy St-Antoine<\/li>\n\n\n\n<li>Groupe 402 &#8211; Marie-Andr\u00e9e Major<\/li>\n<\/ul>\n\n\n\n<h3 class=\"wp-block-heading\">3<sup>e<\/sup> CYCLE<\/h3>\n\n\n\n<ul class=\"wp-block-list\">\n<li>Groupe 501 &#8211; Alexandra Andreea Costin en remplacement de Anick Bourbonnais<\/li>\n\n\n\n<li>Groupe 502 &#8211; Myl\u00e8ne Larivi\u00e8re<\/li>\n\n\n\n<li>Groupe 601 &#8211; \u00c9lisabeth Beaulne<\/li>\n\n\n\n<li>Groupe 602 &#8211; Julie-Anne Doutre<\/li>\n<\/ul>\n\n\n\n<h2 class=\"wp-block-heading\">SP\u00c9CIALISTES<\/h2>\n\n\n\n<h3 class=\"wp-block-heading\">Orthop\u00e9dagogues<\/h3>\n\n\n\n<ul class=\"wp-block-list\">\n<li>Jos\u00e9e C\u00f4t\u00e9<\/li>\n\n\n\n<li>Annie Perrier<\/li>\n<\/ul>\n\n\n\n<h3 class=\"wp-block-heading\">Anglais<\/h3>\n\n\n\n<ul class=\"wp-block-list\">\n<li>Vanessa Papa<\/li>\n<\/ul>\n\n\n\n<h3 class=\"wp-block-heading\">Musique<\/h3>\n\n\n\n<ul class=\"wp-block-list\">\n<li>Joanna Moselle Wiebe<\/li>\n<\/ul>\n\n\n\n<h3 class=\"wp-block-heading\">Francisation<\/h3>\n\n\n\n<ul class=\"wp-block-list\">\n<li>Vanessa Papa<\/li>\n\n\n\n<li>Danielle Montreuil<br><\/li>\n<\/ul>\n\n\n\n<h3 class=\"wp-block-heading\">\u00c9ducation physique<\/h3>\n\n\n\n<ul class=\"wp-block-list\">\n<li>Karine Roy<\/li>\n<\/ul>\n\n\n\n<h2 class=\"wp-block-heading\">Service de garde<\/h2>\n\n\n\n<h3 class=\"wp-block-heading\">Technicienne en service de garde<\/h3>\n\n\n\n<ul class=\"wp-block-list\">\n<li>Mina Aarour<\/li>\n<\/ul>\n\n\n\n<h3 class=\"wp-block-heading\">\u00c9ducatrices en service de garde<\/h3>\n\n\n\n<ul class=\"wp-block-list\">\n<li>\u00c9laine Desch\u00eanes<\/li>\n\n\n\n<li>Lucie Godbout<\/li>\n\n\n\n<li>Karina Lausberg<\/li>\n\n\n\n<li>Gilma Catalina Guevara Bonilla<\/li>\n\n\n\n<li>Julie L\u00e9vesque Larente<\/li>\n\n\n\n<li>Iraima Ramirez Rodriguez<\/li>\n\n\n\n<li>Tatyana Yakovlev<\/li>\n\n\n\n<li>Jessica Boily<\/li>\n<\/ul>\n\n\n\n<h3 class=\"wp-block-heading\">Surveillantes du d\u00eener<\/h3>\n\n\n\n<ul class=\"wp-block-list\">\n<li>Melody Stephens<\/li>\n\n\n\n<li>Sophie Deslauriers<\/li>\n\n\n\n<li>Lorraine Proven\u00e7al<\/li>\n\n\n\n<li>Stanislas Loupien<\/li>\n<\/ul>\n\n\n\n<p><\/p>\n","protected":false},"excerpt":{"rendered":"<p>Directrice Secr\u00e9taire Concierges Techniciennes en \u00e9ducation sp\u00e9cialis\u00e9e Personnel enseignant Pr\u00e9scolaire 1er CYCLE 2e CYCLE 3e CYCLE SP\u00c9CIALISTES Orthop\u00e9dagogues Anglais Musique Francisation \u00c9ducation physique Service de garde Technicienne en service de garde \u00c9ducatrices en service de garde Surveillantes du d\u00eener<\/p>\n","protected":false},"author":2,"featured_media":0,"parent":0,"menu_order":0,"comment_status":"closed","ping_status":"closed","template":"","meta":{"_genesis_hide_title":false,"_genesis_hide_breadcrumbs":false,"_genesis_hide_singular_image":false,"_genesis_hide_footer_widgets":false,"_genesis_custom_body_class":"","_genesis_custom_post_class":"","_genesis_layout":"","footnotes":""},"class_list":{"0":"post-475","1":"page","2":"type-page","3":"status-publish","5":"entry"},"featured_image_src":null,"featured_image_src_square":null,"_links":{"self":[{"href":"https:\/\/csstl.gouv.qc.ca\/samare\/wp-json\/wp\/v2\/pages\/475","targetHints":{"allow":["GET"]}}],"collection":[{"href":"https:\/\/csstl.gouv.qc.ca\/samare\/wp-json\/wp\/v2\/pages"}],"about":[{"href":"https:\/\/csstl.gouv.qc.ca\/samare\/wp-json\/wp\/v2\/types\/page"}],"author":[{"embeddable":true,"href":"https:\/\/csstl.gouv.qc.ca\/samare\/wp-json\/wp\/v2\/users\/2"}],"replies":[{"embeddable":true,"href":"https:\/\/csstl.gouv.qc.ca\/samare\/wp-json\/wp\/v2\/comments?post=475"}],"version-history":[{"count":0,"href":"https:\/\/csstl.gouv.qc.ca\/samare\/wp-json\/wp\/v2\/pages\/475\/revisions"}],"wp:attachment":[{"href":"https:\/\/csstl.gouv.qc.ca\/samare\/wp-json\/wp\/v2\/media?parent=475"}],"curies":[{"name":"wp","href":"https:\/\/api.w.org\/{rel}","templated":true}]}}