{"id":20,"date":"2019-02-06T13:32:25","date_gmt":"2019-02-06T13:32:25","guid":{"rendered":"http:\/\/cs3lacs.wpengine.com\/de-la-samare\/?page_id=20"},"modified":"2026-01-12T14:14:07","modified_gmt":"2026-01-12T19:14:07","slug":"fournitures-scolaires","status":"publish","type":"page","link":"https:\/\/csstl.gouv.qc.ca\/samare\/fournitures-scolaires\/","title":{"rendered":"Fournitures scolaires"},"content":{"rendered":"\n<h2 class=\"wp-block-heading has-text-align-left\">Liste de fournitures scolaires 2025-2026 (\u00e0 acheter par les parents)<\/h2>\n\n\n\n<ul class=\"wp-block-list\">\n<li><a href=\"https:\/\/media.csstl.gouv.qc.ca\/wp-content\/uploads\/sites\/35\/2025\/06\/26080559\/Fournitures-scolaires_Prescolaire-2025-2026-Final.pdf\">Liste des fournitures scolaires &#8211; pr\u00e9scolaire<\/a><\/li>\n\n\n\n<li><a href=\"https:\/\/media.csstl.gouv.qc.ca\/wp-content\/uploads\/sites\/35\/2025\/06\/26080536\/Fournitures-scolaires_1re-annee-2025-2026-Final.pdf\">Liste des fournitures scolaires &#8211; 1re ann\u00e9e<\/a><\/li>\n\n\n\n<li><a href=\"https:\/\/media.csstl.gouv.qc.ca\/wp-content\/uploads\/sites\/35\/2025\/06\/26080541\/Fournitures-scolaires_2e-annee-2025-2026-Final.pdf\">Liste des fournitures scolaires &#8211; 2e ann\u00e9e<\/a><\/li>\n\n\n\n<li><a href=\"https:\/\/media.csstl.gouv.qc.ca\/wp-content\/uploads\/sites\/35\/2025\/06\/26080544\/Fournitures-scolaires_3e-annee-2025-2026-Final.pdf\">Liste des fournitures scolaires &#8211; 3e ann\u00e9e<\/a><\/li>\n\n\n\n<li><a href=\"https:\/\/media.csstl.gouv.qc.ca\/wp-content\/uploads\/sites\/35\/2025\/06\/26080547\/Fournitures-scolaires_4e-annee-2025-2026-Final.pdf\">Liste des fournitures scolaires &#8211; 4e ann\u00e9e<\/a><\/li>\n\n\n\n<li><a href=\"https:\/\/media.csstl.gouv.qc.ca\/wp-content\/uploads\/sites\/35\/2025\/06\/26080551\/Fournitures-scolaires_5e-annee-2025-2026-Final.pdf\">Liste des fournitures scolaires &#8211; 5e ann\u00e9e<\/a><\/li>\n\n\n\n<li><a href=\"https:\/\/media.csstl.gouv.qc.ca\/wp-content\/uploads\/sites\/35\/2025\/06\/26080553\/Fournitures-scolaires_6e-annee-2025-2026-Final.pdf\">Liste des fournitures scolaires &#8211; 6e ann\u00e9e<\/a><\/li>\n\n\n\n<li><\/li>\n<\/ul>\n\n\n\n<h2 class=\"wp-block-heading\">Liste du mat\u00e9riel didactique 2026-2027 (achet\u00e9 par l&rsquo;\u00e9cole)<\/h2>\n\n\n\n<p><strong>La facture sera d\u00e9pos\u00e9e sur votre compte Moza\u00efk Portail parents vers la mi-septembre.<\/strong><\/p>\n\n\n\n<h2 class=\"wp-block-heading\">Rentr\u00e9e scolaire 2026-2027<\/h2>\n\n\n\n<p>Lettre d&rsquo;invitation &#8211; Rentr\u00e9e scolaire primaire <br>Lettre d&rsquo;invitation &#8211; Rentr\u00e9e scolaire pr\u00e9scolaire<\/p>\n\n\n\n<p><\/p>\n","protected":false},"excerpt":{"rendered":"<p>Liste de fournitures scolaires 2025-2026 (\u00e0 acheter par les parents) Liste du mat\u00e9riel didactique 2026-2027 (achet\u00e9 par l&rsquo;\u00e9cole) La facture sera d\u00e9pos\u00e9e sur votre compte Moza\u00efk Portail parents vers la mi-septembre. Rentr\u00e9e scolaire 2026-2027 Lettre d&rsquo;invitation &#8211; Rentr\u00e9e scolaire primaire Lettre d&rsquo;invitation &#8211; Rentr\u00e9e scolaire pr\u00e9scolaire<\/p>\n","protected":false},"author":2,"featured_media":0,"parent":0,"menu_order":20,"comment_status":"closed","ping_status":"closed","template":"","meta":{"_genesis_hide_title":false,"_genesis_hide_breadcrumbs":false,"_genesis_hide_singular_image":false,"_genesis_hide_footer_widgets":false,"_genesis_custom_body_class":"","_genesis_custom_post_class":"","_genesis_layout":"","footnotes":""},"class_list":{"0":"post-20","1":"page","2":"type-page","3":"status-publish","5":"entry"},"featured_image_src":null,"featured_image_src_square":null,"_links":{"self":[{"href":"https:\/\/csstl.gouv.qc.ca\/samare\/wp-json\/wp\/v2\/pages\/20","targetHints":{"allow":["GET"]}}],"collection":[{"href":"https:\/\/csstl.gouv.qc.ca\/samare\/wp-json\/wp\/v2\/pages"}],"about":[{"href":"https:\/\/csstl.gouv.qc.ca\/samare\/wp-json\/wp\/v2\/types\/page"}],"author":[{"embeddable":true,"href":"https:\/\/csstl.gouv.qc.ca\/samare\/wp-json\/wp\/v2\/users\/2"}],"replies":[{"embeddable":true,"href":"https:\/\/csstl.gouv.qc.ca\/samare\/wp-json\/wp\/v2\/comments?post=20"}],"version-history":[{"count":0,"href":"https:\/\/csstl.gouv.qc.ca\/samare\/wp-json\/wp\/v2\/pages\/20\/revisions"}],"wp:attachment":[{"href":"https:\/\/csstl.gouv.qc.ca\/samare\/wp-json\/wp\/v2\/media?parent=20"}],"curies":[{"name":"wp","href":"https:\/\/api.w.org\/{rel}","templated":true}]}}