{"id":482,"date":"2019-06-18T13:49:24","date_gmt":"2019-06-18T18:49:24","guid":{"rendered":"http:\/\/cs3lacs.wpengine.com\/sainte-marthe-cuillierrier\/?page_id=482"},"modified":"2025-08-14T12:29:18","modified_gmt":"2025-08-14T17:29:18","slug":"service-alimentaire","status":"publish","type":"page","link":"https:\/\/csstl.gouv.qc.ca\/sainte-marthe-cuillierrier\/service-alimentaire\/","title":{"rendered":"Service alimentaire"},"content":{"rendered":"\n<p>Pour l&rsquo;ann\u00e9e scolaire 2025-2026, un service alimentaire sera offert aux \u00e9l\u00e8ves \u00e0 raison de deux journ\u00e9es par semaine pour chacune des \u00e9coles (tous les mardis et mercredis \u00e0 l&rsquo;\u00e9cole Cuillierrier et tous les jeudis et vendredis \u00e0 l&rsquo;\u00e9cole Sainte-Marthe).<\/p>\n\n\n\n<p>Le service alimentaire sera assur\u00e9 par le service de traiteur <em><a rel=\"noreferrer noopener\" href=\"https:\/\/www.facebook.com\/profile.php?id=100054438462065&amp;locale=fr_CA\" target=\"_blank\">Les d\u00e9lices des tout petits <\/a><\/em><\/p>\n\n\n\n<figure class=\"wp-block-image size-full\"><img loading=\"lazy\" decoding=\"async\" width=\"150\" height=\"150\" src=\"https:\/\/media.csstl.gouv.qc.ca\/wp-content\/uploads\/sites\/28\/2023\/08\/23082646\/image-4.png\" alt=\"\" class=\"wp-image-1222\" \/><\/figure>\n\n\n\n<p>Le service est 100% \u00e9coresponsable. Cela signifie que chaque enfant doit apporter son plat ainsi que ses ustensiles \u00e0 l&rsquo;\u00e9cole pour b\u00e9n\u00e9ficier du repas. <\/p>\n\n\n\n<p><\/p>\n\n\n\n<p><\/p>\n\n\n\n<p><strong>Voici les consignes pour le service de caf\u00e9t\u00e9ria: <\/strong><\/p>\n\n\n\n<figure class=\"wp-block-image size-full\"><img loading=\"lazy\" decoding=\"async\" width=\"617\" height=\"797\" src=\"https:\/\/media.csstl.gouv.qc.ca\/wp-content\/uploads\/sites\/28\/2023\/08\/23082815\/image-5.png\" alt=\"\" class=\"wp-image-1224\" srcset=\"https:\/\/media.csstl.gouv.qc.ca\/wp-content\/uploads\/sites\/28\/2023\/08\/23082815\/image-5.png 617w, https:\/\/media.csstl.gouv.qc.ca\/wp-content\/uploads\/sites\/28\/2023\/08\/23082815\/image-5-232x300.png 232w\" sizes=\"auto, (max-width: 617px) 100vw, 617px\" \/><\/figure>\n","protected":false},"excerpt":{"rendered":"<p>Pour l&rsquo;ann\u00e9e scolaire 2025-2026, un service alimentaire sera offert aux \u00e9l\u00e8ves \u00e0 raison de deux journ\u00e9es par semaine pour chacune des \u00e9coles (tous les mardis et mercredis \u00e0 l&rsquo;\u00e9cole Cuillierrier et tous les jeudis et vendredis \u00e0 l&rsquo;\u00e9cole Sainte-Marthe). Le service alimentaire sera assur\u00e9 par le service de traiteur Les d\u00e9lices des tout petits Le [&hellip;]<\/p>\n","protected":false},"author":2,"featured_media":0,"parent":0,"menu_order":0,"comment_status":"closed","ping_status":"closed","template":"","meta":{"_genesis_hide_title":false,"_genesis_hide_breadcrumbs":false,"_genesis_hide_singular_image":false,"_genesis_hide_footer_widgets":false,"_genesis_custom_body_class":"","_genesis_custom_post_class":"","_genesis_layout":"","footnotes":""},"class_list":{"0":"post-482","1":"page","2":"type-page","3":"status-publish","5":"entry"},"featured_image_src":null,"featured_image_src_square":null,"_links":{"self":[{"href":"https:\/\/csstl.gouv.qc.ca\/sainte-marthe-cuillierrier\/wp-json\/wp\/v2\/pages\/482","targetHints":{"allow":["GET"]}}],"collection":[{"href":"https:\/\/csstl.gouv.qc.ca\/sainte-marthe-cuillierrier\/wp-json\/wp\/v2\/pages"}],"about":[{"href":"https:\/\/csstl.gouv.qc.ca\/sainte-marthe-cuillierrier\/wp-json\/wp\/v2\/types\/page"}],"author":[{"embeddable":true,"href":"https:\/\/csstl.gouv.qc.ca\/sainte-marthe-cuillierrier\/wp-json\/wp\/v2\/users\/2"}],"replies":[{"embeddable":true,"href":"https:\/\/csstl.gouv.qc.ca\/sainte-marthe-cuillierrier\/wp-json\/wp\/v2\/comments?post=482"}],"version-history":[{"count":0,"href":"https:\/\/csstl.gouv.qc.ca\/sainte-marthe-cuillierrier\/wp-json\/wp\/v2\/pages\/482\/revisions"}],"wp:attachment":[{"href":"https:\/\/csstl.gouv.qc.ca\/sainte-marthe-cuillierrier\/wp-json\/wp\/v2\/media?parent=482"}],"curies":[{"name":"wp","href":"https:\/\/api.w.org\/{rel}","templated":true}]}}