{"id":475,"date":"2019-06-18T13:41:21","date_gmt":"2019-06-18T18:41:21","guid":{"rendered":"http:\/\/cs3lacs.wpengine.com\/sainte-marthe-cuillierrier\/?page_id=475"},"modified":"2025-09-18T13:37:56","modified_gmt":"2025-09-18T18:37:56","slug":"personnel","status":"publish","type":"page","link":"https:\/\/csstl.gouv.qc.ca\/sainte-marthe-cuillierrier\/personnel\/","title":{"rendered":"Personnel"},"content":{"rendered":"\n<p>Voici les membres du personnel qui composent notre belle \u00e9quipe dans les deux \u00e9coles:<\/p>\n\n\n\n<h2 class=\"wp-block-heading\">Personnel enseignant<\/h2>\n\n\n\n<h3 class=\"wp-block-heading\">\u00c9cole Cuillierrier<\/h3>\n\n\n\n<ul class=\"wp-block-list\">\n<li>Maternelle 4 ans: Pascale Montpetit<\/li>\n\n\n\n<li>Maternelle 5 ans: Johan Roy<\/li>\n\n\n\n<li>1re ann\u00e9e: St\u00e9phanie Leblanc<\/li>\n\n\n\n<li>2e ann\u00e9e: Pascale Gravel<\/li>\n\n\n\n<li>3e ann\u00e9e: Claudia Girard<\/li>\n\n\n\n<li>4e ann\u00e9e: Audrey-Anne Gougeon<\/li>\n\n\n\n<li>5e ann\u00e9e: Audrey Campeau<\/li>\n\n\n\n<li>6e ann\u00e9e: Patrick Germain<\/li>\n<\/ul>\n\n\n\n<h3 class=\"wp-block-heading\">\u00c9cole Sainte-Marthe<\/h3>\n\n\n\n<ul class=\"wp-block-list\">\n<li>Maternelle 5 ans: Martin Brunet<\/li>\n\n\n\n<li>1re ann\u00e9e: Louisanne Chevrier<\/li>\n\n\n\n<li>2e ann\u00e9e: Gabrielle Gravino-Bastien<\/li>\n\n\n\n<li>3e ann\u00e9e: Mich\u00e8le D&rsquo;Amour<\/li>\n\n\n\n<li>4e ann\u00e9e: Lynda M\u00e9nard<\/li>\n\n\n\n<li>5e ann\u00e9e: St\u00e9phanie Dubord<\/li>\n\n\n\n<li>6e ann\u00e9e: Marie-Pier Lahaye<\/li>\n<\/ul>\n\n\n\n<h2 class=\"wp-block-heading\">Enseignants sp\u00e9cialistes<\/h2>\n\n\n\n<ul class=\"wp-block-list\">\n<li>\u00c9ducation physique\n<ul class=\"wp-block-list\">\n<li>Sainte-Marthe et Cuillierrier: Vincent Thivierge<\/li>\n\n\n\n<li>Sainte-Marthe: M\u00e9lodie Lavoie<\/li>\n<\/ul>\n<\/li>\n\n\n\n<li>Musique: Marie-Pier Ferland-Tr\u00e9panier<\/li>\n\n\n\n<li>Anglais\n<ul class=\"wp-block-list\">\n<li>Sainte-Marthe : Zohreh Golkari <\/li>\n\n\n\n<li>Cuillierrier : Nathalie Plante <\/li>\n<\/ul>\n<\/li>\n<\/ul>\n\n\n\n<h2 class=\"wp-block-heading\">Enseignantes-orthop\u00e9dagogues<\/h2>\n\n\n\n<ul class=\"wp-block-list\">\n<li>Sainte-Marthe et Cuillierrier: Marie-Chantal Loiselle<\/li>\n\n\n\n<li>Cuillierrier: Audrey Therrien Thibault<\/li>\n<\/ul>\n\n\n\n<h2 class=\"wp-block-heading\">Techniciennes en \u00e9ducation sp\u00e9cialis\u00e9e<\/h2>\n\n\n\n<ul class=\"wp-block-list\">\n<li>Sainte-Marthe&nbsp;: Julie-Kim Champagne, Jennifer Durand-Robert et Chantal Jos\u00e9e Leblanc<\/li>\n\n\n\n<li>Cuillierrier&nbsp;: M\u00e9lanie Ouellette, Kim B\u00e9riault, Aline Coussegal et Allison Gagn\u00e9-Lavoie<\/li>\n<\/ul>\n\n\n\n<h2 class=\"wp-block-heading\">Pr\u00e9pos\u00e9es aux \u00e9l\u00e8ves handicap\u00e9s<\/h2>\n\n\n\n<ul class=\"wp-block-list\">\n<li>Sainte-Marthe&nbsp;: Karine Berlinguette<\/li>\n<\/ul>\n\n\n\n<h2 class=\"wp-block-heading\">Surveillantes du d\u00eener<\/h2>\n\n\n\n<ul class=\"wp-block-list\">\n<li>Sainte-Marthe\u00a0: Linda Chartrand, Johanne Richard<\/li>\n\n\n\n<li>Cuillierrier&nbsp;: Marie-H\u00e9l\u00e8ne Leroux, Lydia McCallum<\/li>\n<\/ul>\n\n\n\n<h2 class=\"wp-block-heading\">Service de garde<\/h2>\n\n\n\n<h3 class=\"wp-block-heading\">Sainte-Marthe<\/h3>\n\n\n\n<ul class=\"wp-block-list\">\n<li>Technicienne responsable&nbsp;: Sylvia Bachand<\/li>\n\n\n\n<li>\u00c9ducatrices\/\u00e9ducateurs&nbsp;: Nathalie Guilbault, Marie-Pier Lalonde-Brazeau et Isabelle Legris<\/li>\n<\/ul>\n\n\n\n<h3 class=\"wp-block-heading\">Cuillierrier<\/h3>\n\n\n\n<ul class=\"wp-block-list\">\n<li>Technicienne&nbsp;responsable&nbsp;: Sylvia Bachand<\/li>\n\n\n\n<li>\u00c9ducatrices&nbsp;: Carole Levac, Nancy Latour, Marie-May Beaudin, Lydia McCallum<\/li>\n<\/ul>\n\n\n\n<h2 class=\"wp-block-heading\">Personnel de soutien<\/h2>\n\n\n\n<ul class=\"wp-block-list\">\n<li>Secr\u00e9taire d\u2019\u00e9cole&nbsp;: Carole Simard (pour Sainte-Marthe et Cuillierrier)<\/li>\n\n\n\n<li>Secr\u00e9taire&nbsp;: St\u00e9phanie Leguerrier (pour Cuillierrier)<\/li>\n\n\n\n<li>Concierges\n<ul class=\"wp-block-list\">\n<li>Sainte-Marthe&nbsp;: Vanessa Ladouceur<\/li>\n\n\n\n<li>Cuillierrier&nbsp;: Ren\u00e9 Ethier<\/li>\n<\/ul>\n<\/li>\n<\/ul>\n","protected":false},"excerpt":{"rendered":"<p>Voici les membres du personnel qui composent notre belle \u00e9quipe dans les deux \u00e9coles: Personnel enseignant \u00c9cole Cuillierrier \u00c9cole Sainte-Marthe Enseignants sp\u00e9cialistes Enseignantes-orthop\u00e9dagogues Techniciennes en \u00e9ducation sp\u00e9cialis\u00e9e Pr\u00e9pos\u00e9es aux \u00e9l\u00e8ves handicap\u00e9s Surveillantes du d\u00eener Service de garde Sainte-Marthe Cuillierrier Personnel de soutien<\/p>\n","protected":false},"author":2,"featured_media":0,"parent":0,"menu_order":0,"comment_status":"closed","ping_status":"closed","template":"","meta":{"_genesis_hide_title":false,"_genesis_hide_breadcrumbs":false,"_genesis_hide_singular_image":false,"_genesis_hide_footer_widgets":false,"_genesis_custom_body_class":"","_genesis_custom_post_class":"","_genesis_layout":"","footnotes":""},"class_list":{"0":"post-475","1":"page","2":"type-page","3":"status-publish","5":"entry"},"featured_image_src":null,"featured_image_src_square":null,"_links":{"self":[{"href":"https:\/\/csstl.gouv.qc.ca\/sainte-marthe-cuillierrier\/wp-json\/wp\/v2\/pages\/475","targetHints":{"allow":["GET"]}}],"collection":[{"href":"https:\/\/csstl.gouv.qc.ca\/sainte-marthe-cuillierrier\/wp-json\/wp\/v2\/pages"}],"about":[{"href":"https:\/\/csstl.gouv.qc.ca\/sainte-marthe-cuillierrier\/wp-json\/wp\/v2\/types\/page"}],"author":[{"embeddable":true,"href":"https:\/\/csstl.gouv.qc.ca\/sainte-marthe-cuillierrier\/wp-json\/wp\/v2\/users\/2"}],"replies":[{"embeddable":true,"href":"https:\/\/csstl.gouv.qc.ca\/sainte-marthe-cuillierrier\/wp-json\/wp\/v2\/comments?post=475"}],"version-history":[{"count":0,"href":"https:\/\/csstl.gouv.qc.ca\/sainte-marthe-cuillierrier\/wp-json\/wp\/v2\/pages\/475\/revisions"}],"wp:attachment":[{"href":"https:\/\/csstl.gouv.qc.ca\/sainte-marthe-cuillierrier\/wp-json\/wp\/v2\/media?parent=475"}],"curies":[{"name":"wp","href":"https:\/\/api.w.org\/{rel}","templated":true}]}}