{"id":20,"date":"2019-02-06T13:32:25","date_gmt":"2019-02-06T13:32:25","guid":{"rendered":"http:\/\/cs3lacs.wpengine.com\/sainte-marthe-cuillierrier\/?page_id=20"},"modified":"2024-06-25T14:12:30","modified_gmt":"2024-06-25T19:12:30","slug":"fournitures-scolaires","status":"publish","type":"page","link":"https:\/\/csstl.gouv.qc.ca\/sainte-marthe-cuillierrier\/fournitures-scolaires\/","title":{"rendered":"Fournitures scolaires 2024-2025"},"content":{"rendered":"\n<p><a href=\"https:\/\/media.csstl.gouv.qc.ca\/wp-content\/uploads\/sites\/28\/2024\/06\/25131110\/Maternelles-24-25-Fournitures-parents-SM.pdf\" data-type=\"link\" data-id=\"https:\/\/media.csstl.gouv.qc.ca\/wp-content\/uploads\/sites\/28\/2024\/06\/25131110\/Maternelles-24-25-Fournitures-parents-SM.pdf\"><strong><span style=\"color: #47aa42\" class=\"stk-highlight\">Maternelle<\/span> <\/strong><\/a>(5 ans) Sainte-Marthe<\/p>\n\n\n\n<p><a href=\"https:\/\/media.csstl.gouv.qc.ca\/wp-content\/uploads\/sites\/28\/2024\/06\/25133408\/0-maternelle-4-ans-Fournitures-parents-SC-24-25.pdf\" data-type=\"link\" data-id=\"https:\/\/media.csstl.gouv.qc.ca\/wp-content\/uploads\/sites\/28\/2024\/06\/25133408\/0-maternelle-4-ans-Fournitures-parents-SC-24-25.pdf\"><span style=\"color: #47aa42\" class=\"stk-highlight\"><strong>Maternelle (4 ans)<\/strong><\/span><\/a> Cuillierrier<\/p>\n\n\n\n<p><a href=\"https:\/\/media.csstl.gouv.qc.ca\/wp-content\/uploads\/sites\/28\/2024\/06\/25133411\/0-maternelle-5-ans-Fournitures-parents-SC-24-25.pdf\"><span style=\"color: #47aa42\" class=\"stk-highlight\"><strong>Maternelle<\/strong><\/span><\/a><span style=\"color: #47aa42\" class=\"stk-highlight\"> <\/span>(5 ans) Cuillierrier<\/p>\n\n\n\n<p><a href=\"https:\/\/media.csstl.gouv.qc.ca\/wp-content\/uploads\/sites\/28\/2024\/06\/25131051\/1re-24-25-Fournitures-parents-SM.pdf\"><span style=\"color: #d82a2a\" class=\"stk-highlight\"><strong>1<sup>re<\/sup> ann\u00e9e<\/strong><\/span><\/a> Sainte-Marthe<\/p>\n\n\n\n<p><a href=\"https:\/\/media.csstl.gouv.qc.ca\/wp-content\/uploads\/sites\/28\/2024\/06\/25133414\/1re-Fournitures-parents-SC-24-25.pdf\"><span style=\"color: #d82a2a\" class=\"stk-highlight\"><strong>1<sup>re<\/sup> ann\u00e9e<\/strong><\/span><\/a> Cuillierrier<\/p>\n\n\n\n<p><a href=\"https:\/\/media.csstl.gouv.qc.ca\/wp-content\/uploads\/sites\/28\/2024\/06\/25131055\/2e-24-25-Fournitures-parents-SM.pdf\"><span style=\"color: #ffd800\" class=\"stk-highlight\"><strong>2<sup>e<\/sup> ann\u00e9e<\/strong><\/span> <\/a>Sainte-Marthe<\/p>\n\n\n\n<p><a href=\"https:\/\/media.csstl.gouv.qc.ca\/wp-content\/uploads\/sites\/28\/2024\/06\/25133417\/2e-Fournitures-parents-SC-24-25.pdf\"><span style=\"color: #ffd800\" class=\"stk-highlight\"><strong>2<sup>e<\/sup> ann\u00e9e<\/strong><\/span><\/a> Cuillierrier<\/p>\n\n\n\n<p><a href=\"https:\/\/media.csstl.gouv.qc.ca\/wp-content\/uploads\/sites\/28\/2024\/06\/25131059\/3e-24-25-Fournitures-parents-SM.pdf\"><span style=\"color: #73bae7\" class=\"stk-highlight\"><strong>3<sup>e<\/sup> ann\u00e9e<\/strong><\/span><\/a> Sainte-Marthe<\/p>\n\n\n\n<p><a href=\"https:\/\/media.csstl.gouv.qc.ca\/wp-content\/uploads\/sites\/28\/2024\/06\/25134310\/3e-Fournitures-parents-sc-24-25.pdf\"><span style=\"color: #73bae7\" class=\"stk-highlight\"><strong>3<sup>e<\/sup> ann\u00e9e<\/strong><\/span><\/a> Cuillierrier<\/p>\n\n\n\n<p><a href=\"https:\/\/media.csstl.gouv.qc.ca\/wp-content\/uploads\/sites\/28\/2024\/06\/25131102\/4e-24-25-Fournitures-parents-SM.pdf\"><span style=\"color: #2ddc5f\" class=\"stk-highlight\"><strong>4<sup>e<\/sup> ann\u00e9e<\/strong><\/span><\/a> Sainte-Marthe<\/p>\n\n\n\n<p><a href=\"https:\/\/media.csstl.gouv.qc.ca\/wp-content\/uploads\/sites\/28\/2024\/06\/25133420\/4e-Fournitures-parents-sc-24-25.pdf\"><span style=\"color: #2ddc5f\" class=\"stk-highlight\"><strong>4<sup>e<\/sup> ann\u00e9e<\/strong><\/span><\/a> Cuillierrier<\/p>\n\n\n\n<p><a href=\"https:\/\/media.csstl.gouv.qc.ca\/wp-content\/uploads\/sites\/28\/2024\/06\/25131105\/5e-24-25-Fournitures-parents-SM.pdf\"><span style=\"color: #df0eb7\" class=\"stk-highlight\"><strong>5<sup>e<\/sup> ann\u00e9e<\/strong><\/span><\/a> Sainte-Marthe<\/p>\n\n\n\n<p><a href=\"https:\/\/media.csstl.gouv.qc.ca\/wp-content\/uploads\/sites\/28\/2024\/06\/25133422\/5e-Fournitures-parents-SC-24-25.pdf\"><span style=\"color: #df0eb7\" class=\"stk-highlight\"><strong>5<sup>e<\/sup> ann\u00e9e<\/strong><\/span><\/a> Cuillierrier<\/p>\n\n\n\n<p><a href=\"https:\/\/media.csstl.gouv.qc.ca\/wp-content\/uploads\/sites\/28\/2024\/06\/25131108\/6e-24-25-Fournitures-parents-SM.pdf\"><span style=\"color: #2c0ed0\" class=\"stk-highlight\"><strong>6<sup>e<\/sup> ann\u00e9e<\/strong><\/span><\/a> Sainte-Marthe<\/p>\n\n\n\n<p><a href=\"https:\/\/media.csstl.gouv.qc.ca\/wp-content\/uploads\/sites\/28\/2024\/06\/25133424\/6e-Fournitures-parents-SC-24-25.pdf\"><span style=\"color: #2c0ed0\" class=\"stk-highlight\"><strong>6<sup>e<\/sup> ann\u00e9e<\/strong><\/span><\/a><a href=\"https:\/\/media.csstl.gouv.qc.ca\/wp-content\/uploads\/sites\/28\/2023\/08\/14075244\/6e-Fournitures-parents-SC-23-24.pdf\" target=\"_blank\" rel=\"noreferrer noopener\"> <\/a>Cuillierrier<\/p>\n","protected":false},"excerpt":{"rendered":"<p>Maternelle (5 ans) Sainte-Marthe Maternelle (4 ans) Cuillierrier Maternelle (5 ans) Cuillierrier 1re ann\u00e9e Sainte-Marthe 1re ann\u00e9e Cuillierrier 2e ann\u00e9e Sainte-Marthe 2e ann\u00e9e Cuillierrier 3e ann\u00e9e Sainte-Marthe 3e ann\u00e9e Cuillierrier 4e ann\u00e9e Sainte-Marthe 4e ann\u00e9e Cuillierrier 5e ann\u00e9e Sainte-Marthe 5e ann\u00e9e Cuillierrier 6e ann\u00e9e Sainte-Marthe 6e ann\u00e9e Cuillierrier<\/p>\n","protected":false},"author":2,"featured_media":0,"parent":0,"menu_order":20,"comment_status":"closed","ping_status":"closed","template":"","meta":{"_genesis_hide_title":false,"_genesis_hide_breadcrumbs":false,"_genesis_hide_singular_image":false,"_genesis_hide_footer_widgets":false,"_genesis_custom_body_class":"","_genesis_custom_post_class":"","_genesis_layout":"","footnotes":""},"class_list":{"0":"post-20","1":"page","2":"type-page","3":"status-publish","5":"entry"},"featured_image_src":null,"featured_image_src_square":null,"_links":{"self":[{"href":"https:\/\/csstl.gouv.qc.ca\/sainte-marthe-cuillierrier\/wp-json\/wp\/v2\/pages\/20","targetHints":{"allow":["GET"]}}],"collection":[{"href":"https:\/\/csstl.gouv.qc.ca\/sainte-marthe-cuillierrier\/wp-json\/wp\/v2\/pages"}],"about":[{"href":"https:\/\/csstl.gouv.qc.ca\/sainte-marthe-cuillierrier\/wp-json\/wp\/v2\/types\/page"}],"author":[{"embeddable":true,"href":"https:\/\/csstl.gouv.qc.ca\/sainte-marthe-cuillierrier\/wp-json\/wp\/v2\/users\/2"}],"replies":[{"embeddable":true,"href":"https:\/\/csstl.gouv.qc.ca\/sainte-marthe-cuillierrier\/wp-json\/wp\/v2\/comments?post=20"}],"version-history":[{"count":0,"href":"https:\/\/csstl.gouv.qc.ca\/sainte-marthe-cuillierrier\/wp-json\/wp\/v2\/pages\/20\/revisions"}],"wp:attachment":[{"href":"https:\/\/csstl.gouv.qc.ca\/sainte-marthe-cuillierrier\/wp-json\/wp\/v2\/media?parent=20"}],"curies":[{"name":"wp","href":"https:\/\/api.w.org\/{rel}","templated":true}]}}