{"id":11,"date":"2019-02-06T13:15:46","date_gmt":"2019-02-06T18:15:46","guid":{"rendered":"http:\/\/cs3lacs.wpengine.com\/sainte-marthe-cuillierrier\/?page_id=11"},"modified":"2024-04-08T12:56:02","modified_gmt":"2024-04-08T17:56:02","slug":"projet-educatif","status":"publish","type":"page","link":"https:\/\/csstl.gouv.qc.ca\/sainte-marthe-cuillierrier\/projet-educatif\/","title":{"rendered":"Projet \u00e9ducatif"},"content":{"rendered":"\n<p>Le projet \u00e9ducatif est une d\u00e9marche qui permet de d\u00e9finir les orientations, les priorit\u00e9s d\u2019action et les r\u00e9sultats attendus pour assurer la r\u00e9ussite \u00e9ducative de tous les \u00e9l\u00e8ves de notre \u00e9cole.\u00a0 La consignation par \u00e9crit de ces \u00e9l\u00e9ments sert \u00e0 les faire connaitre \u00e0 la communaut\u00e9 \u00e9ducative de notre \u00e9tablissement.<\/p>\n\n\n\n<p>Il est \u00e9labor\u00e9 en fonction des caract\u00e9ristiques et des besoins des \u00e9l\u00e8ves de notre \u00e9cole et des attentes formul\u00e9es par le milieu en regard de l\u2019\u00e9ducation.&nbsp; C\u2019est le r\u00e9sultat d\u2019un consensus entre les diff\u00e9rents acteurs du milieu (les \u00e9l\u00e8ves, les parents, le personnel de l\u2019\u00e9cole ainsi que les membres de la communaut\u00e9 et du Centre de services scolaire).<\/p>\n\n\n\n<p><strong><a href=\"https:\/\/media.csstl.gouv.qc.ca\/wp-content\/uploads\/sites\/28\/2024\/04\/08120732\/Projet-educatif-2023-2027_Sainte-Marthe-Cuillierrier.pdf\" data-type=\"link\" data-id=\"https:\/\/media.csstl.gouv.qc.ca\/wp-content\/uploads\/sites\/28\/2024\/04\/08120732\/Projet-educatif-2023-2027_Sainte-Marthe-Cuillierrier.pdf\">Voici notre projet \u00e9ducatif 2023-2027<\/a><\/strong>. <\/p>\n\n\n\n<h2 class=\"wp-block-heading\"><\/h2>\n","protected":false},"excerpt":{"rendered":"<p>Le projet \u00e9ducatif est une d\u00e9marche qui permet de d\u00e9finir les orientations, les priorit\u00e9s d\u2019action et les r\u00e9sultats attendus pour assurer la r\u00e9ussite \u00e9ducative de tous les \u00e9l\u00e8ves de notre \u00e9cole.\u00a0 La consignation par \u00e9crit de ces \u00e9l\u00e9ments sert \u00e0 les faire connaitre \u00e0 la communaut\u00e9 \u00e9ducative de notre \u00e9tablissement. Il est \u00e9labor\u00e9 en fonction [&hellip;]<\/p>\n","protected":false},"author":2,"featured_media":0,"parent":0,"menu_order":12,"comment_status":"closed","ping_status":"closed","template":"","meta":{"_genesis_hide_title":false,"_genesis_hide_breadcrumbs":false,"_genesis_hide_singular_image":false,"_genesis_hide_footer_widgets":false,"_genesis_custom_body_class":"","_genesis_custom_post_class":"","_genesis_layout":"","footnotes":""},"class_list":{"0":"post-11","1":"page","2":"type-page","3":"status-publish","5":"entry"},"featured_image_src":null,"featured_image_src_square":null,"_links":{"self":[{"href":"https:\/\/csstl.gouv.qc.ca\/sainte-marthe-cuillierrier\/wp-json\/wp\/v2\/pages\/11","targetHints":{"allow":["GET"]}}],"collection":[{"href":"https:\/\/csstl.gouv.qc.ca\/sainte-marthe-cuillierrier\/wp-json\/wp\/v2\/pages"}],"about":[{"href":"https:\/\/csstl.gouv.qc.ca\/sainte-marthe-cuillierrier\/wp-json\/wp\/v2\/types\/page"}],"author":[{"embeddable":true,"href":"https:\/\/csstl.gouv.qc.ca\/sainte-marthe-cuillierrier\/wp-json\/wp\/v2\/users\/2"}],"replies":[{"embeddable":true,"href":"https:\/\/csstl.gouv.qc.ca\/sainte-marthe-cuillierrier\/wp-json\/wp\/v2\/comments?post=11"}],"version-history":[{"count":0,"href":"https:\/\/csstl.gouv.qc.ca\/sainte-marthe-cuillierrier\/wp-json\/wp\/v2\/pages\/11\/revisions"}],"wp:attachment":[{"href":"https:\/\/csstl.gouv.qc.ca\/sainte-marthe-cuillierrier\/wp-json\/wp\/v2\/media?parent=11"}],"curies":[{"name":"wp","href":"https:\/\/api.w.org\/{rel}","templated":true}]}}