{"id":10,"date":"2019-02-06T13:15:15","date_gmt":"2019-02-06T13:15:15","guid":{"rendered":"http:\/\/cs3lacs.wpengine.com\/sainte-marthe-cuillierrier\/?page_id=10"},"modified":"2025-06-17T06:10:46","modified_gmt":"2025-06-17T11:10:46","slug":"conseil-detablissement","status":"publish","type":"page","link":"https:\/\/csstl.gouv.qc.ca\/sainte-marthe-cuillierrier\/conseil-detablissement\/","title":{"rendered":"Conseil d&rsquo;\u00e9tablissement"},"content":{"rendered":"\n<p>Le conseil d&rsquo;\u00e9tablissement est un lieu d&rsquo;information, d&rsquo;\u00e9changes et de concertation pour la bonne marche de l&rsquo;\u00e9cole. <\/p>\n\n\n\n<h2 class=\"wp-block-heading\">Liste des membres du conseil d&rsquo;\u00e9tablissement 2024-2025<\/h2>\n\n\n\n<ul class=\"wp-block-list\">\n<li>M\u00e9lissa Mazerolle | <em>Pr\u00e9sidente<\/em><\/li>\n\n\n\n<li>Judith Perreault | <em>Vice-pr\u00e9sidente <\/em><\/li>\n\n\n\n<li>Krystel Gaillard | <em>Membre parent<\/em><\/li>\n\n\n\n<li>Olivier Ducap | <em>Membre parent<\/em><\/li>\n\n\n\n<li>Martin Brunet | <em>Enseignant <\/em><\/li>\n\n\n\n<li>St\u00e9phanie Leblanc | <em>Enseignante<\/em><\/li>\n\n\n\n<li>Eve-Lyne Proulx | <em>Enseignante <\/em><\/li>\n\n\n\n<li>Marie-Pier Ferland-Tr\u00e9panier | <em>Enseignante <\/em><\/li>\n\n\n\n<li>Marie-Andr\u00e9e Clermont | <em>Technicienne responsable du service de garde <\/em>et <em>repr\u00e9sentante du personnel de soutien<\/em><\/li>\n<\/ul>\n\n\n\n<p><strong><a href=\"https:\/\/media.csstl.gouv.qc.ca\/wp-content\/uploads\/sites\/28\/2024\/10\/08063039\/Regie-interne-CE-2024-2025.pdf\">R\u00c8GLES DE R\u00c9GIE INTERNE DU CONSEIL D&rsquo;\u00c9TABLISSEMENT 2024-2025<\/a><\/strong><\/p>\n\n\n\n<h2 class=\"wp-block-heading\">Dates des rencontres du conseil d&rsquo;\u00e9tablissement 2024-2025<\/h2>\n\n\n\n<ul class=\"wp-block-list\">\n<li>Mardi 10 septembre 2024 \u00e0 18 h &#8211; Assembl\u00e9e g\u00e9n\u00e9rale des parents &#8211; \u00c9cole Sainte-Marthe <a href=\"https:\/\/media.csstl.gouv.qc.ca\/wp-content\/uploads\/sites\/28\/2024\/08\/22140418\/ODJ_AG_2024-09-10.pdf\" data-type=\"link\" data-id=\"https:\/\/media.csstl.gouv.qc.ca\/wp-content\/uploads\/sites\/28\/2024\/08\/22140418\/ODJ_AG_2024-09-10.pdf\">Ordre du jour <\/a> | Proc\u00e8s-verbal <\/li>\n\n\n\n<li>Lundi 7 octobre 2024 \u00e0 19 h &#8211; \u00c9cole Cuillierrier | <a href=\"https:\/\/media.csstl.gouv.qc.ca\/wp-content\/uploads\/sites\/28\/2024\/09\/30140636\/ODJ_CE_20241007.pdf\" data-type=\"link\" data-id=\"https:\/\/media.csstl.gouv.qc.ca\/wp-content\/uploads\/sites\/28\/2024\/09\/30140636\/ODJ_CE_20241007.pdf\">Ordre du jour <\/a>\/ <a href=\"https:\/\/media.csstl.gouv.qc.ca\/wp-content\/uploads\/sites\/28\/2025\/02\/03072449\/PV_CE_20241007.pdf\">Proc\u00e8s-verbal<\/a><\/li>\n\n\n\n<li>Lundi 18 novembre 2024 \u00e0 19 h &#8211; \u00c9cole Sainte-Marthe | <a href=\"https:\/\/media.csstl.gouv.qc.ca\/wp-content\/uploads\/sites\/28\/2024\/11\/11083635\/ODJ_CE_20241108-1.pdf\" data-type=\"link\" data-id=\"https:\/\/media.csstl.gouv.qc.ca\/wp-content\/uploads\/sites\/28\/2024\/11\/11083635\/ODJ_CE_20241108-1.pdf\">Ordre du jour<\/a> \/ <a href=\"https:\/\/media.csstl.gouv.qc.ca\/wp-content\/uploads\/sites\/28\/2025\/02\/11075032\/PV_CE_20241118.pdf\">Proc\u00e8s-verbal<\/a><\/li>\n\n\n\n<li>Lundi 10 f\u00e9vrier 2025 \u00e0 19 h &#8211; rencontre virtuelle (Microsoft TEAMS) | <a href=\"https:\/\/media.csstl.gouv.qc.ca\/wp-content\/uploads\/sites\/28\/2025\/02\/03072336\/ODJ_CE_20250210.pdf\" data-type=\"link\" data-id=\"https:\/\/media.csstl.gouv.qc.ca\/wp-content\/uploads\/sites\/28\/2025\/02\/03072336\/ODJ_CE_20250210.pdf\">Ordre du jour <\/a>\/ <a href=\"https:\/\/media.csstl.gouv.qc.ca\/wp-content\/uploads\/sites\/28\/2025\/03\/18101231\/PV_CE_20250210.pdf\" data-type=\"link\" data-id=\"https:\/\/media.csstl.gouv.qc.ca\/wp-content\/uploads\/sites\/28\/2025\/03\/18101231\/PV_CE_20250210.pdf\">Proc\u00e8s-verbal<\/a> \/ <\/li>\n\n\n\n<li>Lundi 17 mars 2025 \u00e0 19 h &#8211; \u00c9cole Cuillierrier | <a href=\"https:\/\/media.csstl.gouv.qc.ca\/wp-content\/uploads\/sites\/28\/2025\/03\/10073112\/ODJ_CE_20250317.pdf\" data-type=\"link\" data-id=\"https:\/\/media.csstl.gouv.qc.ca\/wp-content\/uploads\/sites\/28\/2025\/03\/10073112\/ODJ_CE_20250317.pdf\">Ordre du jour<\/a> \/ <a href=\"https:\/\/media.csstl.gouv.qc.ca\/wp-content\/uploads\/sites\/28\/2025\/05\/13052900\/PV_CE_20250317.pdf\" data-type=\"link\" data-id=\"https:\/\/media.csstl.gouv.qc.ca\/wp-content\/uploads\/sites\/28\/2025\/05\/13052900\/PV_CE_20250317.pdf\">Proc\u00e8s-verbal<\/a><\/li>\n\n\n\n<li>Lundi 12 mai 2025 \u00e0 19 h &#8211; rencontre virtuelle (Microsoft TEAMS) | <a href=\"https:\/\/media.csstl.gouv.qc.ca\/wp-content\/uploads\/sites\/28\/2025\/05\/02144402\/ODJ_CE_20250512.pdf\" data-type=\"link\" data-id=\"https:\/\/media.csstl.gouv.qc.ca\/wp-content\/uploads\/sites\/28\/2025\/05\/02144402\/ODJ_CE_20250512.pdf\">Ordre du jour<\/a> \/ <a href=\"https:\/\/media.csstl.gouv.qc.ca\/wp-content\/uploads\/sites\/28\/2025\/06\/17060925\/PV_CE_20250512.pdf\" data-type=\"link\" data-id=\"https:\/\/media.csstl.gouv.qc.ca\/wp-content\/uploads\/sites\/28\/2025\/06\/17060925\/PV_CE_20250512.pdf\">Proc\u00e8s-verbal<\/a><\/li>\n\n\n\n<li>Lundi 16 juin 2025 \u00e0 19 h &#8211; \u00c9cole Cuillierrier | <a href=\"https:\/\/media.csstl.gouv.qc.ca\/wp-content\/uploads\/sites\/28\/2025\/06\/11062328\/ODJ_CE_20250616.pdf\" data-type=\"link\" data-id=\"https:\/\/media.csstl.gouv.qc.ca\/wp-content\/uploads\/sites\/28\/2025\/06\/11062328\/ODJ_CE_20250616.pdf\">Ordre du jour<\/a> \/ Proc\u00e8s-verbal<\/li>\n<\/ul>\n\n\n\n<p><\/p>\n","protected":false},"excerpt":{"rendered":"<p>Le conseil d&rsquo;\u00e9tablissement est un lieu d&rsquo;information, d&rsquo;\u00e9changes et de concertation pour la bonne marche de l&rsquo;\u00e9cole. Liste des membres du conseil d&rsquo;\u00e9tablissement 2024-2025 R\u00c8GLES DE R\u00c9GIE INTERNE DU CONSEIL D&rsquo;\u00c9TABLISSEMENT 2024-2025 Dates des rencontres du conseil d&rsquo;\u00e9tablissement 2024-2025<\/p>\n","protected":false},"author":2,"featured_media":0,"parent":0,"menu_order":11,"comment_status":"closed","ping_status":"closed","template":"","meta":{"_genesis_hide_title":false,"_genesis_hide_breadcrumbs":false,"_genesis_hide_singular_image":false,"_genesis_hide_footer_widgets":false,"_genesis_custom_body_class":"","_genesis_custom_post_class":"","_genesis_layout":"","footnotes":""},"class_list":{"0":"post-10","1":"page","2":"type-page","3":"status-publish","5":"entry"},"featured_image_src":null,"featured_image_src_square":null,"_links":{"self":[{"href":"https:\/\/csstl.gouv.qc.ca\/sainte-marthe-cuillierrier\/wp-json\/wp\/v2\/pages\/10","targetHints":{"allow":["GET"]}}],"collection":[{"href":"https:\/\/csstl.gouv.qc.ca\/sainte-marthe-cuillierrier\/wp-json\/wp\/v2\/pages"}],"about":[{"href":"https:\/\/csstl.gouv.qc.ca\/sainte-marthe-cuillierrier\/wp-json\/wp\/v2\/types\/page"}],"author":[{"embeddable":true,"href":"https:\/\/csstl.gouv.qc.ca\/sainte-marthe-cuillierrier\/wp-json\/wp\/v2\/users\/2"}],"replies":[{"embeddable":true,"href":"https:\/\/csstl.gouv.qc.ca\/sainte-marthe-cuillierrier\/wp-json\/wp\/v2\/comments?post=10"}],"version-history":[{"count":0,"href":"https:\/\/csstl.gouv.qc.ca\/sainte-marthe-cuillierrier\/wp-json\/wp\/v2\/pages\/10\/revisions"}],"wp:attachment":[{"href":"https:\/\/csstl.gouv.qc.ca\/sainte-marthe-cuillierrier\/wp-json\/wp\/v2\/media?parent=10"}],"curies":[{"name":"wp","href":"https:\/\/api.w.org\/{rel}","templated":true}]}}