{"id":746,"date":"2019-11-28T14:55:59","date_gmt":"2019-11-28T19:55:59","guid":{"rendered":"https:\/\/cs3lacs.wpengine.com\/sainte-madeleine\/?page_id=746"},"modified":"2025-10-02T14:39:25","modified_gmt":"2025-10-02T19:39:25","slug":"portrait","status":"publish","type":"page","link":"https:\/\/csstl.gouv.qc.ca\/sainte-madeleine\/portrait\/","title":{"rendered":"Portrait"},"content":{"rendered":"\n<h2 class=\"wp-block-heading\">Bienvenue sur le site de l&rsquo;\u00e9cole Sainte-Madeleine<\/h2>\n\n\n<div class=\"wp-block-image\">\n<figure class=\"alignright size-medium\"><img loading=\"lazy\" decoding=\"async\" width=\"300\" height=\"218\" src=\"https:\/\/media.csstl.gouv.qc.ca\/wp-content\/uploads\/sites\/48\/2022\/11\/25145547\/A_tire-daile-18-1_Page_2-300x218.jpg\" alt=\"\" class=\"wp-image-1156\" srcset=\"https:\/\/media.csstl.gouv.qc.ca\/wp-content\/uploads\/sites\/48\/2022\/11\/25145547\/A_tire-daile-18-1_Page_2-300x218.jpg 300w, https:\/\/media.csstl.gouv.qc.ca\/wp-content\/uploads\/sites\/48\/2022\/11\/25145547\/A_tire-daile-18-1_Page_2-1024x746.jpg 1024w, https:\/\/media.csstl.gouv.qc.ca\/wp-content\/uploads\/sites\/48\/2022\/11\/25145547\/A_tire-daile-18-1_Page_2-768x559.jpg 768w, https:\/\/media.csstl.gouv.qc.ca\/wp-content\/uploads\/sites\/48\/2022\/11\/25145547\/A_tire-daile-18-1_Page_2-1536x1118.jpg 1536w, https:\/\/media.csstl.gouv.qc.ca\/wp-content\/uploads\/sites\/48\/2022\/11\/25145547\/A_tire-daile-18-1_Page_2-2048x1491.jpg 2048w\" sizes=\"auto, (max-width: 300px) 100vw, 300px\" \/><\/figure>\n<\/div>\n\n\n<h2 class=\"wp-block-heading\">Mot de la direction <\/h2>\n\n\n\n<p>L\u2019\u00e9cole Sainte-Madeleine est une \u00e9cole d&rsquo;environ 415 \u00e9l\u00e8ves de 2e et 3e cycles. Elle dessert une partie de la population de la ville de Vaudreuil-Dorion, de Vaudreuil-sur-le-Lac et de l\u2019Ile-Cadieux. Notre \u00e9cole est voisine de l\u2019\u00e9cole Saint-Michel qui accueille les plus jeunes du pr\u00e9scolaire et du 1 er cycle. Elle est \u00e9galement \u00e0 proximit\u00e9 de l\u2019\u00e9cole secondaire de la Cit\u00e9-des-Jeunes. Nous d\u00e9nombrons 24 enseignants, dont 7 enseignants sp\u00e9cialistes et 2 enseignantes-orthop\u00e9dagogues. Nous comptons sur le soutien de 21 membres du personnel de soutien, dont 8 \u00e9ducatrices au service de garde, 5 surveillantes du d\u00eener, 2 \u00e9ducatrices sp\u00e9cialis\u00e9es, 1 pr\u00e9pos\u00e9e aux \u00e9l\u00e8ves handicap\u00e9s, 2 secr\u00e9taires et 2 pr\u00e9pos\u00e9s \u00e0 l\u2019entretien m\u00e9nag\u00e9.<\/p>\n\n\n\n<p>Notre \u00e9cole offre une <strong>\u00e9ducation de qualit\u00e9<\/strong> dans un environnement <strong>stimulant <\/strong>et diversifi\u00e9.<\/p>\n\n\n\n<p>L\u2019\u00e9cole Sainte-Madeleine propose \u00e9galement 4 classes de concentrations sportives au 3e cycle (multisports et triathlon).<\/p>\n\n\n\n<p>Notre service de garde accueille de fa\u00e7on r\u00e9guli\u00e8re 90 \u00e9l\u00e8ves. De fa\u00e7on sporadique, elle peut accueillir jusqu\u2019\u00e0 100 \u00e9l\u00e8ves. <\/p>\n\n\n\n<p>Notre communaut\u00e9 scolaire est <strong>tr\u00e8s unie et impliqu\u00e9e<\/strong> avec un personnel <strong>dynamique et engag\u00e9<\/strong>!<\/p>\n\n\n\n<p>Notre site internet comprend plusieurs informations \u00e0 votre intention.<\/p>\n\n\n\n<p>Il vous est aussi possible de nous suivre via notre nouvelle page Facebook.<\/p>\n\n\n\n<figure class=\"wp-block-image size-medium\"><img loading=\"lazy\" decoding=\"async\" width=\"300\" height=\"218\" src=\"https:\/\/media.csstl.gouv.qc.ca\/wp-content\/uploads\/sites\/48\/2022\/11\/25145531\/A_tire-daile-18-1_Page_1-300x218.jpg\" alt=\"\" class=\"wp-image-1155\" srcset=\"https:\/\/media.csstl.gouv.qc.ca\/wp-content\/uploads\/sites\/48\/2022\/11\/25145531\/A_tire-daile-18-1_Page_1-300x218.jpg 300w, https:\/\/media.csstl.gouv.qc.ca\/wp-content\/uploads\/sites\/48\/2022\/11\/25145531\/A_tire-daile-18-1_Page_1-1024x746.jpg 1024w, https:\/\/media.csstl.gouv.qc.ca\/wp-content\/uploads\/sites\/48\/2022\/11\/25145531\/A_tire-daile-18-1_Page_1-768x559.jpg 768w, https:\/\/media.csstl.gouv.qc.ca\/wp-content\/uploads\/sites\/48\/2022\/11\/25145531\/A_tire-daile-18-1_Page_1-1536x1119.jpg 1536w, https:\/\/media.csstl.gouv.qc.ca\/wp-content\/uploads\/sites\/48\/2022\/11\/25145531\/A_tire-daile-18-1_Page_1-2048x1491.jpg 2048w\" sizes=\"auto, (max-width: 300px) 100vw, 300px\" \/><\/figure>\n","protected":false},"excerpt":{"rendered":"<p>Bienvenue sur le site de l&rsquo;\u00e9cole Sainte-Madeleine Mot de la direction L\u2019\u00e9cole Sainte-Madeleine est une \u00e9cole d&rsquo;environ 415 \u00e9l\u00e8ves de 2e et 3e cycles. Elle dessert une partie de la population de la ville de Vaudreuil-Dorion, de Vaudreuil-sur-le-Lac et de l\u2019Ile-Cadieux. Notre \u00e9cole est voisine de l\u2019\u00e9cole Saint-Michel qui accueille les plus jeunes du pr\u00e9scolaire [&hellip;]<\/p>\n","protected":false},"author":44,"featured_media":0,"parent":0,"menu_order":0,"comment_status":"closed","ping_status":"closed","template":"","meta":{"_genesis_hide_title":false,"_genesis_hide_breadcrumbs":false,"_genesis_hide_singular_image":false,"_genesis_hide_footer_widgets":false,"_genesis_custom_body_class":"","_genesis_custom_post_class":"","_genesis_layout":"","footnotes":""},"class_list":{"0":"post-746","1":"page","2":"type-page","3":"status-publish","5":"entry"},"featured_image_src":null,"featured_image_src_square":null,"_links":{"self":[{"href":"https:\/\/csstl.gouv.qc.ca\/sainte-madeleine\/wp-json\/wp\/v2\/pages\/746","targetHints":{"allow":["GET"]}}],"collection":[{"href":"https:\/\/csstl.gouv.qc.ca\/sainte-madeleine\/wp-json\/wp\/v2\/pages"}],"about":[{"href":"https:\/\/csstl.gouv.qc.ca\/sainte-madeleine\/wp-json\/wp\/v2\/types\/page"}],"author":[{"embeddable":true,"href":"https:\/\/csstl.gouv.qc.ca\/sainte-madeleine\/wp-json\/wp\/v2\/users\/44"}],"replies":[{"embeddable":true,"href":"https:\/\/csstl.gouv.qc.ca\/sainte-madeleine\/wp-json\/wp\/v2\/comments?post=746"}],"version-history":[{"count":0,"href":"https:\/\/csstl.gouv.qc.ca\/sainte-madeleine\/wp-json\/wp\/v2\/pages\/746\/revisions"}],"wp:attachment":[{"href":"https:\/\/csstl.gouv.qc.ca\/sainte-madeleine\/wp-json\/wp\/v2\/media?parent=746"}],"curies":[{"name":"wp","href":"https:\/\/api.w.org\/{rel}","templated":true}]}}