{"id":742,"date":"2019-11-28T14:51:45","date_gmt":"2019-11-28T19:51:45","guid":{"rendered":"https:\/\/cs3lacs.wpengine.com\/sainte-madeleine\/?page_id=742"},"modified":"2026-04-01T07:03:33","modified_gmt":"2026-04-01T12:03:33","slug":"documents-liens-utiles","status":"publish","type":"page","link":"https:\/\/csstl.gouv.qc.ca\/sainte-madeleine\/documents-liens-utiles\/","title":{"rendered":"Documents et liens utiles"},"content":{"rendered":"\n<h2 class=\"wp-block-heading\">Campagne de financement<\/h2>\n\n\n\n<ul class=\"wp-block-list\">\n<li><a href=\"https:\/\/media.csstl.gouv.qc.ca\/wp-content\/uploads\/sites\/48\/2023\/11\/24121209\/Publicite-Vente-de-vetements-a-leffigie-de-lecole-Sainte-Madeleine.pdf\" data-type=\"link\" data-id=\"https:\/\/media.csstl.gouv.qc.ca\/wp-content\/uploads\/sites\/48\/2023\/11\/24121209\/Publicite-Vente-de-vetements-a-leffigie-de-lecole-Sainte-Madeleine.pdf\">Vente de v\u00eatements \u00e0 l&rsquo;effigie de l&rsquo;\u00e9cole Sainte-Madeleine<\/a><\/li>\n<\/ul>\n\n\n\n<h2 class=\"wp-block-heading\">Informations concernant l&rsquo;\u00e9cole<\/h2>\n\n\n\n<ul class=\"wp-block-list\">\n<li><a href=\"https:\/\/media.csstl.gouv.qc.ca\/wp-content\/uploads\/sites\/48\/2023\/10\/30121000\/Thermometre-vestimentaire.pdf\" data-type=\"link\" data-id=\"https:\/\/media.csstl.gouv.qc.ca\/wp-content\/uploads\/sites\/48\/2023\/10\/30121000\/Thermometre-vestimentaire.pdf\">Thermom\u00e8tre vestimentaire<\/a><\/li>\n\n\n\n<li><a href=\"https:\/\/media.csstl.gouv.qc.ca\/wp-content\/uploads\/sites\/48\/2024\/09\/05132236\/Evaluation-Plan-de-lutte-2023-2024-Version-finale-.pdf\" data-type=\"attachment\" data-id=\"1341\">\u00c9valuation Plan de lutte 2023-2024<\/a><\/li>\n<\/ul>\n\n\n\n<h2 class=\"wp-block-heading\">Info-parents 2025-2026<\/h2>\n\n\n\n<ul class=\"wp-block-list\">\n<li><a href=\"https:\/\/media.csstl.gouv.qc.ca\/wp-content\/uploads\/sites\/48\/2025\/09\/05064818\/Info-Parents-Edition-Vacances-2025.pdf\">Info-Parents vacances ao\u00fbt 2025<\/a><\/li>\n\n\n\n<li><a href=\"https:\/\/media.csstl.gouv.qc.ca\/wp-content\/uploads\/sites\/48\/2025\/09\/05064814\/Info-Parents-Rentree-scolaire-2025.pdf\">Info-Parents rentr\u00e9e scolaire<\/a><\/li>\n\n\n\n<li><a href=\"https:\/\/media.csstl.gouv.qc.ca\/wp-content\/uploads\/sites\/48\/2025\/10\/01072534\/Info-Parents-Octobre-2025.pdf\" data-type=\"link\" data-id=\"https:\/\/media.csstl.gouv.qc.ca\/wp-content\/uploads\/sites\/48\/2025\/10\/01072534\/Info-Parents-Octobre-2025.pdf\">Info-Parents octobre 2025<\/a><\/li>\n\n\n\n<li><a href=\"https:\/\/media.csstl.gouv.qc.ca\/wp-content\/uploads\/sites\/48\/2025\/11\/03135646\/Info-Parents-Novembre-2025.pdf\" data-type=\"link\" data-id=\"https:\/\/media.csstl.gouv.qc.ca\/wp-content\/uploads\/sites\/48\/2025\/11\/03135646\/Info-Parents-Novembre-2025.pdf\">Info-Parents novembre 2025<\/a><\/li>\n\n\n\n<li><a href=\"https:\/\/media.csstl.gouv.qc.ca\/wp-content\/uploads\/sites\/48\/2025\/12\/02104455\/Info-Parents-Decembre-2025.pdf\">Info-Parents d\u00e9cembre 2025<\/a><\/li>\n\n\n\n<li><a href=\"https:\/\/media.csstl.gouv.qc.ca\/wp-content\/uploads\/sites\/48\/2026\/01\/05103829\/Info-parents-Janvier-2026.pdf\">Info-Parents janvier 2026<\/a><\/li>\n\n\n\n<li><a href=\"https:\/\/media.csstl.gouv.qc.ca\/wp-content\/uploads\/sites\/48\/2026\/02\/02141053\/Info-parents-Fevrier-2026-2-1.pdf\">Info-Parents f\u00e9vrier 2026<\/a><\/li>\n\n\n\n<li><a href=\"https:\/\/media.csstl.gouv.qc.ca\/wp-content\/uploads\/sites\/48\/2026\/03\/09130615\/Info-parents-Mars-2026.pdf\">Info-Parents mars 2026<\/a><\/li>\n\n\n\n<li><a href=\"https:\/\/media.csstl.gouv.qc.ca\/wp-content\/uploads\/sites\/48\/2026\/04\/01070234\/Info-Parents-Avril-2026.pdf\">Info-Parents avril 2026<\/a><\/li>\n<\/ul>\n\n\n\n<h2 class=\"wp-block-heading\">Proc\u00e9dures<\/h2>\n\n\n\n<ul class=\"wp-block-list\">\n<li><a href=\"https:\/\/media.csstl.gouv.qc.ca\/wp-content\/uploads\/sites\/48\/2022\/11\/23102023\/Procedure_paiement_Internet.pdf\" target=\"_blank\" rel=\"noreferrer noopener\">Proc\u00e9dure paiement internet<\/a><\/li>\n\n\n\n<li><a href=\"https:\/\/media.csstl.gouv.qc.ca\/wp-content\/uploads\/sites\/48\/2022\/11\/23103230\/Procedure_TRANSPORT-1.pdf\" target=\"_blank\" rel=\"noreferrer noopener\">Proc\u00e9dure transport<\/a><\/li>\n<\/ul>\n\n\n\n<h2 class=\"wp-block-heading\">Formulaires<\/h2>\n\n\n\n<ul class=\"wp-block-list\">\n<li><a href=\"https:\/\/media.csstl.gouv.qc.ca\/wp-content\/uploads\/sites\/48\/2022\/11\/23101948\/ADMINISTRATION-DE-MEDICAMENTS-.pdf\" target=\"_blank\" rel=\"noreferrer noopener\">Formulaire pour administration de m\u00e9dicaments<\/a><\/li>\n\n\n\n<li><a rel=\"noreferrer noopener\" href=\"https:\/\/media.csstl.gouv.qc.ca\/wp-content\/uploads\/sites\/48\/2022\/11\/23102018\/Preuves-de-residence.pdf\" target=\"_blank\">Attestation de preuves de r\u00e9sidence<\/a><\/li>\n<\/ul>\n\n\n\n<h2 class=\"wp-block-heading\">Moza\u00efk-Portail Parents<\/h2>\n\n\n\n<ul class=\"wp-block-list\">\n<li><a rel=\"noreferrer noopener\" href=\"https:\/\/media.csstl.gouv.qc.ca\/wp-content\/uploads\/sites\/48\/2022\/11\/23101959\/Guide_Mozaik-Portail_parents.pdf\" target=\"_blank\">Guide Moza\u00efk &#8211; Portail parents<\/a> <\/li>\n\n\n\n<li><a rel=\"noreferrer noopener\" href=\"https:\/\/portailparents.ca\/accueil\/fr\/aide.htm\" target=\"_blank\">Aide \u00e0 la connexion<\/a><\/li>\n<\/ul>\n\n\n\n<h2 class=\"wp-block-heading\">Assembl\u00e9e g\u00e9n\u00e9rale<\/h2>\n\n\n\n<ul class=\"wp-block-list\">\n<li><a href=\"https:\/\/media.csstl.gouv.qc.ca\/wp-content\/uploads\/sites\/48\/2025\/09\/05065223\/Convocation-assemblee-generale.pdf\">Avis de convocation 9 septembre 2025<\/a><\/li>\n\n\n\n<li><a href=\"https:\/\/media.csstl.gouv.qc.ca\/wp-content\/uploads\/sites\/48\/2025\/09\/05065225\/Ordre-du-jour-assemblee-generale-2025.pdf\">Ordre du jour<\/a><\/li>\n\n\n\n<li><a href=\"https:\/\/media.csstl.gouv.qc.ca\/wp-content\/uploads\/sites\/48\/2025\/09\/09140344\/Rapport-annuel-Sainte-Madeleine-2024-2025.pdf\">Rapport annuel 2024-2025<\/a><\/li>\n<\/ul>\n\n\n\n<p><\/p>\n","protected":false},"excerpt":{"rendered":"<p>Campagne de financement Informations concernant l&rsquo;\u00e9cole Info-parents 2025-2026 Proc\u00e9dures Formulaires Moza\u00efk-Portail Parents Assembl\u00e9e g\u00e9n\u00e9rale<\/p>\n","protected":false},"author":44,"featured_media":0,"parent":0,"menu_order":0,"comment_status":"closed","ping_status":"closed","template":"","meta":{"_genesis_hide_title":false,"_genesis_hide_breadcrumbs":false,"_genesis_hide_singular_image":false,"_genesis_hide_footer_widgets":false,"_genesis_custom_body_class":"","_genesis_custom_post_class":"","_genesis_layout":"","footnotes":""},"class_list":{"0":"post-742","1":"page","2":"type-page","3":"status-publish","5":"entry"},"featured_image_src":null,"featured_image_src_square":null,"_links":{"self":[{"href":"https:\/\/csstl.gouv.qc.ca\/sainte-madeleine\/wp-json\/wp\/v2\/pages\/742","targetHints":{"allow":["GET"]}}],"collection":[{"href":"https:\/\/csstl.gouv.qc.ca\/sainte-madeleine\/wp-json\/wp\/v2\/pages"}],"about":[{"href":"https:\/\/csstl.gouv.qc.ca\/sainte-madeleine\/wp-json\/wp\/v2\/types\/page"}],"author":[{"embeddable":true,"href":"https:\/\/csstl.gouv.qc.ca\/sainte-madeleine\/wp-json\/wp\/v2\/users\/44"}],"replies":[{"embeddable":true,"href":"https:\/\/csstl.gouv.qc.ca\/sainte-madeleine\/wp-json\/wp\/v2\/comments?post=742"}],"version-history":[{"count":0,"href":"https:\/\/csstl.gouv.qc.ca\/sainte-madeleine\/wp-json\/wp\/v2\/pages\/742\/revisions"}],"wp:attachment":[{"href":"https:\/\/csstl.gouv.qc.ca\/sainte-madeleine\/wp-json\/wp\/v2\/media?parent=742"}],"curies":[{"name":"wp","href":"https:\/\/api.w.org\/{rel}","templated":true}]}}