{"id":477,"date":"2019-06-18T13:43:02","date_gmt":"2019-06-18T18:43:02","guid":{"rendered":"http:\/\/cs3lacs.wpengine.com\/sainte-madeleine\/?page_id=477"},"modified":"2026-01-14T08:35:17","modified_gmt":"2026-01-14T13:35:17","slug":"plan-de-lutte-intimidation-violence","status":"publish","type":"page","link":"https:\/\/csstl.gouv.qc.ca\/sainte-madeleine\/plan-de-lutte-intimidation-violence\/","title":{"rendered":"Plan de lutte contre l&rsquo;intimidation et la violence"},"content":{"rendered":"\n<p>Voici <a href=\"https:\/\/media.csstl.gouv.qc.ca\/wp-content\/uploads\/sites\/48\/2025\/05\/30124920\/Plan-de-lutte-ecole-Sainte-Madeleine-24-25-CE-janvier-2025.pdf\" data-type=\"link\" data-id=\"https:\/\/media.csstl.gouv.qc.ca\/wp-content\/uploads\/sites\/48\/2025\/05\/30124920\/Plan-de-lutte-ecole-Sainte-Madeleine-24-25-CE-janvier-2025.pdf\">le plan<\/a> de notre \u00e9cole pour l&rsquo;ann\u00e9e scolaire 2024-2025<\/p>\n\n\n\n<p>Vous trouverez le bilan du plan de lutte 2024-2025 de notre \u00e9cole <a href=\"https:\/\/media.csstl.gouv.qc.ca\/wp-content\/uploads\/sites\/48\/2025\/09\/04132650\/BILAN-Plan-de-lutte-ecole-Sainte-Madeleine-24-25.pdf\" data-type=\"link\" data-id=\"https:\/\/media.csstl.gouv.qc.ca\/wp-content\/uploads\/sites\/48\/2025\/09\/04132650\/BILAN-Plan-de-lutte-ecole-Sainte-Madeleine-24-25.pdf\">ici<\/a><\/p>\n\n\n\n<h2 class=\"wp-block-heading\">Plan de lutte 2025-2026<\/h2>\n\n\n\n<p>Le plan de lutte pour l&rsquo;ann\u00e9e 2025-2026 est maintenant disponible et vous pouvez le consulter en cliquant ici : <a href=\"https:\/\/media.csstl.gouv.qc.ca\/wp-content\/uploads\/sites\/48\/2026\/01\/14083346\/Ecole-Sainte-Madeleine-Plan-de-lutte_CSSTL25-26.pdf\" data-type=\"link\" data-id=\"https:\/\/media.csstl.gouv.qc.ca\/wp-content\/uploads\/sites\/48\/2026\/01\/14083346\/Ecole-Sainte-Madeleine-Plan-de-lutte_CSSTL25-26.pdf\">plan de lutte 2025-2026<\/a><\/p>\n","protected":false},"excerpt":{"rendered":"<p>Voici le plan de notre \u00e9cole pour l&rsquo;ann\u00e9e scolaire 2024-2025 Vous trouverez le bilan du plan de lutte 2024-2025 de notre \u00e9cole ici Plan de lutte 2025-2026 Le plan de lutte pour l&rsquo;ann\u00e9e 2025-2026 est maintenant disponible et vous pouvez le consulter en cliquant ici : plan de lutte 2025-2026<\/p>\n","protected":false},"author":2,"featured_media":0,"parent":0,"menu_order":0,"comment_status":"closed","ping_status":"closed","template":"","meta":{"_genesis_hide_title":false,"_genesis_hide_breadcrumbs":false,"_genesis_hide_singular_image":false,"_genesis_hide_footer_widgets":false,"_genesis_custom_body_class":"","_genesis_custom_post_class":"","_genesis_layout":"","footnotes":""},"class_list":{"0":"post-477","1":"page","2":"type-page","3":"status-publish","5":"entry"},"featured_image_src":null,"featured_image_src_square":null,"_links":{"self":[{"href":"https:\/\/csstl.gouv.qc.ca\/sainte-madeleine\/wp-json\/wp\/v2\/pages\/477","targetHints":{"allow":["GET"]}}],"collection":[{"href":"https:\/\/csstl.gouv.qc.ca\/sainte-madeleine\/wp-json\/wp\/v2\/pages"}],"about":[{"href":"https:\/\/csstl.gouv.qc.ca\/sainte-madeleine\/wp-json\/wp\/v2\/types\/page"}],"author":[{"embeddable":true,"href":"https:\/\/csstl.gouv.qc.ca\/sainte-madeleine\/wp-json\/wp\/v2\/users\/2"}],"replies":[{"embeddable":true,"href":"https:\/\/csstl.gouv.qc.ca\/sainte-madeleine\/wp-json\/wp\/v2\/comments?post=477"}],"version-history":[{"count":0,"href":"https:\/\/csstl.gouv.qc.ca\/sainte-madeleine\/wp-json\/wp\/v2\/pages\/477\/revisions"}],"wp:attachment":[{"href":"https:\/\/csstl.gouv.qc.ca\/sainte-madeleine\/wp-json\/wp\/v2\/media?parent=477"}],"curies":[{"name":"wp","href":"https:\/\/api.w.org\/{rel}","templated":true}]}}