{"id":20,"date":"2019-02-06T13:32:25","date_gmt":"2019-02-06T18:32:25","guid":{"rendered":"http:\/\/cs3lacs.wpengine.com\/sainte-madeleine\/?page_id=20"},"modified":"2025-08-13T09:09:35","modified_gmt":"2025-08-13T14:09:35","slug":"fournitures-scolaires","status":"publish","type":"page","link":"https:\/\/csstl.gouv.qc.ca\/sainte-madeleine\/fournitures-scolaires\/","title":{"rendered":"Fournitures scolaires et mat\u00e9riel didactique"},"content":{"rendered":"\n<h2 class=\"wp-block-heading\">Ann\u00e9e Scolaire 2025-2026<\/h2>\n\n\n\n<p><\/p>\n\n\n\n<h2 class=\"wp-block-heading\">3e ann\u00e9e<\/h2>\n\n\n\n<ul class=\"wp-block-list\">\n<li><a href=\"https:\/\/media.csstl.gouv.qc.ca\/wp-content\/uploads\/sites\/48\/2025\/07\/02134431\/3e-annee-Fournitures-scolaires-25-26.pdf\" data-type=\"link\" data-id=\"https:\/\/media.csstl.gouv.qc.ca\/wp-content\/uploads\/sites\/48\/2025\/07\/02134431\/3e-annee-Fournitures-scolaires-25-26.pdf\">Fournitures scolaires<\/a><\/li>\n\n\n\n<li><a href=\"https:\/\/media.csstl.gouv.qc.ca\/wp-content\/uploads\/sites\/48\/2025\/08\/13082413\/3e-annee-Materiel-didactique-2025-2026.pdf\" data-type=\"link\" data-id=\"https:\/\/media.csstl.gouv.qc.ca\/wp-content\/uploads\/sites\/48\/2025\/08\/13082413\/3e-annee-Materiel-didactique-2025-2026.pdf\">Mat\u00e9riel didactique<\/a><\/li>\n<\/ul>\n\n\n\n<h2 class=\"wp-block-heading\">4e ann\u00e9e<\/h2>\n\n\n\n<ul class=\"wp-block-list\">\n<li><a href=\"https:\/\/media.csstl.gouv.qc.ca\/wp-content\/uploads\/sites\/48\/2025\/07\/02134434\/4e-annee-Fournitures-scolaires-25-26.pdf\" data-type=\"link\" data-id=\"https:\/\/media.csstl.gouv.qc.ca\/wp-content\/uploads\/sites\/48\/2025\/07\/02134434\/4e-annee-Fournitures-scolaires-25-26.pdf\">Fournitures scolaires<\/a><\/li>\n\n\n\n<li><a href=\"https:\/\/media.csstl.gouv.qc.ca\/wp-content\/uploads\/sites\/48\/2025\/08\/13085422\/4e-annee-Materiel-didactique-2025-2026.pdf\" data-type=\"link\" data-id=\"https:\/\/media.csstl.gouv.qc.ca\/wp-content\/uploads\/sites\/48\/2025\/08\/13085422\/4e-annee-Materiel-didactique-2025-2026.pdf\">Mat\u00e9riel didactique<\/a><\/li>\n<\/ul>\n\n\n\n<h2 class=\"wp-block-heading\">5e ann\u00e9e<\/h2>\n\n\n\n<ul class=\"wp-block-list\">\n<li><a href=\"https:\/\/media.csstl.gouv.qc.ca\/wp-content\/uploads\/sites\/48\/2025\/07\/02134436\/5e-annee-Fournitures-scolaires-25-26.pdf\" data-type=\"link\" data-id=\"https:\/\/media.csstl.gouv.qc.ca\/wp-content\/uploads\/sites\/48\/2025\/07\/02134436\/5e-annee-Fournitures-scolaires-25-26.pdf\">Fournitures scolaires<\/a><\/li>\n\n\n\n<li><a href=\"https:\/\/media.csstl.gouv.qc.ca\/wp-content\/uploads\/sites\/48\/2025\/08\/13085426\/5e-annee-Materiel-didactique-2025-2026.pdf\" data-type=\"link\" data-id=\"https:\/\/media.csstl.gouv.qc.ca\/wp-content\/uploads\/sites\/48\/2025\/08\/13085426\/5e-annee-Materiel-didactique-2025-2026.pdf\">Mat\u00e9riel didactique<\/a><\/li>\n<\/ul>\n\n\n\n<h2 class=\"wp-block-heading\">6e ann\u00e9e<\/h2>\n\n\n\n<ul class=\"wp-block-list\">\n<li><a href=\"https:\/\/media.csstl.gouv.qc.ca\/wp-content\/uploads\/sites\/48\/2025\/07\/02134438\/6e-annee-Fournitures-scolaires-25-26.pdf\" data-type=\"link\" data-id=\"https:\/\/media.csstl.gouv.qc.ca\/wp-content\/uploads\/sites\/48\/2025\/07\/02134438\/6e-annee-Fournitures-scolaires-25-26.pdf\">Fournitures scolaires<\/a><\/li>\n\n\n\n<li><a href=\"https:\/\/media.csstl.gouv.qc.ca\/wp-content\/uploads\/sites\/48\/2025\/08\/13085430\/6e-annee-Materiel-didactique-2025-2026-1.pdf\" data-type=\"link\" data-id=\"https:\/\/media.csstl.gouv.qc.ca\/wp-content\/uploads\/sites\/48\/2025\/08\/13085430\/6e-annee-Materiel-didactique-2025-2026-1.pdf\">Mat\u00e9riel didactique<\/a><\/li>\n<\/ul>\n\n\n\n<p><\/p>\n","protected":false},"excerpt":{"rendered":"<p>Ann\u00e9e Scolaire 2025-2026 3e ann\u00e9e 4e ann\u00e9e 5e ann\u00e9e 6e ann\u00e9e<\/p>\n","protected":false},"author":2,"featured_media":0,"parent":0,"menu_order":20,"comment_status":"closed","ping_status":"closed","template":"","meta":{"_genesis_hide_title":false,"_genesis_hide_breadcrumbs":false,"_genesis_hide_singular_image":false,"_genesis_hide_footer_widgets":false,"_genesis_custom_body_class":"","_genesis_custom_post_class":"","_genesis_layout":"","footnotes":""},"class_list":{"0":"post-20","1":"page","2":"type-page","3":"status-publish","5":"entry"},"featured_image_src":null,"featured_image_src_square":null,"_links":{"self":[{"href":"https:\/\/csstl.gouv.qc.ca\/sainte-madeleine\/wp-json\/wp\/v2\/pages\/20","targetHints":{"allow":["GET"]}}],"collection":[{"href":"https:\/\/csstl.gouv.qc.ca\/sainte-madeleine\/wp-json\/wp\/v2\/pages"}],"about":[{"href":"https:\/\/csstl.gouv.qc.ca\/sainte-madeleine\/wp-json\/wp\/v2\/types\/page"}],"author":[{"embeddable":true,"href":"https:\/\/csstl.gouv.qc.ca\/sainte-madeleine\/wp-json\/wp\/v2\/users\/2"}],"replies":[{"embeddable":true,"href":"https:\/\/csstl.gouv.qc.ca\/sainte-madeleine\/wp-json\/wp\/v2\/comments?post=20"}],"version-history":[{"count":0,"href":"https:\/\/csstl.gouv.qc.ca\/sainte-madeleine\/wp-json\/wp\/v2\/pages\/20\/revisions"}],"wp:attachment":[{"href":"https:\/\/csstl.gouv.qc.ca\/sainte-madeleine\/wp-json\/wp\/v2\/media?parent=20"}],"curies":[{"name":"wp","href":"https:\/\/api.w.org\/{rel}","templated":true}]}}