{"id":11,"date":"2019-02-06T13:15:46","date_gmt":"2019-02-06T18:15:46","guid":{"rendered":"http:\/\/cs3lacs.wpengine.com\/sainte-madeleine\/?page_id=11"},"modified":"2024-03-04T16:01:03","modified_gmt":"2024-03-04T21:01:03","slug":"projet-educatif","status":"publish","type":"page","link":"https:\/\/csstl.gouv.qc.ca\/sainte-madeleine\/projet-educatif\/","title":{"rendered":"Projet \u00e9ducatif"},"content":{"rendered":"\n<p>Le projet \u00e9ducatif 2023-2027 de l&rsquo;\u00e9cole Sainte-Madeleine adopt\u00e9 par le comit\u00e9 d&rsquo;\u00e9tablissement le 27 novembre 2023 peut \u00eatre consult\u00e9 <a href=\"https:\/\/media.csstl.gouv.qc.ca\/wp-content\/uploads\/sites\/48\/2023\/12\/01101238\/Projet-educatif-23-27-ecole-Sainte-Madeleine-version-officielle-27-novembre-2023.pdf\" data-type=\"link\" data-id=\"https:\/\/media.csstl.gouv.qc.ca\/wp-content\/uploads\/sites\/48\/2023\/12\/01101238\/Projet-educatif-23-27-ecole-Sainte-Madeleine-version-officielle-27-novembre-2023.pdf\">ici<\/a>.<\/p>\n\n\n\n<p><\/p>\n","protected":false},"excerpt":{"rendered":"<p>Le projet \u00e9ducatif 2023-2027 de l&rsquo;\u00e9cole Sainte-Madeleine adopt\u00e9 par le comit\u00e9 d&rsquo;\u00e9tablissement le 27 novembre 2023 peut \u00eatre consult\u00e9 ici.<\/p>\n","protected":false},"author":2,"featured_media":0,"parent":0,"menu_order":12,"comment_status":"closed","ping_status":"closed","template":"","meta":{"_genesis_hide_title":false,"_genesis_hide_breadcrumbs":false,"_genesis_hide_singular_image":false,"_genesis_hide_footer_widgets":false,"_genesis_custom_body_class":"","_genesis_custom_post_class":"","_genesis_layout":"","footnotes":""},"class_list":{"0":"post-11","1":"page","2":"type-page","3":"status-publish","5":"entry"},"featured_image_src":null,"featured_image_src_square":null,"_links":{"self":[{"href":"https:\/\/csstl.gouv.qc.ca\/sainte-madeleine\/wp-json\/wp\/v2\/pages\/11","targetHints":{"allow":["GET"]}}],"collection":[{"href":"https:\/\/csstl.gouv.qc.ca\/sainte-madeleine\/wp-json\/wp\/v2\/pages"}],"about":[{"href":"https:\/\/csstl.gouv.qc.ca\/sainte-madeleine\/wp-json\/wp\/v2\/types\/page"}],"author":[{"embeddable":true,"href":"https:\/\/csstl.gouv.qc.ca\/sainte-madeleine\/wp-json\/wp\/v2\/users\/2"}],"replies":[{"embeddable":true,"href":"https:\/\/csstl.gouv.qc.ca\/sainte-madeleine\/wp-json\/wp\/v2\/comments?post=11"}],"version-history":[{"count":0,"href":"https:\/\/csstl.gouv.qc.ca\/sainte-madeleine\/wp-json\/wp\/v2\/pages\/11\/revisions"}],"wp:attachment":[{"href":"https:\/\/csstl.gouv.qc.ca\/sainte-madeleine\/wp-json\/wp\/v2\/media?parent=11"}],"curies":[{"name":"wp","href":"https:\/\/api.w.org\/{rel}","templated":true}]}}