{"id":1047,"date":"2022-10-20T09:20:32","date_gmt":"2022-10-20T14:20:32","guid":{"rendered":"https:\/\/cs3lacs.wpengine.com\/sainte-madeleine\/?page_id=1047"},"modified":"2022-10-20T09:28:16","modified_gmt":"2022-10-20T14:28:16","slug":"actualites","status":"publish","type":"page","link":"https:\/\/csstl.gouv.qc.ca\/sainte-madeleine\/actualites\/","title":{"rendered":"Actualit\u00e9s"},"content":{"rendered":"<ul class=\"wp-block-latest-posts__list has-dates wp-block-latest-posts\"><li><a class=\"wp-block-latest-posts__post-title\" href=\"https:\/\/csstl.gouv.qc.ca\/sainte-madeleine\/2026\/03\/mini-semaine-culturelle-a-notre-ecole\/\">Mini-semaine culturelle \u00e0 notre \u00e9cole<\/a><time datetime=\"2026-03-31T11:56:27-05:00\" class=\"wp-block-latest-posts__post-date\">31 mars 2026<\/time><div class=\"wp-block-latest-posts__post-excerpt\">Dans la semaine du 20 au 22 avril, se tiendra la mini-semaine culturelle \u00e0 notre \u00e9cole. Voici les informations de cette semaine-l\u00e0.<\/div><\/li>\n<li><a class=\"wp-block-latest-posts__post-title\" href=\"https:\/\/csstl.gouv.qc.ca\/sainte-madeleine\/2026\/03\/nouveau-calendrier-25-26\/\">Nouveau calendrier 25-26<\/a><time datetime=\"2026-03-16T12:26:25-05:00\" class=\"wp-block-latest-posts__post-date\">16 mars 2026<\/time><div class=\"wp-block-latest-posts__post-excerpt\">Bonjour, suite \u00e0 la fermeture du CSS le 11 mars dernier pour temp\u00eate, nous avons modifi\u00e9 le calendrier scolaire de l&rsquo;\u00e9cole. Le mardi 7 avril 2026 sera donc une journ\u00e9e de classe J3.<\/div><\/li>\n<li><a class=\"wp-block-latest-posts__post-title\" href=\"https:\/\/csstl.gouv.qc.ca\/sainte-madeleine\/2026\/01\/plan-de-lutte-contre-lintimidation\/\">Plan de lutte contre l&rsquo;intimidation<\/a><time datetime=\"2026-01-14T10:24:44-05:00\" class=\"wp-block-latest-posts__post-date\">14 janvier 2026<\/time><div class=\"wp-block-latest-posts__post-excerpt\">Le plan de lutte de 2025-2026 est maintenant disponible sur notre site Internet, vous pouvez le consulter dans la section https:\/\/csstl.gouv.qc.ca\/sainte-madeleine\/plan-de-lutte-intimidation-violence\/<\/div><\/li>\n<li><a class=\"wp-block-latest-posts__post-title\" href=\"https:\/\/csstl.gouv.qc.ca\/sainte-madeleine\/2025\/11\/vente-de-vetements\/\">Vente de v\u00eatements<\/a><time datetime=\"2025-11-03T13:29:58-05:00\" class=\"wp-block-latest-posts__post-date\">3 novembre 2025<\/time><div class=\"wp-block-latest-posts__post-excerpt\"><\/div><\/li>\n<li><a class=\"wp-block-latest-posts__post-title\" href=\"https:\/\/csstl.gouv.qc.ca\/sainte-madeleine\/2025\/09\/calendrier-semaine-a-et-b\/\">Calendrier semaine A et B<\/a><time datetime=\"2025-09-08T07:46:21-05:00\" class=\"wp-block-latest-posts__post-date\">8 septembre 2025<\/time><div class=\"wp-block-latest-posts__post-excerpt\">Voici le calendrier des semaines A et B pour l&rsquo;ann\u00e9e 2025 Calendrier<\/div><\/li>\n<\/ul>","protected":false},"excerpt":{"rendered":"","protected":false},"author":2,"featured_media":0,"parent":0,"menu_order":0,"comment_status":"closed","ping_status":"closed","template":"","meta":{"_genesis_hide_title":false,"_genesis_hide_breadcrumbs":false,"_genesis_hide_singular_image":false,"_genesis_hide_footer_widgets":false,"_genesis_custom_body_class":"","_genesis_custom_post_class":"","_genesis_layout":"","footnotes":""},"class_list":{"0":"post-1047","1":"page","2":"type-page","3":"status-publish","5":"entry"},"featured_image_src":null,"featured_image_src_square":null,"_links":{"self":[{"href":"https:\/\/csstl.gouv.qc.ca\/sainte-madeleine\/wp-json\/wp\/v2\/pages\/1047","targetHints":{"allow":["GET"]}}],"collection":[{"href":"https:\/\/csstl.gouv.qc.ca\/sainte-madeleine\/wp-json\/wp\/v2\/pages"}],"about":[{"href":"https:\/\/csstl.gouv.qc.ca\/sainte-madeleine\/wp-json\/wp\/v2\/types\/page"}],"author":[{"embeddable":true,"href":"https:\/\/csstl.gouv.qc.ca\/sainte-madeleine\/wp-json\/wp\/v2\/users\/2"}],"replies":[{"embeddable":true,"href":"https:\/\/csstl.gouv.qc.ca\/sainte-madeleine\/wp-json\/wp\/v2\/comments?post=1047"}],"version-history":[{"count":0,"href":"https:\/\/csstl.gouv.qc.ca\/sainte-madeleine\/wp-json\/wp\/v2\/pages\/1047\/revisions"}],"wp:attachment":[{"href":"https:\/\/csstl.gouv.qc.ca\/sainte-madeleine\/wp-json\/wp\/v2\/media?parent=1047"}],"curies":[{"name":"wp","href":"https:\/\/api.w.org\/{rel}","templated":true}]}}