{"id":10,"date":"2019-02-06T13:15:15","date_gmt":"2019-02-06T13:15:15","guid":{"rendered":"http:\/\/cs3lacs.wpengine.com\/sainte-madeleine\/?page_id=10"},"modified":"2025-09-09T14:23:03","modified_gmt":"2025-09-09T19:23:03","slug":"conseil-detablissement","status":"publish","type":"page","link":"https:\/\/csstl.gouv.qc.ca\/sainte-madeleine\/conseil-detablissement\/","title":{"rendered":"Conseil d&rsquo;\u00e9tablissement"},"content":{"rendered":"\n<h2 class=\"wp-block-heading\">Membres du conseil d&rsquo;\u00e9tablissement 2024-2025<\/h2>\n\n\n\n<ul class=\"wp-block-list\">\n<li>Patrick Huberdeau, pr\u00e9sident<\/li>\n\n\n\n<li>Catherine O\u2019Rourke, vice-pr\u00e9sidente<\/li>\n\n\n\n<li>Carine Ledoux, repr\u00e9sentante au comit\u00e9 de parents du CSSTL<\/li>\n\n\n\n<li>Am\u00e9lie Boudreau, parent<\/li>\n\n\n\n<li>Iman Ennabal, parent<\/li>\n\n\n\n<li>Philip Khalil, parent<\/li>\n\n\n\n<li>Isabelle B\u00e9gin\/Val\u00e9rie Samson, enseignantes repr\u00e9sentantes 3<sup>e<\/sup> ann\u00e9e<\/li>\n\n\n\n<li>\u00c9milie Mercier, enseignante repr\u00e9sentante 4<sup>e<\/sup> ann\u00e9e<\/li>\n\n\n\n<li>Annie Mc Nicoll, enseignante repr\u00e9sentante 5<sup>e<\/sup> ann\u00e9e<\/li>\n\n\n\n<li>Samuel Angers, enseignant repr\u00e9sentant 6<sup>e<\/sup> ann\u00e9e<\/li>\n\n\n\n<li>Bruno-Yves Blais, enseignant repr\u00e9sentante des sp\u00e9cialistes<\/li>\n\n\n\n<li>V\u00e9ronique Hart, technicienne-responsable au service de garde<\/li>\n<\/ul>\n\n\n\n<p><\/p>\n\n\n\n<h2 class=\"wp-block-heading\">Documents du conseil d&rsquo;\u00e9tablissement<\/h2>\n\n\n\n<p><a href=\"https:\/\/media.csstl.gouv.qc.ca\/wp-content\/uploads\/sites\/48\/2024\/12\/04095130\/Calendrier-des-rencontres-du-CE-2024-2025.pdf\" data-type=\"attachment\" data-id=\"1365\">Calendrier des rencontres du C\u00c9 2024-2025<\/a><\/p>\n\n\n\n<p><\/p>\n\n\n\n<h2 class=\"wp-block-heading\">Proc\u00e8s verbaux<\/h2>\n\n\n\n<ul class=\"wp-block-list\">\n<li><a href=\"https:\/\/media.csstl.gouv.qc.ca\/wp-content\/uploads\/sites\/48\/2024\/12\/04095151\/PV-CE-23-septembre-2024.pdf\" data-type=\"attachment\" data-id=\"1366\">Proc\u00e8s-verbal de la rencontre du 23 septembre 2024<\/a><\/li>\n<\/ul>\n\n\n\n<p><\/p>\n\n\n\n<h2 class=\"wp-block-heading\">Rapport annuel<\/h2>\n\n\n\n<p><a href=\"https:\/\/media.csstl.gouv.qc.ca\/wp-content\/uploads\/sites\/48\/2024\/09\/09131715\/Rapport-annuel-Sainte-Madeleine-2023-2024.pdf\" data-type=\"attachment\" data-id=\"1356\">Rapport annuel 2023-2024<\/a><br><a href=\"https:\/\/media.csstl.gouv.qc.ca\/wp-content\/uploads\/sites\/48\/2025\/09\/09140344\/Rapport-annuel-Sainte-Madeleine-2024-2025.pdf\">Rapport annuel 2024-2025<\/a><\/p>\n","protected":false},"excerpt":{"rendered":"<p>Membres du conseil d&rsquo;\u00e9tablissement 2024-2025 Documents du conseil d&rsquo;\u00e9tablissement Calendrier des rencontres du C\u00c9 2024-2025 Proc\u00e8s verbaux Rapport annuel Rapport annuel 2023-2024Rapport annuel 2024-2025<\/p>\n","protected":false},"author":2,"featured_media":0,"parent":0,"menu_order":11,"comment_status":"closed","ping_status":"closed","template":"","meta":{"_genesis_hide_title":false,"_genesis_hide_breadcrumbs":false,"_genesis_hide_singular_image":false,"_genesis_hide_footer_widgets":false,"_genesis_custom_body_class":"","_genesis_custom_post_class":"","_genesis_layout":"","footnotes":""},"class_list":{"0":"post-10","1":"page","2":"type-page","3":"status-publish","5":"entry"},"featured_image_src":null,"featured_image_src_square":null,"_links":{"self":[{"href":"https:\/\/csstl.gouv.qc.ca\/sainte-madeleine\/wp-json\/wp\/v2\/pages\/10","targetHints":{"allow":["GET"]}}],"collection":[{"href":"https:\/\/csstl.gouv.qc.ca\/sainte-madeleine\/wp-json\/wp\/v2\/pages"}],"about":[{"href":"https:\/\/csstl.gouv.qc.ca\/sainte-madeleine\/wp-json\/wp\/v2\/types\/page"}],"author":[{"embeddable":true,"href":"https:\/\/csstl.gouv.qc.ca\/sainte-madeleine\/wp-json\/wp\/v2\/users\/2"}],"replies":[{"embeddable":true,"href":"https:\/\/csstl.gouv.qc.ca\/sainte-madeleine\/wp-json\/wp\/v2\/comments?post=10"}],"version-history":[{"count":0,"href":"https:\/\/csstl.gouv.qc.ca\/sainte-madeleine\/wp-json\/wp\/v2\/pages\/10\/revisions"}],"wp:attachment":[{"href":"https:\/\/csstl.gouv.qc.ca\/sainte-madeleine\/wp-json\/wp\/v2\/media?parent=10"}],"curies":[{"name":"wp","href":"https:\/\/api.w.org\/{rel}","templated":true}]}}