{"id":477,"date":"2019-06-18T13:43:02","date_gmt":"2019-06-18T18:43:02","guid":{"rendered":"http:\/\/cs3lacs.wpengine.com\/saint-zotique-riveraine\/?page_id=477"},"modified":"2022-12-05T15:14:33","modified_gmt":"2022-12-05T20:14:33","slug":"plan-de-lutte-intimidation-violence","status":"publish","type":"page","link":"https:\/\/csstl.gouv.qc.ca\/saint-zotique-riveraine\/plan-de-lutte-intimidation-violence\/","title":{"rendered":"Plan de lutte contre l&rsquo;intimidation et la violence"},"content":{"rendered":"\n<p>Nous vous invitons \u00e0 consulter le document <a rel=\"noreferrer noopener\" href=\"https:\/\/media.csstl.gouv.qc.ca\/wp-content\/uploads\/sites\/34\/2022\/11\/28092600\/FCPQ_guide_intimidation_VD.pdf\" data-type=\"attachment\" data-id=\"1149\" target=\"_blank\"><em>Guide pour accompagner les parents dont les enfants sont confront\u00e9s \u00e0 des situations de violence ou d\u2019intimidation en milieu scolaire<\/em><\/a>. <\/p>\n\n\n\n<h2 class=\"wp-block-heading\">Signalement \u2013 Intimidation\/Violence<\/h2>\n\n\n\n<ul class=\"wp-block-list\">\n<li>Tu <strong>VIS <\/strong>une situation d\u2019intimidation ou de violence?<\/li>\n\n\n\n<li>Tu es <strong>T\u00c9MOIN <\/strong>d\u2019une situation d\u2019intimidation ou de violence?<\/li>\n\n\n\n<li>Et tu veux <strong>SIGNALER<\/strong>?<\/li>\n\n\n\n<li>Tu peux en parler directement \u00e0 ton enseignant, une T.E.S. ou \u00e0 la direction.<\/li>\n<\/ul>\n\n\n\n<p>ou<\/p>\n\n\n\n<ul class=\"wp-block-list\">\n<li>Tu peux remplir une fiche de&nbsp;signalement qui se trouve&nbsp;dans le local Virgule (le local des T.E.S).<\/li>\n\n\n\n<li>Ensuite d\u00e9pose&nbsp;ta fiche dans la bo\u00eete&nbsp;\u00ab\u202fNon \u00e0 l\u2019intimidation\u202f\u00bb&nbsp;qui se trouve \u00e9galement dans ce local.<\/li>\n<\/ul>\n\n\n\n<p>ou<\/p>\n\n\n\n<ul class=\"wp-block-list\">\n<li>Tu&nbsp;demandes \u00e0 tes parents d\u2019envoyer un message \u00e0 l\u2019\u00e9cole.<\/li>\n<\/ul>\n\n\n\n<p>\u00c0 la suite de&nbsp;ton signalement,&nbsp;un intervenant prendra contact avec toi. Il\/elle&nbsp;t\u2019expliquera ce qu\u2019ensemble, nous allons faire pour t\u2019aider. Toutes les informations que tu nous donneras demeureront&nbsp;CONFIDENTIELLES. Les \u00e9l\u00e8ves concern\u00e9s ne seront jamais mis au courant de ton signalement.<\/p>\n\n\n\n<p><strong>L\u2019intimidation c\u2019est s\u00e9rieux et personne ne doit la tol\u00e9rer. Si tu ne dis rien \u00e0 propos de ce que tu vis, personne ne pourra t\u2019aider, car on ne peut pas le deviner.<\/strong><\/p>\n\n\n\n<h3 class=\"wp-block-heading\">D\u00e9noncer<\/h3>\n\n\n\n<ul class=\"wp-block-list\">\n<li>C\u2019est dire ce que tu as vu ou subi;<\/li>\n\n\n\n<li>Tu le fais pour que cela ne se reproduise plus, parce que&nbsp;tu ne&nbsp;trouves&nbsp;pas \u00e7a correct.<\/li>\n<\/ul>\n\n\n\n<h3 class=\"wp-block-heading\">Rapporter<\/h3>\n\n\n\n<ul class=\"wp-block-list\">\n<li>C\u2019est aller raconter ce que l\u2019on sait \u00e0 condition de recevoir quelque chose en \u00e9change, comme de l\u2019argent ou des faveurs ou pour des motifs \u00e9go\u00efstes comme la vengeance.<\/li>\n<\/ul>\n","protected":false},"excerpt":{"rendered":"<p>Nous vous invitons \u00e0 consulter le document Guide pour accompagner les parents dont les enfants sont confront\u00e9s \u00e0 des situations de violence ou d\u2019intimidation en milieu scolaire. Signalement \u2013 Intimidation\/Violence ou ou \u00c0 la suite de&nbsp;ton signalement,&nbsp;un intervenant prendra contact avec toi. Il\/elle&nbsp;t\u2019expliquera ce qu\u2019ensemble, nous allons faire pour t\u2019aider. Toutes les informations que tu [&hellip;]<\/p>\n","protected":false},"author":2,"featured_media":0,"parent":0,"menu_order":0,"comment_status":"closed","ping_status":"closed","template":"","meta":{"_genesis_hide_title":false,"_genesis_hide_breadcrumbs":false,"_genesis_hide_singular_image":false,"_genesis_hide_footer_widgets":false,"_genesis_custom_body_class":"","_genesis_custom_post_class":"","_genesis_layout":"","footnotes":""},"class_list":{"0":"post-477","1":"page","2":"type-page","3":"status-publish","5":"entry"},"featured_image_src":null,"featured_image_src_square":null,"_links":{"self":[{"href":"https:\/\/csstl.gouv.qc.ca\/saint-zotique-riveraine\/wp-json\/wp\/v2\/pages\/477","targetHints":{"allow":["GET"]}}],"collection":[{"href":"https:\/\/csstl.gouv.qc.ca\/saint-zotique-riveraine\/wp-json\/wp\/v2\/pages"}],"about":[{"href":"https:\/\/csstl.gouv.qc.ca\/saint-zotique-riveraine\/wp-json\/wp\/v2\/types\/page"}],"author":[{"embeddable":true,"href":"https:\/\/csstl.gouv.qc.ca\/saint-zotique-riveraine\/wp-json\/wp\/v2\/users\/2"}],"replies":[{"embeddable":true,"href":"https:\/\/csstl.gouv.qc.ca\/saint-zotique-riveraine\/wp-json\/wp\/v2\/comments?post=477"}],"version-history":[{"count":0,"href":"https:\/\/csstl.gouv.qc.ca\/saint-zotique-riveraine\/wp-json\/wp\/v2\/pages\/477\/revisions"}],"wp:attachment":[{"href":"https:\/\/csstl.gouv.qc.ca\/saint-zotique-riveraine\/wp-json\/wp\/v2\/media?parent=477"}],"curies":[{"name":"wp","href":"https:\/\/api.w.org\/{rel}","templated":true}]}}