{"id":11,"date":"2019-02-06T13:15:46","date_gmt":"2019-02-06T18:15:46","guid":{"rendered":"http:\/\/cs3lacs.wpengine.com\/saint-zotique-riveraine\/?page_id=11"},"modified":"2024-10-02T09:37:05","modified_gmt":"2024-10-02T14:37:05","slug":"projet-educatif","status":"publish","type":"page","link":"https:\/\/csstl.gouv.qc.ca\/saint-zotique-riveraine\/projet-educatif\/","title":{"rendered":"Projet \u00e9ducatif"},"content":{"rendered":"\n<p><a href=\"https:\/\/media.csstl.gouv.qc.ca\/wp-content\/uploads\/sites\/34\/2024\/10\/02091705\/Projet-educatif-2023-2027-Riv.-St-Zo-2024-05-29-1.pdf\" data-type=\"attachment\" data-id=\"1406\">PROJET \u00c9DUCATIF 2023-2027<\/a><\/p>\n\n\n\n<p><a href=\"http:\/\/youtu.be\/szWX6WQCqUA\" target=\"_blank\" rel=\"noreferrer noopener\">Vid\u00e9o \u00ab\u00a0Voyage au c\u0153ur de la Riveraine-St-Zotique\u00a0\u00bb<\/a><\/p>\n\n\n\n<h2 class=\"wp-block-heading\">Le coffre \u00e0 outils de l&rsquo;\u00e9cole de la Riveraine<\/h2>\n\n\n\n<p>Des strat\u00e9gies et des d\u00e9marches communes et progressives&nbsp;de la 1re \u00e0 la 6e ann\u00e9e<\/p>\n\n\n\n<h3 class=\"wp-block-heading\">En fran\u00e7ais<\/h3>\n\n\n\n<p><strong>Quand je lis :<\/strong><\/p>\n\n\n\n<ul class=\"wp-block-list\">\n<li><a href=\"https:\/\/media.csstl.gouv.qc.ca\/wp-content\/uploads\/sites\/34\/2022\/12\/01085124\/lecture.pdf\" data-type=\"attachment\" data-id=\"1178\" target=\"_blank\" rel=\"noreferrer noopener\">1<sup>er<\/sup> cycle<\/a><\/li>\n\n\n\n<li><a href=\"https:\/\/media.csstl.gouv.qc.ca\/wp-content\/uploads\/sites\/34\/2022\/12\/01085127\/lecture2.pdf\" data-type=\"attachment\" data-id=\"1179\" target=\"_blank\" rel=\"noreferrer noopener\">2<sup>e<\/sup> cycle<\/a><\/li>\n\n\n\n<li><a href=\"https:\/\/media.csstl.gouv.qc.ca\/wp-content\/uploads\/sites\/34\/2022\/12\/01085130\/lecture3.pdf\" data-type=\"attachment\" data-id=\"1180\" target=\"_blank\" rel=\"noreferrer noopener\">3<sup>e<\/sup> cycle<\/a><\/li>\n<\/ul>\n\n\n\n<p><strong>Quand je r\u00e9ponds \u00e0 une question :<\/strong><\/p>\n\n\n\n<ul class=\"wp-block-list\">\n<li><a href=\"https:\/\/media.csstl.gouv.qc.ca\/wp-content\/uploads\/sites\/34\/2022\/12\/01085642\/question.pdf\" data-type=\"attachment\" data-id=\"1181\" target=\"_blank\" rel=\"noreferrer noopener\">1<sup>er<\/sup> cycle<\/a><\/li>\n\n\n\n<li><a href=\"https:\/\/media.csstl.gouv.qc.ca\/wp-content\/uploads\/sites\/34\/2022\/12\/01085648\/question2.pdf\" data-type=\"attachment\" data-id=\"1182\" target=\"_blank\" rel=\"noreferrer noopener\">2<sup>e<\/sup> cycle<\/a><\/li>\n\n\n\n<li><a href=\"https:\/\/media.csstl.gouv.qc.ca\/wp-content\/uploads\/sites\/34\/2022\/12\/01085650\/question3.pdf\" data-type=\"attachment\" data-id=\"1183\" target=\"_blank\" rel=\"noreferrer noopener\">3<sup>e<\/sup> cycle<\/a><\/li>\n<\/ul>\n\n\n\n<p><strong>Quand j&rsquo;\u00e9cris :<\/strong><\/p>\n\n\n\n<ul class=\"wp-block-list\">\n<li><a href=\"https:\/\/media.csstl.gouv.qc.ca\/wp-content\/uploads\/sites\/34\/2022\/12\/01090932\/ecriture1.pdf\" data-type=\"attachment\" data-id=\"1184\" target=\"_blank\" rel=\"noreferrer noopener\">1<sup>re<\/sup> ann\u00e9e<\/a><\/li>\n\n\n\n<li><a href=\"https:\/\/media.csstl.gouv.qc.ca\/wp-content\/uploads\/sites\/34\/2022\/12\/01090936\/ecriture2.pdf\" data-type=\"attachment\" data-id=\"1185\" target=\"_blank\" rel=\"noreferrer noopener\">2<sup>e<\/sup> ann\u00e9e<\/a><\/li>\n\n\n\n<li><a href=\"https:\/\/media.csstl.gouv.qc.ca\/wp-content\/uploads\/sites\/34\/2022\/12\/01090940\/ecriture3.pdf\" data-type=\"attachment\" data-id=\"1186\" target=\"_blank\" rel=\"noreferrer noopener\">2<sup>e<\/sup> cycle<\/a><\/li>\n\n\n\n<li><a href=\"https:\/\/media.csstl.gouv.qc.ca\/wp-content\/uploads\/sites\/34\/2022\/12\/01090944\/ecriture4.pdf\" data-type=\"attachment\" data-id=\"1187\" target=\"_blank\" rel=\"noreferrer noopener\">3<sup>e<\/sup> cycle<\/a><\/li>\n<\/ul>\n\n\n\n<h3 class=\"wp-block-heading\">En math\u00e9matique<\/h3>\n\n\n\n<p><strong>Le lexique math\u00e9matique&nbsp;:<\/strong><\/p>\n\n\n\n<ul class=\"wp-block-list\">\n<li><a href=\"https:\/\/media.csstl.gouv.qc.ca\/wp-content\/uploads\/sites\/34\/2022\/12\/01091300\/lexique_1er_cycle.pdf\" data-type=\"attachment\" data-id=\"1188\">1<\/a><a rel=\"noreferrer noopener\" href=\"https:\/\/media.csstl.gouv.qc.ca\/wp-content\/uploads\/sites\/34\/2022\/12\/01091300\/lexique_1er_cycle.pdf\" data-type=\"attachment\" data-id=\"1188\" target=\"_blank\"><sup>er<\/sup><\/a><a href=\"https:\/\/media.csstl.gouv.qc.ca\/wp-content\/uploads\/sites\/34\/2022\/12\/01091300\/lexique_1er_cycle.pdf\" data-type=\"attachment\" data-id=\"1188\" target=\"_blank\" rel=\"noreferrer noopener\"> cycle<\/a><\/li>\n\n\n\n<li><a href=\"https:\/\/media.csstl.gouv.qc.ca\/wp-content\/uploads\/sites\/34\/2022\/12\/01091307\/lexique_2e_cycle.pdf\" data-type=\"attachment\" data-id=\"1189\">2<\/a><sup><a rel=\"noreferrer noopener\" href=\"https:\/\/media.csstl.gouv.qc.ca\/wp-content\/uploads\/sites\/34\/2022\/12\/01091307\/lexique_2e_cycle.pdf\" data-type=\"attachment\" data-id=\"1189\" target=\"_blank\">e<\/a><\/sup><a href=\"https:\/\/media.csstl.gouv.qc.ca\/wp-content\/uploads\/sites\/34\/2022\/12\/01091307\/lexique_2e_cycle.pdf\" data-type=\"attachment\" data-id=\"1189\" target=\"_blank\" rel=\"noreferrer noopener\"> cycle<\/a><\/li>\n\n\n\n<li><a href=\"https:\/\/media.csstl.gouv.qc.ca\/wp-content\/uploads\/sites\/34\/2022\/12\/01091313\/lexique_3e_cycle.pdf\" data-type=\"attachment\" data-id=\"1190\">3<\/a><sup><a rel=\"noreferrer noopener\" href=\"https:\/\/media.csstl.gouv.qc.ca\/wp-content\/uploads\/sites\/34\/2022\/12\/01091313\/lexique_3e_cycle.pdf\" data-type=\"attachment\" data-id=\"1190\" target=\"_blank\">e<\/a><\/sup><a href=\"https:\/\/media.csstl.gouv.qc.ca\/wp-content\/uploads\/sites\/34\/2022\/12\/01091313\/lexique_3e_cycle.pdf\" data-type=\"attachment\" data-id=\"1190\" target=\"_blank\" rel=\"noreferrer noopener\"> cycle<\/a><\/li>\n<\/ul>\n\n\n\n<h3 class=\"wp-block-heading\"><strong>&nbsp;&nbsp;&nbsp;&nbsp;<\/strong><\/h3>\n","protected":false},"excerpt":{"rendered":"<p>PROJET \u00c9DUCATIF 2023-2027 Vid\u00e9o \u00ab\u00a0Voyage au c\u0153ur de la Riveraine-St-Zotique\u00a0\u00bb Le coffre \u00e0 outils de l&rsquo;\u00e9cole de la Riveraine Des strat\u00e9gies et des d\u00e9marches communes et progressives&nbsp;de la 1re \u00e0 la 6e ann\u00e9e En fran\u00e7ais Quand je lis : Quand je r\u00e9ponds \u00e0 une question : Quand j&rsquo;\u00e9cris : En math\u00e9matique Le lexique math\u00e9matique&nbsp;: &nbsp;&nbsp;&nbsp;&nbsp;<\/p>\n","protected":false},"author":2,"featured_media":0,"parent":0,"menu_order":12,"comment_status":"closed","ping_status":"closed","template":"","meta":{"_genesis_hide_title":false,"_genesis_hide_breadcrumbs":false,"_genesis_hide_singular_image":false,"_genesis_hide_footer_widgets":false,"_genesis_custom_body_class":"","_genesis_custom_post_class":"","_genesis_layout":"","footnotes":""},"class_list":{"0":"post-11","1":"page","2":"type-page","3":"status-publish","5":"entry"},"featured_image_src":null,"featured_image_src_square":null,"_links":{"self":[{"href":"https:\/\/csstl.gouv.qc.ca\/saint-zotique-riveraine\/wp-json\/wp\/v2\/pages\/11","targetHints":{"allow":["GET"]}}],"collection":[{"href":"https:\/\/csstl.gouv.qc.ca\/saint-zotique-riveraine\/wp-json\/wp\/v2\/pages"}],"about":[{"href":"https:\/\/csstl.gouv.qc.ca\/saint-zotique-riveraine\/wp-json\/wp\/v2\/types\/page"}],"author":[{"embeddable":true,"href":"https:\/\/csstl.gouv.qc.ca\/saint-zotique-riveraine\/wp-json\/wp\/v2\/users\/2"}],"replies":[{"embeddable":true,"href":"https:\/\/csstl.gouv.qc.ca\/saint-zotique-riveraine\/wp-json\/wp\/v2\/comments?post=11"}],"version-history":[{"count":0,"href":"https:\/\/csstl.gouv.qc.ca\/saint-zotique-riveraine\/wp-json\/wp\/v2\/pages\/11\/revisions"}],"wp:attachment":[{"href":"https:\/\/csstl.gouv.qc.ca\/saint-zotique-riveraine\/wp-json\/wp\/v2\/media?parent=11"}],"curies":[{"name":"wp","href":"https:\/\/api.w.org\/{rel}","templated":true}]}}