{"id":10,"date":"2019-02-06T13:15:15","date_gmt":"2019-02-06T13:15:15","guid":{"rendered":"http:\/\/cs3lacs.wpengine.com\/saint-zotique-riveraine\/?page_id=10"},"modified":"2024-09-30T09:29:10","modified_gmt":"2024-09-30T14:29:10","slug":"conseil-detablissement","status":"publish","type":"page","link":"https:\/\/csstl.gouv.qc.ca\/saint-zotique-riveraine\/conseil-detablissement\/","title":{"rendered":"Conseil d&rsquo;\u00e9tablissement"},"content":{"rendered":"\n<p>Chers parents,<\/p>\n\n\n\n<p>L&rsquo;\u00e9cole de votre ou vos enfants vous interpelle? Peu importe vos disponibilit\u00e9s, votre \u00e9ducation, vos connaissances g\u00e9n\u00e9rales, sachez qu&rsquo;il y a place pour tous dans le milieu scolaire de votre enfant. Votre implication sera appr\u00e9ci\u00e9e par le personnel enseignant, mais surtout par votre ou vos enfants. Pour plus d&rsquo;information, n&rsquo;h\u00e9sitez pas \u00e0 contacter les membres de votre \u00e9cole, votre direction ou consultez le site de la F\u00e9d\u00e9ration des comit\u00e9s de parents soit le&nbsp;<a href=\"http:\/\/www.fcpq.qc.ca\" target=\"_blank\" rel=\"noreferrer noopener\">www.fcpq.qc.ca<\/a>.<\/p>\n\n\n\n<h2 class=\"wp-block-heading\">Conseil d&rsquo;\u00e9tablissement (C\u00c9)<\/h2>\n\n\n\n<p><strong>Membres du conseil d\u2019\u00e9tablissement 2024-2025<\/strong><br><em>De la Riveraine et St-Zotique<\/em><br><\/p>\n\n\n\n<p><strong>Parents membres<\/strong><br>France Bellet\u00eate<br>Sandra Morin <br>Janie Rioux &#8211; Pr\u00e9sidente et repr\u00e9sente au comit\u00e9 de parent<br>Nad\u00e8ge Deshommes<br>Martyne Delisle &#8211; Vice-pr\u00e9sidente <br>Janelle Lafleur &#8211; Substitut<br>\u00a0<br>\u00a0<strong>Autres membres<\/strong><br>Marilou Lebrun &#8211; Personnel enseignant<br>Sylvie M\u00e9thot &#8211; Personnel enseignant<br>Karine Leduc &#8211; Personnel enseignant<br>Nathalie Bourbonnais &#8211; Personnel enseignant<br>Val\u00e9rie Collin Lepage &#8211; Personnel de soutien du service de garde<br>\u00a0<br><strong>Dates des rencontres \u2013 ann\u00e9e scolaire 2024-2025<\/strong><br><strong>AG<\/strong> 11 septembre 2024<br>24 septembre 2024<br>19 novembre 2024<br>28 janvier 2025<br>25 mars 2025<br>6 mai 2025<br>10 juin 2025<br>\u00a0<br>\u00a0Les personnes qui d\u00e9sirent acheminer une question ou un commentaire aux membres du conseil d\u2019\u00e9tablissement peuvent le faire via le <a href=\"https:\/\/csstl.gouv.qc.ca\/saint-zotique-riveraine\/nous-joindre\/\" data-type=\"URL\" data-id=\"https:\/\/csstl.gouv.qc.ca\/saint-zotique-riveraine\/nous-joindre\/\" target=\"_blank\" rel=\"noreferrer noopener\">formulaire qui se trouve sur la page Nous joindre<\/a>.<\/p>\n\n\n\n<p>Les personnes qui d\u00e9sireraient assister \u00e0 la rencontre peuvent \u00e9galement en faire la demande au m\u00eame endroit. <\/p>\n\n\n\n<p><\/p>\n","protected":false},"excerpt":{"rendered":"<p>Chers parents, L&rsquo;\u00e9cole de votre ou vos enfants vous interpelle? Peu importe vos disponibilit\u00e9s, votre \u00e9ducation, vos connaissances g\u00e9n\u00e9rales, sachez qu&rsquo;il y a place pour tous dans le milieu scolaire de votre enfant. Votre implication sera appr\u00e9ci\u00e9e par le personnel enseignant, mais surtout par votre ou vos enfants. Pour plus d&rsquo;information, n&rsquo;h\u00e9sitez pas \u00e0 contacter [&hellip;]<\/p>\n","protected":false},"author":2,"featured_media":0,"parent":0,"menu_order":11,"comment_status":"closed","ping_status":"closed","template":"","meta":{"_genesis_hide_title":false,"_genesis_hide_breadcrumbs":false,"_genesis_hide_singular_image":false,"_genesis_hide_footer_widgets":false,"_genesis_custom_body_class":"","_genesis_custom_post_class":"","_genesis_layout":"","footnotes":""},"class_list":{"0":"post-10","1":"page","2":"type-page","3":"status-publish","5":"entry"},"featured_image_src":null,"featured_image_src_square":null,"_links":{"self":[{"href":"https:\/\/csstl.gouv.qc.ca\/saint-zotique-riveraine\/wp-json\/wp\/v2\/pages\/10","targetHints":{"allow":["GET"]}}],"collection":[{"href":"https:\/\/csstl.gouv.qc.ca\/saint-zotique-riveraine\/wp-json\/wp\/v2\/pages"}],"about":[{"href":"https:\/\/csstl.gouv.qc.ca\/saint-zotique-riveraine\/wp-json\/wp\/v2\/types\/page"}],"author":[{"embeddable":true,"href":"https:\/\/csstl.gouv.qc.ca\/saint-zotique-riveraine\/wp-json\/wp\/v2\/users\/2"}],"replies":[{"embeddable":true,"href":"https:\/\/csstl.gouv.qc.ca\/saint-zotique-riveraine\/wp-json\/wp\/v2\/comments?post=10"}],"version-history":[{"count":0,"href":"https:\/\/csstl.gouv.qc.ca\/saint-zotique-riveraine\/wp-json\/wp\/v2\/pages\/10\/revisions"}],"wp:attachment":[{"href":"https:\/\/csstl.gouv.qc.ca\/saint-zotique-riveraine\/wp-json\/wp\/v2\/media?parent=10"}],"curies":[{"name":"wp","href":"https:\/\/api.w.org\/{rel}","templated":true}]}}