{"id":482,"date":"2019-06-18T13:49:24","date_gmt":"2019-06-18T18:49:24","guid":{"rendered":"http:\/\/cs3lacs.wpengine.com\/saint-thomas\/?page_id=482"},"modified":"2025-09-18T11:58:11","modified_gmt":"2025-09-18T16:58:11","slug":"service-alimentaire","status":"publish","type":"page","link":"https:\/\/csstl.gouv.qc.ca\/saint-thomas\/service-alimentaire\/","title":{"rendered":"Service alimentaire"},"content":{"rendered":"\n<h2 class=\"wp-block-heading\">Service de traiteur<\/h2>\n\n\n\n<p>Le traiteur offre des repas chauds (5) jours par semaine soit du lundi au vendredi \u00e0 compter du lundi 8 septembre 2025.<\/p>\n\n\n\n<ul class=\"wp-block-list\">\n<li><a href=\"https:\/\/media.csstl.gouv.qc.ca\/wp-content\/uploads\/sites\/50\/2025\/08\/22120321\/Lancement_Site-de-commande-Ma-solution-repas_CSSTL.pdf\" data-type=\"attachment\" data-id=\"1470\" target=\"_blank\" rel=\"noreferrer noopener\">Commande en ligne : Ma solution repas<\/a><\/li>\n\n\n\n<li><a href=\"https:\/\/media.csstl.gouv.qc.ca\/wp-content\/uploads\/sites\/50\/2025\/08\/22120325\/Menu-2025-2026_CSSTL_ecoles-primaires.pdf\" data-type=\"attachment\" data-id=\"1471\" target=\"_blank\" rel=\"noreferrer noopener\">Menu 2025-2026<\/a><\/li>\n\n\n\n<li><a href=\"https:\/\/media.csstl.gouv.qc.ca\/wp-content\/uploads\/sites\/50\/2025\/08\/22120317\/Instructions-de-commandes-CSSTL.pdf\" data-type=\"attachment\" data-id=\"1469\" target=\"_blank\" rel=\"noreferrer noopener\">Instructions de commandes<\/a><\/li>\n<\/ul>\n\n\n\n<p><\/p>\n\n\n\n<h2 class=\"wp-block-heading\">Diner Subway<\/h2>\n\n\n\n<ul class=\"wp-block-list\">\n<li>La commande, pour tous les repas, quelques-uns ou un seul, doit \u00eatre effectu\u00e9e en d\u00e9but d&rsquo;ann\u00e9e scolaire dans les d\u00e9lais prescrits (courriel envoy\u00e9 par le secr\u00e9tariat le 16 septembre 2025 et d\u00e9tails sur Facebook).<br>Voici le lien vers le sondage \u00e0 compl\u00e9ter : <a href=\"https:\/\/forms.office.com\/pages\/responsepage.aspx?id=243LQXP8lEipMaqG5e4WYSKBJx2ka61IhC1cfFxQ151UNlk4WkdNQzVJMEgyNVVWVDg0SjNJODZDQy4u&amp;origin=lprLink&amp;fbclid=IwY2xjawM5F2tleHRuA2FlbQIxMABicmlkETFWU3R2RWJRc2FVNWQ1a0xQAR7AIodxQa47AYdoG3llTpRZ7eldkpnLeBvCdvNu7eO4dKXE3tg9r6ZQCzebqg_aem_ER0m1dBNAcG1anwUHiSU9g&amp;route=shorturl\">\u00c9cole St-Thomas | Commandes Subway 2025-2026<\/a><\/li>\n\n\n\n<li>La totalit\u00e9 des repas est factur\u00e9e via l&rsquo;\u00e9tat de compte &#8211; effets scolaires pr\u00e9sent sur Mozaik. Il y a 3 modalit\u00e9s de paiement \u00e9num\u00e9r\u00e9s sur l&rsquo;\u00e9tat de compte. <\/li>\n\n\n\n<li>Un \u00e9l\u00e8ve qui arrive \u00e0 St-Thomas durant l&rsquo;ann\u00e9e scolaire peut passer une commande pour les futurs repas offerts. La secr\u00e9taire vous donnera tous les d\u00e9tails.<\/li>\n<\/ul>\n\n\n\n<h2 class=\"wp-block-heading\">Voici les dates des repas (16) : <\/h2>\n\n\n\n<p>Jeudi 6 novembre<br>Jeudi 20 novembre<br>Jeudi 4 d\u00e9cembre<br>Jeudi 18 d\u00e9cembre<br>Jeudi 8 janvier<br>Jeudi 22 janvier<br>Jeudi 5 f\u00e9vrier<br>Jeudi 19 f\u00e9vrier<br>Jeudi 12 mars<br>Jeudi 26 mars<br>Jeudi 9 avril<br>Jeudi 23 avril<br>Jeudi 7 mai<br>Jeudi 21 mai<br>Jeudi 4 juin<br>Jeudi 18 juin<\/p>\n\n\n\n<p><\/p>\n","protected":false},"excerpt":{"rendered":"<p>Service de traiteur Le traiteur offre des repas chauds (5) jours par semaine soit du lundi au vendredi \u00e0 compter du lundi 8 septembre 2025. Diner Subway Voici les dates des repas (16) : Jeudi 6 novembreJeudi 20 novembreJeudi 4 d\u00e9cembreJeudi 18 d\u00e9cembreJeudi 8 janvierJeudi 22 janvierJeudi 5 f\u00e9vrierJeudi 19 f\u00e9vrierJeudi 12 marsJeudi 26 marsJeudi [&hellip;]<\/p>\n","protected":false},"author":2,"featured_media":0,"parent":0,"menu_order":0,"comment_status":"closed","ping_status":"closed","template":"","meta":{"_genesis_hide_title":false,"_genesis_hide_breadcrumbs":false,"_genesis_hide_singular_image":false,"_genesis_hide_footer_widgets":false,"_genesis_custom_body_class":"","_genesis_custom_post_class":"","_genesis_layout":"","footnotes":""},"class_list":{"0":"post-482","1":"page","2":"type-page","3":"status-publish","5":"entry"},"featured_image_src":null,"featured_image_src_square":null,"_links":{"self":[{"href":"https:\/\/csstl.gouv.qc.ca\/saint-thomas\/wp-json\/wp\/v2\/pages\/482","targetHints":{"allow":["GET"]}}],"collection":[{"href":"https:\/\/csstl.gouv.qc.ca\/saint-thomas\/wp-json\/wp\/v2\/pages"}],"about":[{"href":"https:\/\/csstl.gouv.qc.ca\/saint-thomas\/wp-json\/wp\/v2\/types\/page"}],"author":[{"embeddable":true,"href":"https:\/\/csstl.gouv.qc.ca\/saint-thomas\/wp-json\/wp\/v2\/users\/2"}],"replies":[{"embeddable":true,"href":"https:\/\/csstl.gouv.qc.ca\/saint-thomas\/wp-json\/wp\/v2\/comments?post=482"}],"version-history":[{"count":0,"href":"https:\/\/csstl.gouv.qc.ca\/saint-thomas\/wp-json\/wp\/v2\/pages\/482\/revisions"}],"wp:attachment":[{"href":"https:\/\/csstl.gouv.qc.ca\/saint-thomas\/wp-json\/wp\/v2\/media?parent=482"}],"curies":[{"name":"wp","href":"https:\/\/api.w.org\/{rel}","templated":true}]}}