{"id":1047,"date":"2022-10-20T09:20:32","date_gmt":"2022-10-20T14:20:32","guid":{"rendered":"https:\/\/cs3lacs.wpengine.com\/saint-thomas\/?page_id=1047"},"modified":"2022-10-20T09:28:16","modified_gmt":"2022-10-20T14:28:16","slug":"actualites","status":"publish","type":"page","link":"https:\/\/csstl.gouv.qc.ca\/saint-thomas\/actualites\/","title":{"rendered":"Actualit\u00e9s"},"content":{"rendered":"<ul class=\"wp-block-latest-posts__list has-dates wp-block-latest-posts\"><li><a class=\"wp-block-latest-posts__post-title\" href=\"https:\/\/csstl.gouv.qc.ca\/saint-thomas\/2025\/12\/retrait-mparent-clic-ecole-a-utiliser\/\">Retrait de l&rsquo;application mParent &#8211; Clic \u00e9cole \u00e0 utiliser<\/a><time datetime=\"2025-12-18T11:56:23-05:00\" class=\"wp-block-latest-posts__post-date\">18 D\u00e9cembre 2025<\/time><div class=\"wp-block-latest-posts__post-excerpt\">L&rsquo;application mobile mParent sera officiellement retir\u00e9e le 19 d\u00e9cembre. Vous devrez dor\u00e9navant utiliser l&rsquo;application mobile Clic \u00e9cole.<\/div><\/li>\n<li><a class=\"wp-block-latest-posts__post-title\" href=\"https:\/\/csstl.gouv.qc.ca\/saint-thomas\/2024\/01\/inscription-scolaire-2024-2025\/\">Inscription scolaire 2026-2027<\/a><time datetime=\"2024-01-15T15:27:11-05:00\" class=\"wp-block-latest-posts__post-date\">15 janvier 2024<\/time><div class=\"wp-block-latest-posts__post-excerpt\">Du 26 janvier au 13 f\u00e9vrier 2026 en ligne. Nous n\u2019organisons pas de portes ouvertes avant les inscriptions, mais nous inviterons avec plaisir les nouveaux \u00e9l\u00e8ves inscrits \u00e0 visiter l\u2019\u00e9cole en mai\/juin (maternelle) ou fin ao\u00fbt (primaire).<\/div><\/li>\n<li><a class=\"wp-block-latest-posts__post-title\" href=\"https:\/\/csstl.gouv.qc.ca\/saint-thomas\/2022\/10\/le-site-web-du-csstl-se-refait-une-beaute\/\">Le site Web du CSSTL se refait une beaut\u00e9<\/a><time datetime=\"2022-10-17T13:26:40-05:00\" class=\"wp-block-latest-posts__post-date\">17 octobre 2022<\/time><div class=\"wp-block-latest-posts__post-excerpt\">Tout comme le site Web de chacune des \u00e9coles, celui du Centre de services scolaire des Trois-Lacs s\u2019est refait une beaut\u00e9. Le contenu et l\u2019arborescence ont \u00e9t\u00e9 repens\u00e9s afin de simplifier la navigation et ainsi faciliter la recherche d\u2019informations. Pour d\u00e9couvrir le tout, nous vous invitons \u00e0 consulter le www.csstl.gouv.qc.ca<\/div><\/li>\n<\/ul>","protected":false},"excerpt":{"rendered":"","protected":false},"author":2,"featured_media":0,"parent":0,"menu_order":0,"comment_status":"closed","ping_status":"closed","template":"","meta":{"_genesis_hide_title":false,"_genesis_hide_breadcrumbs":false,"_genesis_hide_singular_image":false,"_genesis_hide_footer_widgets":false,"_genesis_custom_body_class":"","_genesis_custom_post_class":"","_genesis_layout":"","footnotes":""},"class_list":{"0":"post-1047","1":"page","2":"type-page","3":"status-publish","5":"entry"},"featured_image_src":null,"featured_image_src_square":null,"_links":{"self":[{"href":"https:\/\/csstl.gouv.qc.ca\/saint-thomas\/wp-json\/wp\/v2\/pages\/1047","targetHints":{"allow":["GET"]}}],"collection":[{"href":"https:\/\/csstl.gouv.qc.ca\/saint-thomas\/wp-json\/wp\/v2\/pages"}],"about":[{"href":"https:\/\/csstl.gouv.qc.ca\/saint-thomas\/wp-json\/wp\/v2\/types\/page"}],"author":[{"embeddable":true,"href":"https:\/\/csstl.gouv.qc.ca\/saint-thomas\/wp-json\/wp\/v2\/users\/2"}],"replies":[{"embeddable":true,"href":"https:\/\/csstl.gouv.qc.ca\/saint-thomas\/wp-json\/wp\/v2\/comments?post=1047"}],"version-history":[{"count":0,"href":"https:\/\/csstl.gouv.qc.ca\/saint-thomas\/wp-json\/wp\/v2\/pages\/1047\/revisions"}],"wp:attachment":[{"href":"https:\/\/csstl.gouv.qc.ca\/saint-thomas\/wp-json\/wp\/v2\/media?parent=1047"}],"curies":[{"name":"wp","href":"https:\/\/api.w.org\/{rel}","templated":true}]}}