{"id":10,"date":"2019-02-06T13:15:15","date_gmt":"2019-02-06T13:15:15","guid":{"rendered":"http:\/\/cs3lacs.wpengine.com\/saint-thomas\/?page_id=10"},"modified":"2026-04-08T07:55:12","modified_gmt":"2026-04-08T12:55:12","slug":"conseil-detablissement","status":"publish","type":"page","link":"https:\/\/csstl.gouv.qc.ca\/saint-thomas\/conseil-detablissement\/","title":{"rendered":"Conseil d&rsquo;\u00e9tablissement"},"content":{"rendered":"\n<p>Le conseil d&rsquo;\u00e9tablissement est l&rsquo;endroit o\u00f9 sont approuv\u00e9s, adopt\u00e9s et discut\u00e9s plusieurs sujets qui touchent la vie de l&rsquo;\u00e9l\u00e8ve \u00e0 l&rsquo;\u00e9cole.&nbsp; Du projet \u00e9ducatif au budget de l&rsquo;\u00e9cole,&nbsp;12 personnes (6 parents et&nbsp;6 membres du personnel de l&rsquo;\u00e9cole) en compagnie de la direction se rencontrent r\u00e9guli\u00e8rement et prennent les d\u00e9cisions dans le meilleur int\u00e9r\u00eat de l&rsquo;\u00e9l\u00e8ve.<\/p>\n\n\n\n<h2 class=\"wp-block-heading\">Membres du conseil d\u2019\u00e9tablissement 2025-2026<\/h2>\n\n\n\n<ul class=\"wp-block-list\">\n<li>V\u00e9ronique B\u00e9gin-Rajotte | <em>parent<\/em><\/li>\n\n\n\n<li>Marie-Pierre Gauthier | <em>parent<\/em><\/li>\n\n\n\n<li>\u00c9ric St-Jean | <em>parent<\/em><\/li>\n\n\n\n<li>Matthew Heron | <em>parent<\/em><\/li>\n\n\n\n<li>Johanie B\u00e9dard | <em>parent<\/em><\/li>\n\n\n\n<li>Priscilla Mondou  | <em>parent<\/em><\/li>\n\n\n\n<li>Christine Fournaise | <em>enseignante<\/em><\/li>\n\n\n\n<li>Camille Leduc | <em>enseignante<\/em><\/li>\n\n\n\n<li>Sabine Galicia | <em>enseignante<\/em><\/li>\n\n\n\n<li>Johanne Poirier | <em>responsable du service de garde<\/em><\/li>\n\n\n\n<li>Vanessa Gippert | repr\u00e9sentante du personnel de soutien<\/li>\n<\/ul>\n\n\n\n<h2 class=\"wp-block-heading\">Calendrier des r\u00e9unions de l\u2019ann\u00e9e scolaire 2025-2026<\/h2>\n\n\n\n<p>Les rencontres se d\u00e9roulent \u00e0 19h au salon du personnel de l&rsquo;\u00e9cole.<\/p>\n\n\n\n<p>13 novembre &#8211; 4 d\u00e9cembre &#8211; 18 d\u00e9cembre &#8211; 12 f\u00e9vrier &#8211; 19 mars &#8211; 7 mai &#8211; 11 juin<\/p>\n\n\n\n<h3 class=\"wp-block-heading\">Documents<\/h3>\n\n\n\n<p><a href=\"https:\/\/media.csstl.gouv.qc.ca\/wp-content\/uploads\/sites\/50\/2024\/11\/07102705\/Regie-interne-du-conseil_2024-2025.pdf\" data-type=\"attachment\" data-id=\"1381\">R\u00e9gie interne du conseil | 2024-2025<br><\/a><a href=\"https:\/\/media.csstl.gouv.qc.ca\/wp-content\/uploads\/sites\/50\/2025\/09\/25105850\/Rapport-annuel-St-Thomas-2024-2025.pdf\" data-type=\"attachment\" data-id=\"1488\" target=\"_blank\" rel=\"noreferrer noopener\">Rapport annuel St-Thomas | 2024-2025<\/a><\/p>\n\n\n\n<p><\/p>\n\n\n\n<p><\/p>\n\n\n\n<p><\/p>\n\n\n\n<h3 class=\"wp-block-heading\">Proc\u00e8s-verbaux<\/h3>\n\n\n\n<p><a href=\"https:\/\/media.csstl.gouv.qc.ca\/wp-content\/uploads\/sites\/50\/2025\/07\/08080936\/PV_5-juin-2025.pdf\" data-type=\"attachment\" data-id=\"1463\" target=\"_blank\" rel=\"noreferrer noopener\">5 juin 2025<\/a><br><a href=\"https:\/\/media.csstl.gouv.qc.ca\/wp-content\/uploads\/sites\/50\/2025\/09\/25085958\/PV_AG_20250909.pdf\" data-type=\"attachment\" data-id=\"1485\">Assembl\u00e9e g\u00e9n\u00e9rale | 9 septembre 2025<\/a><br><\/p>\n\n\n\n<p><\/p>\n\n\n\n<p><\/p>\n\n\n\n<p><\/p>\n\n\n\n<p><\/p>\n\n\n\n<h3 class=\"wp-block-heading\">Ordres du jour<\/h3>\n\n\n\n<p><a href=\"https:\/\/media.csstl.gouv.qc.ca\/wp-content\/uploads\/sites\/50\/2024\/10\/28142723\/ODJ_AG_20240905.pdf\" data-type=\"attachment\" data-id=\"1369\" target=\"_blank\" rel=\"noreferrer noopener\">Assembl\u00e9e g\u00e9n\u00e9rale | 9 septembre 2025<br><\/a><\/p>\n\n\n\n<p><\/p>\n","protected":false},"excerpt":{"rendered":"<p>Le conseil d&rsquo;\u00e9tablissement est l&rsquo;endroit o\u00f9 sont approuv\u00e9s, adopt\u00e9s et discut\u00e9s plusieurs sujets qui touchent la vie de l&rsquo;\u00e9l\u00e8ve \u00e0 l&rsquo;\u00e9cole.&nbsp; Du projet \u00e9ducatif au budget de l&rsquo;\u00e9cole,&nbsp;12 personnes (6 parents et&nbsp;6 membres du personnel de l&rsquo;\u00e9cole) en compagnie de la direction se rencontrent r\u00e9guli\u00e8rement et prennent les d\u00e9cisions dans le meilleur int\u00e9r\u00eat de l&rsquo;\u00e9l\u00e8ve. [&hellip;]<\/p>\n","protected":false},"author":2,"featured_media":0,"parent":0,"menu_order":11,"comment_status":"closed","ping_status":"closed","template":"","meta":{"_genesis_hide_title":false,"_genesis_hide_breadcrumbs":false,"_genesis_hide_singular_image":false,"_genesis_hide_footer_widgets":false,"_genesis_custom_body_class":"","_genesis_custom_post_class":"","_genesis_layout":"","footnotes":""},"class_list":{"0":"post-10","1":"page","2":"type-page","3":"status-publish","5":"entry"},"featured_image_src":null,"featured_image_src_square":null,"_links":{"self":[{"href":"https:\/\/csstl.gouv.qc.ca\/saint-thomas\/wp-json\/wp\/v2\/pages\/10","targetHints":{"allow":["GET"]}}],"collection":[{"href":"https:\/\/csstl.gouv.qc.ca\/saint-thomas\/wp-json\/wp\/v2\/pages"}],"about":[{"href":"https:\/\/csstl.gouv.qc.ca\/saint-thomas\/wp-json\/wp\/v2\/types\/page"}],"author":[{"embeddable":true,"href":"https:\/\/csstl.gouv.qc.ca\/saint-thomas\/wp-json\/wp\/v2\/users\/2"}],"replies":[{"embeddable":true,"href":"https:\/\/csstl.gouv.qc.ca\/saint-thomas\/wp-json\/wp\/v2\/comments?post=10"}],"version-history":[{"count":0,"href":"https:\/\/csstl.gouv.qc.ca\/saint-thomas\/wp-json\/wp\/v2\/pages\/10\/revisions"}],"wp:attachment":[{"href":"https:\/\/csstl.gouv.qc.ca\/saint-thomas\/wp-json\/wp\/v2\/media?parent=10"}],"curies":[{"name":"wp","href":"https:\/\/api.w.org\/{rel}","templated":true}]}}