{"id":742,"date":"2019-11-28T14:51:45","date_gmt":"2019-11-28T19:51:45","guid":{"rendered":"https:\/\/cs3lacs.wpengine.com\/la-perdriolle\/?page_id=742"},"modified":"2026-01-28T14:46:47","modified_gmt":"2026-01-28T19:46:47","slug":"documents-liens-utiles","status":"publish","type":"page","link":"https:\/\/csstl.gouv.qc.ca\/perdriolle\/documents-liens-utiles\/","title":{"rendered":"Documents et liens utiles"},"content":{"rendered":"\n<h2 class=\"wp-block-heading\"><a href=\"https:\/\/media.csstl.gouv.qc.ca\/wp-content\/uploads\/sites\/42\/2025\/06\/26122932\/Calendrier-scolaire-25-26-La-Perdriolle.pdf\" data-type=\"attachment\" data-id=\"1310\">Calendrier scolaire 2025-2026 <\/a><\/h2>\n\n\n\n<p><strong>Info-parents 2025-2026<\/strong><\/p>\n\n\n\n<ul class=\"wp-block-list\">\n<li><a href=\"https:\/\/media.csstl.gouv.qc.ca\/wp-content\/uploads\/sites\/42\/2025\/09\/02083012\/Info-parents-SEPTEMBRE-2025-La-Perdriolle.pdf\" data-type=\"attachment\" data-id=\"1318\">Info-parents septembre<\/a><\/li>\n\n\n\n<li><a href=\"https:\/\/media.csstl.gouv.qc.ca\/wp-content\/uploads\/sites\/42\/2025\/09\/30134924\/Info-parents-OCTOBRE-2025-La-Perdriolle.pdf\" data-type=\"attachment\" data-id=\"1320\">Info-parents octobre<\/a><\/li>\n\n\n\n<li><a href=\"https:\/\/media.csstl.gouv.qc.ca\/wp-content\/uploads\/sites\/42\/2025\/11\/03145837\/Info-parents-NOVEMBRE-2025-La-Perdriolle.pdf\" data-type=\"attachment\" data-id=\"1322\">Info-parents novembre<\/a><\/li>\n\n\n\n<li><a href=\"https:\/\/media.csstl.gouv.qc.ca\/wp-content\/uploads\/sites\/42\/2026\/01\/28144503\/Info-parents-decembre-2025.pdf\" data-type=\"attachment\" data-id=\"1346\">Info-parents d\u00e9cembre<\/a><\/li>\n\n\n\n<li><a href=\"https:\/\/media.csstl.gouv.qc.ca\/wp-content\/uploads\/sites\/42\/2026\/01\/28144518\/Info-parents-janvier-2026.pdf\" data-type=\"attachment\" data-id=\"1347\">Info-parents janvier<\/a><\/li>\n<\/ul>\n\n\n\n<h2 class=\"wp-block-heading\">Proc\u00e9durier<\/h2>\n\n\n\n<ul class=\"wp-block-list\">\n<li><a rel=\"noreferrer noopener\" href=\"https:\/\/media.csstl.gouv.qc.ca\/wp-content\/uploads\/sites\/42\/2022\/12\/22100330\/Procedurier-arrivees-departs.pdf\" data-type=\"attachment\" data-id=\"1138\" target=\"_blank\">Proc\u00e9durier arriv\u00e9es\/d\u00e9parts<\/a><\/li>\n<\/ul>\n\n\n\n<p>Si vous avez besoin d\u2019informations qui ne sont pas encore disponibles, n\u2019h\u00e9sitez pas \u00e0 communiquer directement avec nous.<\/p>\n\n\n\n<h2 class=\"wp-block-heading\">Le bulletin<\/h2>\n\n\n\n<p><a href=\"https:\/\/media.csstl.gouv.qc.ca\/wp-content\/uploads\/sites\/42\/2025\/11\/10095952\/Guides-aux-parents-3-cycles-du-PRIMAIRE_novembre-2025.pdf\" data-type=\"attachment\" data-id=\"1327\">Guide aux parents &#8211; 3 cycles du primaire &#8211; novembre 2025<\/a><\/p>\n\n\n\n<h2 class=\"wp-block-heading\">Protocole de gestion des commotions c\u00e9r\u00e9brales<\/h2>\n\n\n\n<p><a href=\"https:\/\/can01.safelinks.protection.outlook.com\/?url=https%3A%2F%2Fwww.quebec.ca%2Fsante%2Fproblemes-de-sante%2Fa-z%2Fcommotion-cerebrale-traumatisme-craniocerebral-leger%2Foutils-milieu-education-activites-recreatives-sportives%23c193752&amp;data=05%7C02%7Cmaryse.david%40csstl.gouv.qc.ca%7C2c15be67a9534261306a08de1e439bd7%7C41cb8ddbfc734894a931aa86e5ee1661%7C0%7C0%7C638981472988461518%7CUnknown%7CTWFpbGZsb3d8eyJFbXB0eU1hcGkiOnRydWUsIlYiOiIwLjAuMDAwMCIsIlAiOiJXaW4zMiIsIkFOIjoiTWFpbCIsIldUIjoyfQ%3D%3D%7C0%7C%7C%7C&amp;sdata=1kk5%2B5kvsN%2BCQqryOxwbr0RZh7U%2B%2FR3JLYPmw8SlkcI%3D&amp;reserved=0\">Outils pour le milieu de l\u2019\u00e9ducation et pour les activit\u00e9s r\u00e9cr\u00e9atives et sportives | Gouvernement du Qu\u00e9bec<\/a><\/p>\n\n\n\n<p><a href=\"https:\/\/media.csstl.gouv.qc.ca\/wp-content\/uploads\/sites\/42\/2025\/11\/10100024\/Protocole_de_gestion_des_commotions_cerebrales_FR.pdf\" data-type=\"attachment\" data-id=\"1329\">Protocole de gestion des commotions c\u00e9r\u00e9brales<\/a><\/p>\n\n\n\n<p><a href=\"https:\/\/media.csstl.gouv.qc.ca\/wp-content\/uploads\/sites\/42\/2025\/11\/10095940\/Commotions-cerebrales_Fiche_suivi_FR.pdf\" data-type=\"attachment\" data-id=\"1326\">Commotions c\u00e9r\u00e9brales: fiche de suivi<\/a><\/p>\n\n\n\n<p><a href=\"https:\/\/media.csstl.gouv.qc.ca\/wp-content\/uploads\/sites\/42\/2025\/11\/10095929\/Commotion-note-explicative-physio-FR.pdf\" data-type=\"attachment\" data-id=\"1325\">Commotion note explicative<\/a><\/p>\n\n\n\n<p>Capsule vid\u00e9o&nbsp;:&nbsp; <a href=\"https:\/\/can01.safelinks.protection.outlook.com\/?url=https%3A%2F%2Fwww.youtube.com%2Fwatch%3Fv%3D_Qdj48q6fyI&amp;data=05%7C02%7Cmaryse.david%40csstl.gouv.qc.ca%7C2c15be67a9534261306a08de1e439bd7%7C41cb8ddbfc734894a931aa86e5ee1661%7C0%7C0%7C638981472988501010%7CUnknown%7CTWFpbGZsb3d8eyJFbXB0eU1hcGkiOnRydWUsIlYiOiIwLjAuMDAwMCIsIlAiOiJXaW4zMiIsIkFOIjoiTWFpbCIsIldUIjoyfQ%3D%3D%7C0%7C%7C%7C&amp;sdata=fuBdBeZobRaQ0%2Fqjasvu%2FVXCSn6p%2FH3GYcS4k746m7U%3D&amp;reserved=0\">Les commotions c\u00e9r\u00e9brales, o\u00f9 en sommes-nous aujourd\u2019hui ?<\/a><\/p>\n\n\n\n<p><\/p>\n","protected":false},"excerpt":{"rendered":"<p>Calendrier scolaire 2025-2026 Info-parents 2025-2026 Proc\u00e9durier Si vous avez besoin d\u2019informations qui ne sont pas encore disponibles, n\u2019h\u00e9sitez pas \u00e0 communiquer directement avec nous. Le bulletin Guide aux parents &#8211; 3 cycles du primaire &#8211; novembre 2025 Protocole de gestion des commotions c\u00e9r\u00e9brales Outils pour le milieu de l\u2019\u00e9ducation et pour les activit\u00e9s r\u00e9cr\u00e9atives et [&hellip;]<\/p>\n","protected":false},"author":4,"featured_media":0,"parent":0,"menu_order":0,"comment_status":"closed","ping_status":"closed","template":"","meta":{"_genesis_hide_title":false,"_genesis_hide_breadcrumbs":false,"_genesis_hide_singular_image":false,"_genesis_hide_footer_widgets":false,"_genesis_custom_body_class":"","_genesis_custom_post_class":"","_genesis_layout":"","footnotes":""},"class_list":{"0":"post-742","1":"page","2":"type-page","3":"status-publish","5":"entry"},"featured_image_src":null,"featured_image_src_square":null,"_links":{"self":[{"href":"https:\/\/csstl.gouv.qc.ca\/perdriolle\/wp-json\/wp\/v2\/pages\/742","targetHints":{"allow":["GET"]}}],"collection":[{"href":"https:\/\/csstl.gouv.qc.ca\/perdriolle\/wp-json\/wp\/v2\/pages"}],"about":[{"href":"https:\/\/csstl.gouv.qc.ca\/perdriolle\/wp-json\/wp\/v2\/types\/page"}],"author":[{"embeddable":true,"href":"https:\/\/csstl.gouv.qc.ca\/perdriolle\/wp-json\/wp\/v2\/users\/4"}],"replies":[{"embeddable":true,"href":"https:\/\/csstl.gouv.qc.ca\/perdriolle\/wp-json\/wp\/v2\/comments?post=742"}],"version-history":[{"count":0,"href":"https:\/\/csstl.gouv.qc.ca\/perdriolle\/wp-json\/wp\/v2\/pages\/742\/revisions"}],"wp:attachment":[{"href":"https:\/\/csstl.gouv.qc.ca\/perdriolle\/wp-json\/wp\/v2\/media?parent=742"}],"curies":[{"name":"wp","href":"https:\/\/api.w.org\/{rel}","templated":true}]}}