{"id":475,"date":"2019-06-18T13:41:21","date_gmt":"2019-06-18T18:41:21","guid":{"rendered":"http:\/\/cs3lacs.wpengine.com\/la-perdriolle\/?page_id=475"},"modified":"2025-11-10T10:52:47","modified_gmt":"2025-11-10T15:52:47","slug":"personnel","status":"publish","type":"page","link":"https:\/\/csstl.gouv.qc.ca\/perdriolle\/personnel\/","title":{"rendered":"Personnel"},"content":{"rendered":"\n<p>Voici la liste de tout le personnel (enseignants, personnel de soutien et professionnelles) de l&rsquo;\u00e9cole La Perdriolle pour l&rsquo;ann\u00e9e scolaire 2025-2026.<\/p>\n\n\n\n<h2 class=\"wp-block-heading\">Administration<\/h2>\n\n\n\n<ul class=\"wp-block-list\">\n<li>Directrice d&rsquo;\u00e9cole: France Daoust<\/li>\n\n\n\n<li>Secr\u00e9taire d&rsquo;\u00e9cole: Maryse David<\/li>\n<\/ul>\n\n\n\n<h2 class=\"wp-block-heading\">Enseignants.es<\/h2>\n\n\n\n<h3 class=\"wp-block-heading\"><em>Pr\u00e9scolaire<\/em><\/h3>\n\n\n\n<ul class=\"wp-block-list\">\n<li>Groupe 001: Sabrina Gagnon-Simard<\/li>\n\n\n\n<li>Groupe 002: M\u00e9lissa Morganti<\/li>\n<\/ul>\n\n\n\n<h3 class=\"wp-block-heading\"><em>Primaire<\/em><\/h3>\n\n\n\n<ul class=\"wp-block-list\">\n<li>Groupe 101: Virginie Gagn\u00e9<\/li>\n\n\n\n<li>Groupe 201: Louise Lapierre<\/li>\n\n\n\n<li>Groupe 301: Jean-S\u00e9bastien Jodoin<\/li>\n\n\n\n<li>Groupe 302: Claudine Bourdages<\/li>\n\n\n\n<li>Groupe 401: Nathalie Tessier &amp; Jocelyne Trudel<\/li>\n\n\n\n<li>Groupe 402: France Lagac\u00e9<\/li>\n\n\n\n<li>Groupe Multi 501-602: Cynthia Bilodeau<\/li>\n\n\n\n<li>Groupe 502: Nathalie Chagnon<\/li>\n\n\n\n<li>Groupe 601: Julie Pineault<\/li>\n\n\n\n<li>Enseignante-orthop\u00e9dagogue: Mireille Arcand<\/li>\n\n\n\n<li>Enseignante en soutien linguistique: Karina Lavoratore<\/li>\n<\/ul>\n\n\n\n<h3 class=\"wp-block-heading\"><em>Sp\u00e9cialistes<\/em><\/h3>\n\n\n\n<ul class=\"wp-block-list\">\n<li>\u00c9ducation physique: Ylan-Michel Jacques<\/li>\n\n\n\n<li>Anglais: Mahrnoush Lari<\/li>\n\n\n\n<li>Musique: Eugenie Ghannam<\/li>\n<\/ul>\n\n\n\n<h2 class=\"wp-block-heading\">Personnel de soutien<\/h2>\n\n\n\n<h3 class=\"wp-block-heading\"><em>Techniciennes en \u00e9ducation sp\u00e9cialis\u00e9e<\/em><\/h3>\n\n\n\n<ul class=\"wp-block-list\">\n<li>T.E.S. \u00e9cole: M\u00e9lanie Bernier &amp; Sylvie Goupil<\/li>\n<\/ul>\n\n\n\n<h3 class=\"wp-block-heading\"><em>Pr\u00e9pos\u00e9es aux \u00e9l\u00e8ves handicap\u00e9s<\/em><\/h3>\n\n\n\n<ul class=\"wp-block-list\">\n<li>P.E.H. \u00e9cole: M\u00e9gane Campbell<\/li>\n<\/ul>\n\n\n\n<h3 class=\"wp-block-heading\"><em>Service de garde<\/em><\/h3>\n\n\n\n<ul class=\"wp-block-list\">\n<li>Responsable: V\u00e9ronique Picotin<\/li>\n\n\n\n<li>\u00c9ducatrices: Karol Vivian Calero, Lisette Pinault, Jeanette Pazos Garcia, Laila Sbihi, K\u00e9lina Baker, Nathalie Duperron, Zoulikha Kecili<\/li>\n<\/ul>\n\n\n\n<h3 class=\"wp-block-heading\"><em>Surveillants.es d&rsquo;\u00e9l\u00e8ves<\/em><\/h3>\n\n\n\n<ul class=\"wp-block-list\">\n<li>George Bazinet<\/li>\n\n\n\n<li>Andreea Stoleru<\/li>\n\n\n\n<li>Vivianne Lavoie<\/li>\n\n\n\n<li>Jamila Boukhris<\/li>\n<\/ul>\n\n\n\n<h3 class=\"wp-block-heading\"><em>Ouvrier d&rsquo;entretien<\/em><\/h3>\n\n\n\n<ul class=\"wp-block-list\">\n<li>Jean-Pierre Abellard<\/li>\n<\/ul>\n\n\n\n<h3 class=\"wp-block-heading\"><em>Professionnelles<\/em><\/h3>\n\n\n\n<ul class=\"wp-block-list\">\n<li>Orthophoniste: Catherine St-Arnaud-Gagnon<\/li>\n\n\n\n<li>Psycho\u00e9ducatrice:<\/li>\n\n\n\n<li>Ergoth\u00e9rapeute: Laurence Lalonde<\/li>\n<\/ul>\n","protected":false},"excerpt":{"rendered":"<p>Voici la liste de tout le personnel (enseignants, personnel de soutien et professionnelles) de l&rsquo;\u00e9cole La Perdriolle pour l&rsquo;ann\u00e9e scolaire 2025-2026. Administration Enseignants.es Pr\u00e9scolaire Primaire Sp\u00e9cialistes Personnel de soutien Techniciennes en \u00e9ducation sp\u00e9cialis\u00e9e Pr\u00e9pos\u00e9es aux \u00e9l\u00e8ves handicap\u00e9s Service de garde Surveillants.es d&rsquo;\u00e9l\u00e8ves Ouvrier d&rsquo;entretien Professionnelles<\/p>\n","protected":false},"author":2,"featured_media":0,"parent":0,"menu_order":0,"comment_status":"closed","ping_status":"closed","template":"","meta":{"_genesis_hide_title":false,"_genesis_hide_breadcrumbs":false,"_genesis_hide_singular_image":false,"_genesis_hide_footer_widgets":false,"_genesis_custom_body_class":"","_genesis_custom_post_class":"","_genesis_layout":"","footnotes":""},"class_list":{"0":"post-475","1":"page","2":"type-page","3":"status-publish","5":"entry"},"featured_image_src":null,"featured_image_src_square":null,"_links":{"self":[{"href":"https:\/\/csstl.gouv.qc.ca\/perdriolle\/wp-json\/wp\/v2\/pages\/475","targetHints":{"allow":["GET"]}}],"collection":[{"href":"https:\/\/csstl.gouv.qc.ca\/perdriolle\/wp-json\/wp\/v2\/pages"}],"about":[{"href":"https:\/\/csstl.gouv.qc.ca\/perdriolle\/wp-json\/wp\/v2\/types\/page"}],"author":[{"embeddable":true,"href":"https:\/\/csstl.gouv.qc.ca\/perdriolle\/wp-json\/wp\/v2\/users\/2"}],"replies":[{"embeddable":true,"href":"https:\/\/csstl.gouv.qc.ca\/perdriolle\/wp-json\/wp\/v2\/comments?post=475"}],"version-history":[{"count":0,"href":"https:\/\/csstl.gouv.qc.ca\/perdriolle\/wp-json\/wp\/v2\/pages\/475\/revisions"}],"wp:attachment":[{"href":"https:\/\/csstl.gouv.qc.ca\/perdriolle\/wp-json\/wp\/v2\/media?parent=475"}],"curies":[{"name":"wp","href":"https:\/\/api.w.org\/{rel}","templated":true}]}}