{"id":20,"date":"2019-02-06T13:32:25","date_gmt":"2019-02-06T13:32:25","guid":{"rendered":"http:\/\/cs3lacs.wpengine.com\/la-perdriolle\/?page_id=20"},"modified":"2025-06-26T12:52:05","modified_gmt":"2025-06-26T17:52:05","slug":"fournitures-scolaires","status":"publish","type":"page","link":"https:\/\/csstl.gouv.qc.ca\/perdriolle\/fournitures-scolaires\/","title":{"rendered":"Fournitures scolaires"},"content":{"rendered":"\n<p>Si vous avez besoin d\u2019informations qui ne sont pas encore disponibles, n\u2019h\u00e9sitez pas \u00e0 communiquer directement avec nous.<\/p>\n\n\n\n<p><a href=\"https:\/\/media.csstl.gouv.qc.ca\/wp-content\/uploads\/sites\/42\/2025\/06\/26125004\/Fournitures-scolaires-Maternelle-2025-2026.pdf\" data-type=\"attachment\" data-id=\"1313\">Fournitures scolaires maternelle 25-26<\/a><\/p>\n\n\n\n<p><a href=\"https:\/\/media.csstl.gouv.qc.ca\/wp-content\/uploads\/sites\/42\/2025\/06\/26121617\/Fournitures-scolaires-1ere-25-26.pdf\" data-type=\"attachment\" data-id=\"1294\">Fournitures scolaires 1\u00e8re 25-26<\/a><\/p>\n\n\n\n<p><a href=\"https:\/\/media.csstl.gouv.qc.ca\/wp-content\/uploads\/sites\/42\/2025\/06\/26121631\/Fournitures-scolaires-2e-25-26.pdf\" data-type=\"attachment\" data-id=\"1295\">Fournitures scolaires 2e 25-26<\/a><\/p>\n\n\n\n<p><a href=\"https:\/\/media.csstl.gouv.qc.ca\/wp-content\/uploads\/sites\/42\/2025\/06\/26121644\/Fournitures-scolaires-3e-25-26.pdf\" data-type=\"attachment\" data-id=\"1296\">Fournitures scolaires 3e 25-26<\/a><\/p>\n\n\n\n<p><a href=\"https:\/\/media.csstl.gouv.qc.ca\/wp-content\/uploads\/sites\/42\/2025\/06\/26121656\/Fournitures-scolaires-4e-25-26.pdf\" data-type=\"attachment\" data-id=\"1297\">Fournitures scolaires 4e 25-26<\/a><\/p>\n\n\n\n<p><a href=\"https:\/\/media.csstl.gouv.qc.ca\/wp-content\/uploads\/sites\/42\/2025\/06\/26121708\/Fournitures-scolaires-5e-25-26.pdf\" data-type=\"attachment\" data-id=\"1298\">Fournitures scolaires 5e 25-26<\/a><\/p>\n\n\n\n<p><a href=\"https:\/\/media.csstl.gouv.qc.ca\/wp-content\/uploads\/sites\/42\/2025\/06\/26121721\/Fournitures-scolaires-6e-25-26.pdf\" data-type=\"attachment\" data-id=\"1299\">Fournitures scolaires 6e 25-26<\/a><\/p>\n\n\n\n<p><a href=\"https:\/\/media.csstl.gouv.qc.ca\/wp-content\/uploads\/sites\/42\/2025\/06\/26121735\/Fournitures-scolaires-multi-5-6-25-26.pdf\" data-type=\"attachment\" data-id=\"1300\">Fournitures scolaires Multi 5\/6 25-26<\/a><\/p>\n","protected":false},"excerpt":{"rendered":"<p>Si vous avez besoin d\u2019informations qui ne sont pas encore disponibles, n\u2019h\u00e9sitez pas \u00e0 communiquer directement avec nous. Fournitures scolaires maternelle 25-26 Fournitures scolaires 1\u00e8re 25-26 Fournitures scolaires 2e 25-26 Fournitures scolaires 3e 25-26 Fournitures scolaires 4e 25-26 Fournitures scolaires 5e 25-26 Fournitures scolaires 6e 25-26 Fournitures scolaires Multi 5\/6 25-26<\/p>\n","protected":false},"author":2,"featured_media":0,"parent":0,"menu_order":20,"comment_status":"closed","ping_status":"closed","template":"","meta":{"_genesis_hide_title":false,"_genesis_hide_breadcrumbs":false,"_genesis_hide_singular_image":false,"_genesis_hide_footer_widgets":false,"_genesis_custom_body_class":"","_genesis_custom_post_class":"","_genesis_layout":"","footnotes":""},"class_list":{"0":"post-20","1":"page","2":"type-page","3":"status-publish","5":"entry"},"featured_image_src":null,"featured_image_src_square":null,"_links":{"self":[{"href":"https:\/\/csstl.gouv.qc.ca\/perdriolle\/wp-json\/wp\/v2\/pages\/20","targetHints":{"allow":["GET"]}}],"collection":[{"href":"https:\/\/csstl.gouv.qc.ca\/perdriolle\/wp-json\/wp\/v2\/pages"}],"about":[{"href":"https:\/\/csstl.gouv.qc.ca\/perdriolle\/wp-json\/wp\/v2\/types\/page"}],"author":[{"embeddable":true,"href":"https:\/\/csstl.gouv.qc.ca\/perdriolle\/wp-json\/wp\/v2\/users\/2"}],"replies":[{"embeddable":true,"href":"https:\/\/csstl.gouv.qc.ca\/perdriolle\/wp-json\/wp\/v2\/comments?post=20"}],"version-history":[{"count":0,"href":"https:\/\/csstl.gouv.qc.ca\/perdriolle\/wp-json\/wp\/v2\/pages\/20\/revisions"}],"wp:attachment":[{"href":"https:\/\/csstl.gouv.qc.ca\/perdriolle\/wp-json\/wp\/v2\/media?parent=20"}],"curies":[{"name":"wp","href":"https:\/\/api.w.org\/{rel}","templated":true}]}}