{"id":443,"date":"2026-02-05T09:23:17","date_gmt":"2026-02-05T14:23:17","guid":{"rendered":"https:\/\/csstl.gouv.qc.ca\/paul-gerin-lajoie\/?page_id=443"},"modified":"2026-02-05T09:23:18","modified_gmt":"2026-02-05T14:23:18","slug":"soutien-informatique","status":"publish","type":"page","link":"https:\/\/csstl.gouv.qc.ca\/paul-gerin-lajoie\/soutien-informatique\/","title":{"rendered":"Soutien Informatique"},"content":{"rendered":"\n<p><strong>DEP : Soutien Informatique<\/strong><\/p>\n\n\n\n<p>La formation en soutien informatique te permet de d\u00e9velopper des comp\u00e9tences solides pour g\u00e9rer, maintenir et optimiser des syst\u00e8mes informatiques modernes dans diff\u00e9rents environnements de travail.<\/p>\n\n\n\n<p>Le technicien ou la technicienne en soutien informatique joue un r\u00f4le essentiel dans le bon fonctionnement des organisations.<\/p>\n\n\n\n<p>Tu seras responsable de :<\/p>\n\n\n\n<ul class=\"wp-block-list\">\n<li>Installer et configurer des postes informatiques<\/li>\n\n\n\n<li>G\u00e9rer les r\u00e9seaux et les acc\u00e8s<\/li>\n\n\n\n<li>Assurer la s\u00e9curit\u00e9 des syst\u00e8mes<\/li>\n\n\n\n<li>Diagnostiquer et r\u00e9soudre des probl\u00e8mes<\/li>\n\n\n\n<li>Soutenir les utilisateurs<\/li>\n\n\n\n<li>Maintenir les \u00e9quipements<\/li>\n<\/ul>\n\n\n\n<p>Tu travailleras autant sur le mat\u00e9riel que sur les logiciels, dans des contextes vari\u00e9s.<\/p>\n\n\n\n<p>Au cours de ta formation, tu d\u00e9velopperas des comp\u00e9tences en :<\/p>\n\n\n\n<ul class=\"wp-block-list\">\n<li>Syst\u00e8mes d\u2019exploitation<\/li>\n\n\n\n<li>R\u00e9seaux informatiques<\/li>\n\n\n\n<li>T\u00e9l\u00e9communications<\/li>\n\n\n\n<li>Bases de donn\u00e9es<\/li>\n\n\n\n<li>Programmation utilitaire<\/li>\n\n\n\n<li>S\u00e9curit\u00e9 informatique<\/li>\n<\/ul>\n\n\n\n<p><strong>March\u00e9 du travail :\u00a0<\/strong>Les besoins en soutien informatique demeurent\u00a0tr\u00e8s \u00e9lev\u00e9s dans tous les secteurs\u00a0:<br>services informatiques publics et priv\u00e9s, entreprises d\u2019entretien et de vente au d\u00e9tail, distributeurs de mat\u00e9riel \u00e9lectronique, centres d\u2019assistance technique, PME et grandes organisations.<\/p>\n\n\n\n<p>Pour avoir encore plus d&rsquo;informations clique sur le lien suivant : <a href=\"https:\/\/demarre-ici.com\/soutien-informatique\/#metier\">Soutien informatique &#8211; CFP Paul-G\u00e9rin-Lajoie<\/a><\/p>\n","protected":false},"excerpt":{"rendered":"<p>DEP : Soutien Informatique La formation en soutien informatique te permet de d\u00e9velopper des comp\u00e9tences solides pour g\u00e9rer, maintenir et optimiser des syst\u00e8mes informatiques modernes dans diff\u00e9rents environnements de travail. [&hellip;]<\/p>\n","protected":false},"author":153,"featured_media":0,"parent":0,"menu_order":0,"comment_status":"closed","ping_status":"closed","template":"","meta":{"_genesis_hide_title":false,"_genesis_hide_breadcrumbs":false,"_genesis_hide_singular_image":false,"_genesis_hide_footer_widgets":false,"_genesis_custom_body_class":"","_genesis_custom_post_class":"","_genesis_layout":"","footnotes":""},"class_list":["post-443","page","type-page","status-publish","entry"],"featured_image_src":null,"featured_image_src_square":null,"_links":{"self":[{"href":"https:\/\/csstl.gouv.qc.ca\/paul-gerin-lajoie\/wp-json\/wp\/v2\/pages\/443","targetHints":{"allow":["GET"]}}],"collection":[{"href":"https:\/\/csstl.gouv.qc.ca\/paul-gerin-lajoie\/wp-json\/wp\/v2\/pages"}],"about":[{"href":"https:\/\/csstl.gouv.qc.ca\/paul-gerin-lajoie\/wp-json\/wp\/v2\/types\/page"}],"author":[{"embeddable":true,"href":"https:\/\/csstl.gouv.qc.ca\/paul-gerin-lajoie\/wp-json\/wp\/v2\/users\/153"}],"replies":[{"embeddable":true,"href":"https:\/\/csstl.gouv.qc.ca\/paul-gerin-lajoie\/wp-json\/wp\/v2\/comments?post=443"}],"version-history":[{"count":0,"href":"https:\/\/csstl.gouv.qc.ca\/paul-gerin-lajoie\/wp-json\/wp\/v2\/pages\/443\/revisions"}],"wp:attachment":[{"href":"https:\/\/csstl.gouv.qc.ca\/paul-gerin-lajoie\/wp-json\/wp\/v2\/media?parent=443"}],"curies":[{"name":"wp","href":"https:\/\/api.w.org\/{rel}","templated":true}]}}