{"id":349,"date":"2024-05-03T07:11:21","date_gmt":"2024-05-03T12:11:21","guid":{"rendered":"https:\/\/csstl.gouv.qc.ca\/paul-gerin-lajoie\/?page_id=349"},"modified":"2025-09-08T15:26:59","modified_gmt":"2025-09-08T20:26:59","slug":"attestation-de-specialisation-professionnelle-asp","status":"publish","type":"page","link":"https:\/\/csstl.gouv.qc.ca\/paul-gerin-lajoie\/attestation-de-specialisation-professionnelle-asp\/","title":{"rendered":"Attestation de sp\u00e9cialisation professionnelle (ASP)"},"content":{"rendered":"\n<ul class=\"wp-block-list\">\n<li>M\u00e9canique sp\u00e9cialis\u00e9e d\u2019\u00e9quipement lourd (660 heures)<\/li>\n\n\n\n<li>Gestion d&rsquo;une entreprise de la construction (450 heures)<\/li>\n<\/ul>\n\n\n\n<p><\/p>\n\n\n\n<h3 class=\"wp-block-heading\">M\u00e9canique sp\u00e9cialis\u00e9e d\u2019\u00e9quipement lourd<\/h3>\n\n\n\n<p>Le diagnostic te passionne?<\/p>\n\n\n\n<p>Pour toi, le mot probl\u00e8me est \u00e9gal au mot solution?<\/p>\n\n\n\n<p>Tu peux t\u2019adapter au travail \u00e0 l\u2019ext\u00e9rieur comme \u00e0 l\u2019int\u00e9rieur?<\/p>\n\n\n\n<p>Le programme de sp\u00e9cialisation ASP-M\u00e9canique sp\u00e9cialis\u00e9e d\u2019\u00e9quipement lourd est pour toi!<\/p>\n\n\n\n<p>La r\u00e9paration des moteurs \u00e9lectroniques peut s\u2019effectuer tant sur la route, en situation de d\u00e9pannage, que dans un garage. La technologie \u00e9voluant rapidement, les m\u00e9thodes de travail et les \u00e9quipements requis pour ce faire sont revus de fa\u00e7on r\u00e9guli\u00e8re. Si tu es curieux et n\u2019as pas peur du changement, tu adoreras faire l\u2019apprentissage de ces m\u00e9thodes sans cesse en \u00e9volution.<\/p>\n\n\n\n<p>Le centre de formation professionnelle Paul-G\u00e9rin-Lajoie est l\u2019un des cinq centres de formation du Qu\u00e9bec \u00e0 pouvoir t\u2019offrir ce nouveau programme de sp\u00e9cialisation qui donne acc\u00e8s \u00e0 ce qu\u2019il y a de plus r\u00e9cent en mati\u00e8re d\u2019\u00e9quipements et de technologies. Apr\u00e8s ta formation, tu sauras diagnostiquer et r\u00e9parer les syst\u00e8mes d\u2019alimentation, les syst\u00e8mes de confort, de s\u00e9curit\u00e9 et d\u2019aide \u00e0 l\u2019op\u00e9ration, les syst\u00e8mes de transmission de pouvoir ainsi que les syst\u00e8mes hybrides de gestion d\u2019\u00e9nergie. De plus, tu seras en mesure d\u2019utiliser les syst\u00e8mes informatis\u00e9s de diagnostic et d\u2019interpr\u00e9ter les donn\u00e9es recueillies.&nbsp;<\/p>\n\n\n\n<h2 class=\"wp-block-heading\">M\u00e9tier complexe o\u00f9 le m\u00e9canicien sp\u00e9cialiste est enti\u00e8rement responsable de son diagnostic.<\/h2>\n\n\n\n<p>Suite \u00e0 la formation, le m\u00e9canicien d\u00e9tenteur de cette attestation est un travailleur tr\u00e8s sp\u00e9cialis\u00e9. Sa t\u00e2che consiste \u00e0 diagnostiquer et r\u00e9soudre les probl\u00e8mes de fonctionnement des syst\u00e8mes sur des \u00e9quipements lourds tel que les v\u00e9hicules lourds routiers, les engins de chantier ou encore la machinerie agricole. Il d\u00e9termine leurs causes \u00e0 l\u2019aide d\u2019outils informatiques et autres instruments technologiques. Il voit \u00e9galement \u00e0 l\u2019entretien, au r\u00e9glage et au remplacement des composantes fonctionnelles sur ces \u00e9quipements lourds.<\/p>\n\n\n\n<h3 class=\"wp-block-heading\">Les employeurs potentiels :<\/h3>\n\n\n\n<ul class=\"wp-block-list\">\n<li>les concessionnaires des diff\u00e9rentes marques de moteurs, de v\u00e9hicules, d\u2019engins ou de machinerie agricole;<\/li>\n\n\n\n<li>les garages ind\u00e9pendants;<\/li>\n\n\n\n<li>les ateliers sp\u00e9cialis\u00e9s;<\/li>\n\n\n\n<li>les \u00e9tablissements de type corporatif : soci\u00e9t\u00e9s de transports, compagnies propri\u00e9taires de v\u00e9hicules destin\u00e9s au transport de passagers ou de marchandises.<\/li>\n<\/ul>\n\n\n\n<h3 class=\"wp-block-heading\">Placement et conditions d\u2019emploi :<\/h3>\n\n\n\n<ul class=\"wp-block-list\">\n<li>placement TR\u00c8S BON;<\/li>\n\n\n\n<li>le centre affiche les demandes des employeurs;<\/li>\n\n\n\n<li>les enseignants sont \u00e9galement en contact avec des employeurs \u00e9ventuels.<\/li>\n<\/ul>\n\n\n\n<h3 class=\"wp-block-heading\">Conditions d\u2019admission :<\/h3>\n\n\n\n<p>La personne est titulaire du DEP :<\/p>\n\n\n\n<p>5049 M\u00e9canique de v\u00e9hicules lourds routiers OU<\/p>\n\n\n\n<p>5330 M\u00e9canique de v\u00e9hicules lourds routiers OU<\/p>\n\n\n\n<p>5335 M\u00e9canique agricole<\/p>\n\n\n\n<p>La personne exerce un m\u00e9tier ou une profession en relation avec ce programme d\u2019\u00e9tudes.<\/p>\n\n\n\n<h3 class=\"wp-block-heading\">La formation :<\/h3>\n\n\n\n<ul class=\"wp-block-list\">\n<li>les travaux pratiques r\u00e9alis\u00e9s en atelier repr\u00e9sentent 70% de la formation;<\/li>\n\n\n\n<li>le laboratoire informatique est d\u00e9di\u00e9 \u00e0 la formation;<\/li>\n\n\n\n<li>les \u00e9quipements sont consacr\u00e9s \u00e0 ce programme seulement;<\/li>\n\n\n\n<li>les comp\u00e9tences acquises sont r\u00e9investies tout au long de la formation;<\/li>\n\n\n\n<li>les \u00e9l\u00e8ves terminent leur cheminement par des modules synth\u00e8ses et un stage de deux semaines en milieu de travail.<\/li>\n<\/ul>\n\n\n\n<h3 class=\"wp-block-heading\">Gestion d&rsquo;une entreprise de la construction<\/h3>\n\n\n\n<p>Nous offrons l&rsquo;attestation de sp\u00e9cialisation professionnelle en Gestion d\u2019une entreprise de la construction. Cette formation d\u2019une dur\u00e9e de 450\u00a0heures pr\u00e9pare \u00e0 l\u2019exercice du m\u00e9tier d\u2019entrepreneur en construction offrant des services g\u00e9n\u00e9raux ou sp\u00e9cialis\u00e9s.\u00a0 L\u2019obtention de ce dipl\u00f4me vous permet de faire une demande de licence d\u2019entrepreneur g\u00e9n\u00e9ral de la RBQ sans devoir faire les examens!<\/p>\n","protected":false},"excerpt":{"rendered":"<p>M\u00e9canique sp\u00e9cialis\u00e9e d\u2019\u00e9quipement lourd Le diagnostic te passionne? Pour toi, le mot probl\u00e8me est \u00e9gal au mot solution? Tu peux t\u2019adapter au travail \u00e0 l\u2019ext\u00e9rieur comme \u00e0 l\u2019int\u00e9rieur? Le programme [&hellip;]<\/p>\n","protected":false},"author":153,"featured_media":0,"parent":0,"menu_order":0,"comment_status":"closed","ping_status":"closed","template":"","meta":{"_genesis_hide_title":false,"_genesis_hide_breadcrumbs":false,"_genesis_hide_singular_image":false,"_genesis_hide_footer_widgets":false,"_genesis_custom_body_class":"","_genesis_custom_post_class":"","_genesis_layout":"","footnotes":""},"class_list":["post-349","page","type-page","status-publish","entry"],"featured_image_src":null,"featured_image_src_square":null,"_links":{"self":[{"href":"https:\/\/csstl.gouv.qc.ca\/paul-gerin-lajoie\/wp-json\/wp\/v2\/pages\/349","targetHints":{"allow":["GET"]}}],"collection":[{"href":"https:\/\/csstl.gouv.qc.ca\/paul-gerin-lajoie\/wp-json\/wp\/v2\/pages"}],"about":[{"href":"https:\/\/csstl.gouv.qc.ca\/paul-gerin-lajoie\/wp-json\/wp\/v2\/types\/page"}],"author":[{"embeddable":true,"href":"https:\/\/csstl.gouv.qc.ca\/paul-gerin-lajoie\/wp-json\/wp\/v2\/users\/153"}],"replies":[{"embeddable":true,"href":"https:\/\/csstl.gouv.qc.ca\/paul-gerin-lajoie\/wp-json\/wp\/v2\/comments?post=349"}],"version-history":[{"count":0,"href":"https:\/\/csstl.gouv.qc.ca\/paul-gerin-lajoie\/wp-json\/wp\/v2\/pages\/349\/revisions"}],"wp:attachment":[{"href":"https:\/\/csstl.gouv.qc.ca\/paul-gerin-lajoie\/wp-json\/wp\/v2\/media?parent=349"}],"curies":[{"name":"wp","href":"https:\/\/api.w.org\/{rel}","templated":true}]}}