{"id":23,"date":"2022-09-08T12:59:42","date_gmt":"2022-09-08T12:59:42","guid":{"rendered":"https:\/\/cs3lacs.wpengine.com\/pgl\/?page_id=23"},"modified":"2026-03-03T09:59:14","modified_gmt":"2026-03-03T14:59:14","slug":"vie-etudiante","status":"publish","type":"page","link":"https:\/\/csstl.gouv.qc.ca\/paul-gerin-lajoie\/vie-etudiante\/","title":{"rendered":"Vie \u00e9tudiante"},"content":{"rendered":"\n<p>La participation de tous les \u00e9l\u00e8ves \u00e0 la vie de l&rsquo;\u00e9cole est essentielle.<\/p>\n\n\n\n<p>Le conseil des \u00e9l\u00e8ves vise \u00e0 permettre aux \u00e9tudiants de s&rsquo;impliquer autant au niveau des activit\u00e9s d&rsquo;apprentissage qu&rsquo;au niveau des activit\u00e9s sportives et sociales de l&rsquo;\u00e9cole.<\/p>\n\n\n\n<p>En plus de collaborer avec la direction au bon d\u00e9roulement de la formation des \u00e9l\u00e8ves, les membres du conseil des \u00e9l\u00e8ves sont l\u00e0 pour animer la vie \u00e9tudiante en organisant des activit\u00e9s qui rendront plus agr\u00e9able la vie au sein de notre centre de formation.<\/p>\n\n\n\n<p>Plusieurs activit\u00e9s et tournois sont mises sur pied durant l&rsquo;ann\u00e9e scolaire :<\/p>\n\n\n\n<ul class=\"wp-block-list\">\n<li>Activit\u00e9s sportives (hockey, hockey cosom, baby-foot, ping-pong)<\/li>\n\n\n\n<li>Activit\u00e9s sociales (Halloween, No\u00ebl, St-Valentin, etc.)<\/li>\n\n\n\n<li>Rencontres avec des employeurs<\/li>\n\n\n\n<li>Etc.<\/li>\n<\/ul>\n","protected":false},"excerpt":{"rendered":"<p>La participation de tous les \u00e9l\u00e8ves \u00e0 la vie de l&rsquo;\u00e9cole est essentielle. Le conseil des \u00e9l\u00e8ves vise \u00e0 permettre aux \u00e9tudiants de s&rsquo;impliquer autant au niveau des activit\u00e9s d&rsquo;apprentissage [&hellip;]<\/p>\n","protected":false},"author":2,"featured_media":0,"parent":0,"menu_order":0,"comment_status":"closed","ping_status":"closed","template":"","meta":{"_genesis_hide_title":false,"_genesis_hide_breadcrumbs":false,"_genesis_hide_singular_image":false,"_genesis_hide_footer_widgets":false,"_genesis_custom_body_class":"","_genesis_custom_post_class":"","_genesis_layout":"","footnotes":""},"class_list":["post-23","page","type-page","status-publish","entry"],"featured_image_src":null,"featured_image_src_square":null,"_links":{"self":[{"href":"https:\/\/csstl.gouv.qc.ca\/paul-gerin-lajoie\/wp-json\/wp\/v2\/pages\/23","targetHints":{"allow":["GET"]}}],"collection":[{"href":"https:\/\/csstl.gouv.qc.ca\/paul-gerin-lajoie\/wp-json\/wp\/v2\/pages"}],"about":[{"href":"https:\/\/csstl.gouv.qc.ca\/paul-gerin-lajoie\/wp-json\/wp\/v2\/types\/page"}],"author":[{"embeddable":true,"href":"https:\/\/csstl.gouv.qc.ca\/paul-gerin-lajoie\/wp-json\/wp\/v2\/users\/2"}],"replies":[{"embeddable":true,"href":"https:\/\/csstl.gouv.qc.ca\/paul-gerin-lajoie\/wp-json\/wp\/v2\/comments?post=23"}],"version-history":[{"count":0,"href":"https:\/\/csstl.gouv.qc.ca\/paul-gerin-lajoie\/wp-json\/wp\/v2\/pages\/23\/revisions"}],"wp:attachment":[{"href":"https:\/\/csstl.gouv.qc.ca\/paul-gerin-lajoie\/wp-json\/wp\/v2\/media?parent=23"}],"curies":[{"name":"wp","href":"https:\/\/api.w.org\/{rel}","templated":true}]}}