{"id":18,"date":"2022-09-08T12:57:12","date_gmt":"2022-09-08T12:57:12","guid":{"rendered":"https:\/\/cs3lacs.wpengine.com\/pgl\/?page_id=18"},"modified":"2023-11-15T11:46:20","modified_gmt":"2023-11-15T16:46:20","slug":"electrotechnique","status":"publish","type":"page","link":"https:\/\/csstl.gouv.qc.ca\/paul-gerin-lajoie\/electrotechnique\/","title":{"rendered":"\u00c9lectrom\u00e9canique"},"content":{"rendered":"\n<h3 class=\"wp-block-heading\">DEP : \u00c9lectrom\u00e9canique de syst\u00e8mes automatis\u00e9s<\/h3>\n\n\n\n<h3 class=\"wp-block-heading\">La polyvalence de l\u2019emploi :<\/h3>\n\n\n\n<p>Le m\u00e9tier d\u2019\u00e9lectrom\u00e9canicien de syst\u00e8mes automatis\u00e9s est un m\u00e9tier ax\u00e9 sur la polyvalence. Comme le nom l\u2019indique, il s\u2019agit d\u2019un m\u00e9tier multidisciplinaire qui assure des connaissances dans toutes les disciplines suivantes :<\/p>\n\n\n\n<ul class=\"wp-block-list\">\n<li>m\u00e9canique industrielle;<\/li>\n\n\n\n<li>\u00e9lectricit\u00e9;<\/li>\n\n\n\n<li>fabrication m\u00e9canique;<\/li>\n\n\n\n<li>fluides pneumatiques et hydrauliques;<\/li>\n\n\n\n<li>instrumentation et contr\u00f4le;<\/li>\n<\/ul>\n\n\n\n<h2 class=\"wp-block-heading\">D\u00e9couvre la formation !<\/h2>\n\n\n\n<figure class=\"wp-block-image size-large is-resized\"><a href=\"https:\/\/www.youtube.com\/watch?v=HrSx3ohBCHY\" target=\"_blank\" rel=\"noreferrer noopener\"><img loading=\"lazy\" decoding=\"async\" width=\"1024\" height=\"645\" src=\"https:\/\/media.csstl.gouv.qc.ca\/wp-content\/uploads\/sites\/21\/2023\/11\/15104707\/ESA-2-1024x645.png\" alt=\"\" class=\"wp-image-323\" style=\"aspect-ratio:1.5925349922239502;width:473px;height:auto\" srcset=\"https:\/\/media.csstl.gouv.qc.ca\/wp-content\/uploads\/sites\/21\/2023\/11\/15104707\/ESA-2-1024x645.png 1024w, https:\/\/media.csstl.gouv.qc.ca\/wp-content\/uploads\/sites\/21\/2023\/11\/15104707\/ESA-2-300x189.png 300w, https:\/\/media.csstl.gouv.qc.ca\/wp-content\/uploads\/sites\/21\/2023\/11\/15104707\/ESA-2-768x484.png 768w, https:\/\/media.csstl.gouv.qc.ca\/wp-content\/uploads\/sites\/21\/2023\/11\/15104707\/ESA-2.png 1027w\" sizes=\"auto, (max-width: 1024px) 100vw, 1024px\" \/><\/a><\/figure>\n\n\n\n<p>&nbsp;Deux modules de synth\u00e8se concluent la formation.<\/p>\n\n\n\n<p>Qui embauche nos finissants?<\/p>\n\n\n\n<p>Les grandes et petites entreprises et les PME sont vos futurs employeurs. On retrouve l\u2019\u00e9lectrom\u00e9canicien presque partout : dans les h\u00f4pitaux, chez votre fournisseur en \u00e9nergie \u00e9lectrique, dans les municipalit\u00e9s, dans les a\u00e9roports, au m\u00e9tro de Montr\u00e9al, pour ne citer que ceux-ci.<\/p>\n\n\n\n<p>On les retrouve aussi dans une multitude d\u2019entreprises de service. Par exemple, imaginez-vous \u00e0 la porte d\u2019entr\u00e9e de votre \u00e9picerie. L\u2019\u00e9lectrom\u00e9canicien peut \u00eatre appel\u00e9 \u00e0 r\u00e9parer les portes automatis\u00e9es, la machine \u00e0 recycler les canettes et les bouteilles, la r\u00f4tissoire \u00e0 poulet ainsi que les \u00e9quipements d\u2019emballage industriel, le chariot \u00e9l\u00e9vateur \u00e9lectrique ainsi que les caisses automatis\u00e9es, et ce ne sont que quelques exemples.<\/p>\n\n\n\n<p>Les besoins d\u2019entretien en \u00e9lectrom\u00e9canique sont aussi \u00e0 votre restaurant pour r\u00e9parer les fours ultra-puissants et sophistiqu\u00e9s.<\/p>\n\n\n\n<p>La formation d\u2019\u00e9lectrom\u00e9canicien est un excellent choix pour un travailleur qui veut une formation diversifi\u00e9e et qui veut d\u00e9couvrir les bases de plusieurs m\u00e9tiers.<\/p>\n\n\n\n<h2 class=\"wp-block-heading\">Les pros des machines industrielles<\/h2>\n\n\n\n<h2 class=\"wp-block-heading\">Les disciplines du m\u00e9tier<\/h2>\n\n\n\n<h3 class=\"wp-block-heading\">La m\u00e9canique industrielle :<\/h3>\n\n\n\n<p>Les \u00e9quipements m\u00e9caniques ont besoin d&rsquo;\u00eatre install\u00e9s, ajust\u00e9s, entretenus et r\u00e9par\u00e9s. Les modules de dispositifs de maintenance m\u00e9canique, d&rsquo;alignement conventionnel et de maintenance d&rsquo;\u00e9quipements pneumatiques et hydrauliques te permettront d&rsquo;acqu\u00e9rir les connaissances et les comp\u00e9tences pour effectuer ces t\u00e2ches.<\/p>\n\n\n\n<p>D\u00e9couvrez ce secteur dynamique qui int\u00e8gre les derni\u00e8res \u00e9volutions technologiques.<\/p>\n\n\n\n<p>L&rsquo;\u00e9lectrom\u00e9canicienne, l\u2019\u00e9lectrom\u00e9canicien assure le bon fonctionnement du mat\u00e9riel \u00e9lectrom\u00e9canique d&rsquo;une entreprise : moteurs, c\u00e2blages \u00e9lectriques, machines-outils, compresseurs, engins de levage int\u00e9gr\u00e9s \u00e0 des installations de production, \u00e9quipements de transport, etc. C\u2019est donc difficile d\u2019imaginer le monde d\u2019aujourd\u2019hui sans \u00e9lectricit\u00e9 ni \u00e9lectronique.<\/p>\n\n\n\n<p>L&rsquo;\u00e9lectricit\u00e9 est directement utilisable pour effectuer un travail : d\u00e9placer une charge, fournir de la lumi\u00e8re, chauffer et faire tourner un moteur par exemple.<\/p>\n\n\n\n<p>Le moteur \u00e9lectrique est consid\u00e9r\u00e9 comme un actionneur des plus utilis\u00e9s en industrie. Il transforme l&rsquo;\u00e9nergie \u00e9lectrique en \u00e9nergie m\u00e9canique et cette \u00e9nergie m\u00e9canique est transf\u00e9r\u00e9e \u00e0 un \u00e9quipement pour le faire fonctionner. Les \u00e9l\u00e8ves en \u00e9tudient les principes de base et en explorent les utilisations les plus courantes.<\/p>\n\n\n\n<h3 class=\"wp-block-heading\">La fabrication m\u00e9canique<\/h3>\n\n\n\n<p>La polyvalence de l\u2019\u00e9lectrom\u00e9canicien se mesure aussi par sa capacit\u00e9 d\u2019usiner au moyen d\u2019outils manuels et de machines-outils conventionnelles, des pi\u00e8ces qui r\u00e9pondent aux sp\u00e9cifications des plans de fabrication ou de r\u00e9usiner des pi\u00e8ces bris\u00e9es, en respectant les directives du fabricant.<\/p>\n\n\n\n<p>Cette polyvalence exige aussi que vous soyez en mesure de couper et de souder des m\u00e9taux. Vous serez en mesure de d\u00e9velopper les techniques de coupe \u00e0 l\u2019oxyac\u00e9tyl\u00e8ne et au plasma, ainsi que des op\u00e9rations de soudage \u00e0 l\u2019arc \u00e9lectrique, au gaz \u00e0 l\u2019arc de m\u00e9tal avec du fil solide, au gaz \u00e0 l\u2019arc de tungst\u00e8ne ainsi qu\u2019un proc\u00e9d\u00e9 par point.<\/p>\n\n\n\n<p>Afin d\u2019\u00eatre capable de faire presque tous les d\u00e9pannages n\u00e9cessaires \u00e0 \u00eatre ex\u00e9cut\u00e9s sur des \u00e9quipements industriels ou commerciaux, vous serez aussi en mesure d\u2019effectuer des raccordements de conduits et du d\u00e9placement d\u2019\u00e9quipement.<\/p>\n\n\n\n<h3 class=\"wp-block-heading\">Les fluides pneumatiques et hydrauliques<\/h3>\n\n\n\n<p>Les syst\u00e8mes pneumatiques et hydrauliques sont omnipr\u00e9sents dans l\u2019industrie. L\u2019\u00e9lectrom\u00e9canicien est appel\u00e9 \u00e0 assembler minutieusement les composants de ces circuits, \u00e0 v\u00e9rifier l\u2019\u00e9tanch\u00e9it\u00e9 du montage, \u00e0 ajuster pr\u00e9cis\u00e9ment les valeurs requises des param\u00e8tres et \u00e0 valider correctement la s\u00e9quence des op\u00e9rations.<\/p>\n\n\n\n<h3 class=\"wp-block-heading\">L\u2019instrumentation et contr\u00f4le<\/h3>\n\n\n\n<p>L\u2019automate programmable, la cl\u00e9 de tout syst\u00e8me complexe!<\/p>\n\n\n\n<p>D\u00e9mystifier, apprivoiser et g\u00e9rer!<\/p>\n\n\n\n<p>Une programmation aux possibilit\u00e9s infinies en fait le cerveau par excellence de toute machine multifonctionnelle. Vous ne pourrez plus vous en passer pour g\u00e9rer la pneumatique ou l\u2019hydraulique ainsi que les variateurs de vitesse de moteurs ou encore le contr\u00f4le de la temp\u00e9rature d\u2019un syst\u00e8me industriel.<\/p>\n\n\n\n<p>Chaque groupe de finissants applique les connaissances multidisciplinaires acquises lors de leur formation en assemblant une usine compl\u00e8te de distribution. Une fois assembl\u00e9e, l\u2019usine automatis\u00e9e d\u00e9place des bo\u00eetes sur des tapis roulants et sur des ascenseurs avec une grande pr\u00e9cision. Le montage et le d\u00e9montage se d\u00e9roule sur 150 heures.<\/p>\n\n\n\n<p>Une mini-usine d\u2019ensachage d\u2019agr\u00e9gats permet aussi \u00e0 l\u2019\u00e9l\u00e8ve de mettre en pratique toutes les notions multidisciplinaires qu\u2019il ou elle a apprises. L\u2019\u00e9l\u00e8ve a le privil\u00e8ge de faire du d\u00e9pannage et de la r\u00e9solution de probl\u00e8mes sur cette mini-usine. L\u2019enseignant et le technicien provoquent des pannes et l\u2019\u00e9l\u00e8ve doit diagnostiquer le probl\u00e8me, r\u00e9parer la panne et red\u00e9marrer l\u2019usine.<\/p>\n\n\n\n<p>Apr\u00e8s ces modules de synth\u00e8se, l\u2019\u00e9l\u00e8ve est pr\u00eat \u00e0 r\u00e9aliser avec succ\u00e8s un stage de trois semaines dans l\u2019industrie.<\/p>\n","protected":false},"excerpt":{"rendered":"<p>DEP : \u00c9lectrom\u00e9canique de syst\u00e8mes automatis\u00e9s La polyvalence de l\u2019emploi : Le m\u00e9tier d\u2019\u00e9lectrom\u00e9canicien de syst\u00e8mes automatis\u00e9s est un m\u00e9tier ax\u00e9 sur la polyvalence. Comme le nom l\u2019indique, il s\u2019agit [&hellip;]<\/p>\n","protected":false},"author":2,"featured_media":0,"parent":0,"menu_order":0,"comment_status":"closed","ping_status":"closed","template":"","meta":{"_genesis_hide_title":false,"_genesis_hide_breadcrumbs":false,"_genesis_hide_singular_image":false,"_genesis_hide_footer_widgets":false,"_genesis_custom_body_class":"","_genesis_custom_post_class":"","_genesis_layout":"","footnotes":""},"class_list":["post-18","page","type-page","status-publish","entry"],"featured_image_src":null,"featured_image_src_square":null,"_links":{"self":[{"href":"https:\/\/csstl.gouv.qc.ca\/paul-gerin-lajoie\/wp-json\/wp\/v2\/pages\/18","targetHints":{"allow":["GET"]}}],"collection":[{"href":"https:\/\/csstl.gouv.qc.ca\/paul-gerin-lajoie\/wp-json\/wp\/v2\/pages"}],"about":[{"href":"https:\/\/csstl.gouv.qc.ca\/paul-gerin-lajoie\/wp-json\/wp\/v2\/types\/page"}],"author":[{"embeddable":true,"href":"https:\/\/csstl.gouv.qc.ca\/paul-gerin-lajoie\/wp-json\/wp\/v2\/users\/2"}],"replies":[{"embeddable":true,"href":"https:\/\/csstl.gouv.qc.ca\/paul-gerin-lajoie\/wp-json\/wp\/v2\/comments?post=18"}],"version-history":[{"count":0,"href":"https:\/\/csstl.gouv.qc.ca\/paul-gerin-lajoie\/wp-json\/wp\/v2\/pages\/18\/revisions"}],"wp:attachment":[{"href":"https:\/\/csstl.gouv.qc.ca\/paul-gerin-lajoie\/wp-json\/wp\/v2\/media?parent=18"}],"curies":[{"name":"wp","href":"https:\/\/api.w.org\/{rel}","templated":true}]}}