{"id":137,"date":"2022-11-02T17:39:06","date_gmt":"2022-11-02T17:39:06","guid":{"rendered":"https:\/\/cs3lacs.wpengine.com\/pgl\/?page_id=137"},"modified":"2026-04-01T12:22:19","modified_gmt":"2026-04-01T17:22:19","slug":"portes-ouvertes","status":"publish","type":"page","link":"https:\/\/csstl.gouv.qc.ca\/paul-gerin-lajoie\/portes-ouvertes\/","title":{"rendered":"Portes ouvertes au printemps 2026"},"content":{"rendered":"\n<h2 class=\"wp-block-heading\"><strong>Envie d\u2019une nouvelle formation ou d\u2019un changement de carri\u00e8re?<\/strong> <strong>Participe \u00e0 notre 4 \u00e0 7 portes ouvertes!<\/strong><\/h2>\n\n\n\n<p>Viens rencontrer nos enseignants, visiter nos installations, d\u00e9couvre nos formations, dont notre nouveaut\u00e9 en Soutien informatique.<\/p>\n\n\n\n<p>PGL t\u2019invite le mardi<strong>&nbsp;5  mai prochain, de 16 h \u00e0 19 h<\/strong>, au 400, avenue Saint-Charles \u00e0 Vaudreuil-Dorion.<\/p>\n\n\n\n<p>C\u2019est pour qui?<\/p>\n\n\n\n<ul class=\"wp-block-list\">\n<li>Anciens \u00e9l\u00e8ves de PGL et membre de la communaut\u00e9<\/li>\n\n\n\n<li>Toutes personnes int\u00e9ress\u00e9es \u00e0 en savoir plus sur nos formations :\n<ul class=\"wp-block-list\">\n<li>M\u00e9canique de v\u00e9hicules lourds et d\u2019engin de chantier<\/li>\n\n\n\n<li>Usinage<\/li>\n\n\n\n<li>\u00c9lectrom\u00e9canique de syst\u00e8mes automatis\u00e9s<\/li>\n\n\n\n<li>Traitement de l\u2019eau<\/li>\n\n\n\n<li>Secr\u00e9tariat, comptabilit\u00e9<\/li>\n<\/ul>\n<\/li>\n<\/ul>\n\n\n\n<p>N\u2019h\u00e9sitez pas \u00e0 communiquer avec&nbsp;<strong>Marie-France Caron, agente de d\u00e9veloppement, au poste 5143<\/strong>&nbsp;pour des renseignements suppl\u00e9mentaires.<\/p>\n","protected":false},"excerpt":{"rendered":"<p>Envie d\u2019une nouvelle formation ou d\u2019un changement de carri\u00e8re? Participe \u00e0 notre 4 \u00e0 7 portes ouvertes! Viens rencontrer nos enseignants, visiter nos installations, d\u00e9couvre nos formations, dont notre nouveaut\u00e9 [&hellip;]<\/p>\n","protected":false},"author":2,"featured_media":0,"parent":0,"menu_order":0,"comment_status":"closed","ping_status":"closed","template":"","meta":{"_genesis_hide_title":false,"_genesis_hide_breadcrumbs":false,"_genesis_hide_singular_image":false,"_genesis_hide_footer_widgets":false,"_genesis_custom_body_class":"","_genesis_custom_post_class":"","_genesis_layout":"","footnotes":""},"class_list":["post-137","page","type-page","status-publish","entry"],"featured_image_src":null,"featured_image_src_square":null,"_links":{"self":[{"href":"https:\/\/csstl.gouv.qc.ca\/paul-gerin-lajoie\/wp-json\/wp\/v2\/pages\/137","targetHints":{"allow":["GET"]}}],"collection":[{"href":"https:\/\/csstl.gouv.qc.ca\/paul-gerin-lajoie\/wp-json\/wp\/v2\/pages"}],"about":[{"href":"https:\/\/csstl.gouv.qc.ca\/paul-gerin-lajoie\/wp-json\/wp\/v2\/types\/page"}],"author":[{"embeddable":true,"href":"https:\/\/csstl.gouv.qc.ca\/paul-gerin-lajoie\/wp-json\/wp\/v2\/users\/2"}],"replies":[{"embeddable":true,"href":"https:\/\/csstl.gouv.qc.ca\/paul-gerin-lajoie\/wp-json\/wp\/v2\/comments?post=137"}],"version-history":[{"count":0,"href":"https:\/\/csstl.gouv.qc.ca\/paul-gerin-lajoie\/wp-json\/wp\/v2\/pages\/137\/revisions"}],"wp:attachment":[{"href":"https:\/\/csstl.gouv.qc.ca\/paul-gerin-lajoie\/wp-json\/wp\/v2\/media?parent=137"}],"curies":[{"name":"wp","href":"https:\/\/api.w.org\/{rel}","templated":true}]}}