{"id":114,"date":"2023-06-14T10:20:41","date_gmt":"2023-06-14T15:20:41","guid":{"rendered":"https:\/\/cs3lacs.wpengine.com\/pgl\/?page_id=114"},"modified":"2025-09-22T07:52:33","modified_gmt":"2025-09-22T12:52:33","slug":"eleve-jour","status":"publish","type":"page","link":"https:\/\/csstl.gouv.qc.ca\/paul-gerin-lajoie\/eleve-jour\/","title":{"rendered":"\u00c9l\u00e8ve d&rsquo;un jour ou d&rsquo;un soir"},"content":{"rendered":"\n<div class=\"formulaire-eleve\">\n<div class=\"forminator-ui forminator-custom-form forminator-custom-form-143 forminator-design--flat forminator-enclosed forminator_ajax\" data-forminator-render=\"0\" data-form=\"forminator-module-143\" data-uid=\"69ebd1b3f142d\"><br\/><\/div><form\r\n\t\t\t\tid=\"forminator-module-143\"\r\n\t\t\t\tclass=\"forminator-ui forminator-custom-form forminator-custom-form-143 forminator-design--flat forminator-enclosed forminator_ajax\"\r\n\t\t\t\tmethod=\"post\"\r\n\t\t\t\tdata-forminator-render=\"0\"\r\n\t\t\t\tdata-form-id=\"143\"\r\n\t\t\t\t data-color-option=\"default\" data-design=\"flat\" data-grid=\"enclosed\" style=\"display: none;\"\r\n\t\t\t\tdata-uid=\"69ebd1b3f142d\"\r\n\t\t\t><div role=\"alert\" aria-live=\"polite\" class=\"forminator-response-message forminator-error\" aria-hidden=\"true\"><\/div><div class=\"forminator-row\"><div id=\"name-1\" class=\"forminator-field-name forminator-col forminator-col-12 \"><div class=\"forminator-field\"><label for=\"forminator-field-name-1_69ebd1b3f142d\" id=\"forminator-field-name-1_69ebd1b3f142d-label\" class=\"forminator-label\">Pr\u00e9nom <span class=\"forminator-required\">*<\/span><\/label><input type=\"text\" name=\"name-1\" value=\"\" placeholder=\"\" id=\"forminator-field-name-1_69ebd1b3f142d\" class=\"forminator-input forminator-name--field\" aria-required=\"true\" autocomplete=\"name\" \/><\/div><\/div><\/div><div class=\"forminator-row\"><div id=\"name-2\" class=\"forminator-field-name forminator-col forminator-col-12 \"><div class=\"forminator-field\"><label for=\"forminator-field-name-2_69ebd1b3f142d\" id=\"forminator-field-name-2_69ebd1b3f142d-label\" class=\"forminator-label\">Nom <span class=\"forminator-required\">*<\/span><\/label><input type=\"text\" name=\"name-2\" value=\"\" placeholder=\"\" id=\"forminator-field-name-2_69ebd1b3f142d\" class=\"forminator-input forminator-name--field\" aria-required=\"true\" autocomplete=\"name\" \/><\/div><\/div><\/div><div class=\"forminator-row\"><div id=\"address-1\" class=\"forminator-field-address forminator-col forminator-col-12 \"><div class=\"forminator-row\"><div id=\"address-1-street_address\" class=\"forminator-col\"><div class=\"forminator-field\"><label for=\"forminator-field-address-1-street_address_69ebd1b3f142d\" id=\"forminator-field-address-1-street_address_69ebd1b3f142d-label\" class=\"forminator-label\">Num\u00e9ro et nom de rue <span class=\"forminator-required\">*<\/span><\/label><input type=\"text\" name=\"address-1-street_address\" placeholder=\"\" id=\"forminator-field-address-1-street_address_69ebd1b3f142d\" class=\"forminator-input\" data-required=\"1\" aria-required=\"true\" autocomplete=\"address-line1\" value=\"\" \/><\/div><\/div><\/div><div class=\"forminator-row\"><div id=\"address-1-address_line\" class=\"forminator-col\"><div class=\"forminator-field\"><label for=\"forminator-field-address-1-address_line_69ebd1b3f142d\" id=\"forminator-field-address-1-address_line_69ebd1b3f142d-label\" class=\"forminator-label\">Appartement, suite, etc<\/label><input type=\"text\" name=\"address-1-address_line\" placeholder=\"\" id=\"forminator-field-address-1-address_line_69ebd1b3f142d\" class=\"forminator-input\" data-required=\"\" aria-required=\"false\" autocomplete=\"address-line2\" value=\"\" \/><\/div><\/div><\/div><div class=\"forminator-row\" data-multiple=\"true\"><div id=\"address-1-city\" class=\"forminator-col forminator-col-6\"><div class=\"forminator-field\"><label for=\"forminator-field-address-1-city_69ebd1b3f142d\" id=\"forminator-field-address-1-city_69ebd1b3f142d-label\" class=\"forminator-label\">Municipalit\u00e9 <span class=\"forminator-required\">*<\/span><\/label><input type=\"text\" name=\"address-1-city\" placeholder=\"\" id=\"forminator-field-address-1-city_69ebd1b3f142d\" class=\"forminator-input\" data-required=\"1\" aria-required=\"true\" autocomplete=\"address-level2\" value=\"\" \/><\/div><\/div><div id=\"address-1-state\" class=\"forminator-col forminator-col-6\"><div class=\"forminator-field\"><label for=\"forminator-field-address-1-state_69ebd1b3f142d\" id=\"forminator-field-address-1-state_69ebd1b3f142d-label\" class=\"forminator-label\">Province<\/label><input type=\"text\" name=\"address-1-state\" placeholder=\"\" id=\"forminator-field-address-1-state_69ebd1b3f142d\" class=\"forminator-input\" data-required=\"\" aria-required=\"false\" autocomplete=\"address-level1\" value=\"\" \/><\/div><\/div><\/div><div class=\"forminator-row\" data-multiple=\"false\"><div id=\"address-1-zip\" class=\"forminator-col forminator-col-12\"><div class=\"forminator-field\"><label for=\"forminator-field-address-1-zip_69ebd1b3f142d\" id=\"forminator-field-address-1-zip_69ebd1b3f142d-label\" class=\"forminator-label\">Code postal <span class=\"forminator-required\">*<\/span><\/label><input type=\"text\" name=\"address-1-zip\" placeholder=\"\" id=\"forminator-field-address-1-zip_69ebd1b3f142d\" class=\"forminator-input\" autocomplete=\"postal-code\" value=\"\" \/><\/div><\/div><\/div><\/div><\/div><div class=\"forminator-row\"><div id=\"phone-1\" class=\"forminator-field-phone forminator-col forminator-col-12 \"><div class=\"forminator-field\"><label for=\"forminator-field-phone-1_69ebd1b3f142d\" id=\"forminator-field-phone-1_69ebd1b3f142d-label\" class=\"forminator-label\">T\u00e9l\u00e9phone <span class=\"forminator-required\">*<\/span><\/label><input type=\"text\" name=\"phone-1\" value=\"\" placeholder=\"\" id=\"forminator-field-phone-1_69ebd1b3f142d\" class=\"forminator-input forminator-field--phone\" data-required=\"1\" aria-required=\"true\" autocomplete=\"off\" \/><\/div><\/div><\/div><div class=\"forminator-row\"><div id=\"email-1\" class=\"forminator-field-email forminator-col forminator-col-12 \"><div class=\"forminator-field\"><label for=\"forminator-field-email-1_69ebd1b3f142d\" id=\"forminator-field-email-1_69ebd1b3f142d-label\" class=\"forminator-label\">Courriel <span class=\"forminator-required\">*<\/span><\/label><input type=\"email\" name=\"email-1\" value=\"\" placeholder=\"\" id=\"forminator-field-email-1_69ebd1b3f142d\" class=\"forminator-input forminator-email--field\" data-required=\"1\" aria-required=\"true\" autocomplete=\"email\" \/><\/div><\/div><\/div><div class=\"forminator-row\"><div id=\"select-1\" class=\"forminator-field-select forminator-col forminator-col-12 \"><div class=\"forminator-field\"><label for=\"forminator-form-143__field--select-1_69ebd1b3f142d\" id=\"forminator-form-143__field--select-1_69ebd1b3f142d-label\" class=\"forminator-label\">Choisir une formation <span class=\"forminator-required\">*<\/span><\/label><select  id=\"forminator-form-143__field--select-1_69ebd1b3f142d\" class=\"forminator-select--field forminator-select2 forminator-select2-multiple\" data-required=\"1\" name=\"select-1\" data-default-value=\"\" data-placeholder=\"Choisir une formation\" data-search=\"false\" data-search-placeholder=\"Choisir une formation\" data-checkbox=\"false\" data-allow-clear=\"false\" aria-labelledby=\"forminator-form-143__field--select-1_69ebd1b3f142d-label\"><option value=\"\"  >Choisir une formation<\/option><option value=\"DEP-Adjointe-administrative\"  data-calculation=\"0\">Adjointe administrative - DEP (3 juin seulement)<\/option><option value=\"two\"  data-calculation=\"0\">Comptabilit\u00e9 - DEP (3 juin seulement)<\/option><option value=\"DEP-Conduite-de-proc\u00e9d\u00e9s-de-traitement-d&#039;eau\"  data-calculation=\"0\">Conduite de proc\u00e9d\u00e9s de traitement d'eau - DEP<\/option><option value=\"\u00c9lectrom\u00e9canique-de-syst\u00e8mes-automatis\u00e9s\"  data-calculation=\"0\">\u00c9lectrom\u00e9canique de syst\u00e8mes automatis\u00e9s - DEP<\/option><option value=\"Matri\u00e7age\"  data-calculation=\"0\">Matri\u00e7age - ASP<\/option><option value=\"M\u00e9canique-d&#039;engins-de-chantier\"  data-calculation=\"0\">M\u00e9canique d'engins de chantier - DEP<\/option><option value=\"M\u00e9canique-de-v\u00e9hicules-lourds-routiers\"  data-calculation=\"0\">M\u00e9canique de v\u00e9hicules lourds routiers - DEP<\/option><option value=\"M\u00e9canique-sp\u00e9cialis\u00e9e-d&#039;\u00e9quipements-lourds\"  data-calculation=\"0\">M\u00e9canique sp\u00e9cialis\u00e9e d'\u00e9quipement lourd - ASP<\/option><option value=\"one\"  data-calculation=\"0\">Secr\u00e9tariat - DEP (3 juin seulement)<\/option><option value=\"Techniques-d&#039;usinage\"  data-calculation=\"0\">Techniques d'usinage - DEP<\/option><option value=\"Soutien-informatique\"  data-calculation=\"0\">Soutien informatique (1er avril seulement)<\/option><\/select><\/div><\/div><\/div><div class=\"forminator-row\"><div id=\"select-2\" class=\"forminator-field-select forminator-col forminator-col-12 \"><div class=\"forminator-field\"><label for=\"forminator-form-143__field--select-2_69ebd1b3f142d\" id=\"forminator-form-143__field--select-2_69ebd1b3f142d-label\" class=\"forminator-label\">Choisir une date <span class=\"forminator-required\">*<\/span><\/label><div class=\"forminator-multiselect\" aria-labelledby=\"forminator-form-143__field--select-2_69ebd1b3f142d-label\"><label id=\"forminator-form-143__field--select-2_69ebd1b3f142d-1-label\" for=\"forminator-form-143__field--select-2_69ebd1b3f142d-1\" class=\"forminator-option\"><input type=\"checkbox\" name=\"select-2[]\" value=\"15-avril-2026-\u00e0-13-h-30-(soutien-informatique-seulement)\" id=\"forminator-form-143__field--select-2_69ebd1b3f142d-1\" aria-labelledby=\"forminator-form-143__field--select-2_69ebd1b3f142d-1-label\" data-calculation=\"0\"   \/>15 avril 2026 \u00e0 13 h 30 (soutien informatique seulement)<\/label><label id=\"forminator-form-143__field--select-2_69ebd1b3f142d-2-label\" for=\"forminator-form-143__field--select-2_69ebd1b3f142d-2\" class=\"forminator-option\"><input type=\"checkbox\" name=\"select-2[]\" value=\"6-mai-2026-\u00e0-12-h-45\" id=\"forminator-form-143__field--select-2_69ebd1b3f142d-2\" aria-labelledby=\"forminator-form-143__field--select-2_69ebd1b3f142d-2-label\" data-calculation=\"0\"   \/>6 mai 2026 \u00e0 12 h 45<\/label><label id=\"forminator-form-143__field--select-2_69ebd1b3f142d-3-label\" for=\"forminator-form-143__field--select-2_69ebd1b3f142d-3\" class=\"forminator-option\"><input type=\"checkbox\" name=\"select-2[]\" value=\"6-mai-2026-\u00e0-18-h-00\" id=\"forminator-form-143__field--select-2_69ebd1b3f142d-3\" aria-labelledby=\"forminator-form-143__field--select-2_69ebd1b3f142d-3-label\" data-calculation=\"0\"   \/>6 mai 2026 \u00e0 18 h 00<\/label><label id=\"forminator-form-143__field--select-2_69ebd1b3f142d-4-label\" for=\"forminator-form-143__field--select-2_69ebd1b3f142d-4\" class=\"forminator-option\"><input type=\"checkbox\" name=\"select-2[]\" value=\"3-juin-2026-\u00e0-12-h-45\" id=\"forminator-form-143__field--select-2_69ebd1b3f142d-4\" aria-labelledby=\"forminator-form-143__field--select-2_69ebd1b3f142d-4-label\" data-calculation=\"0\"   \/>3 juin 2026 \u00e0 12 h 45<\/label><label id=\"forminator-form-143__field--select-2_69ebd1b3f142d-5-label\" for=\"forminator-form-143__field--select-2_69ebd1b3f142d-5\" class=\"forminator-option\"><input type=\"checkbox\" name=\"select-2[]\" value=\"3-juin-2026-\u00e0-18-h-00\" id=\"forminator-form-143__field--select-2_69ebd1b3f142d-5\" aria-labelledby=\"forminator-form-143__field--select-2_69ebd1b3f142d-5-label\" data-calculation=\"0\"   \/>3 juin 2026 \u00e0 18 h 00<\/label><input type='hidden' name='select-2-multiselect-default-values' class='multiselect-default-values' value='' \/><\/div><\/div><\/div><\/div><input type=\"hidden\" name=\"referer_url\" value=\"\" \/><div class=\"forminator-row forminator-row-last\"><div class=\"forminator-col\"><div class=\"forminator-field\"><button class=\"forminator-button forminator-button-submit\">Soumettre<\/button><\/div><\/div><\/div><input type=\"hidden\" id=\"forminator_nonce\" name=\"forminator_nonce\" value=\"8934b885fc\" \/><input type=\"hidden\" name=\"_wp_http_referer\" value=\"\/paul-gerin-lajoie\/wp-json\/wp\/v2\/pages\/114\" \/><input type=\"hidden\" name=\"form_id\" value=\"143\"><input type=\"hidden\" name=\"page_id\" value=\"114\"><input type=\"hidden\" name=\"form_type\" value=\"default\"><input type=\"hidden\" name=\"current_url\" value=\"https:\/\/csstl.gouv.qc.ca\/paul-gerin-lajoie\/eleve-jour\/\"><input type=\"hidden\" name=\"render_id\" value=\"0\"><input type=\"hidden\" name=\"action\" value=\"forminator_submit_form_custom-forms\"><\/form>\n<\/div>\n\n\n<div class=\"wp-block-image\">\n<figure class=\"alignright size-large\"><img loading=\"lazy\" decoding=\"async\" width=\"421\" height=\"1024\" src=\"https:\/\/media.csstl.gouv.qc.ca\/wp-content\/uploads\/sites\/21\/2023\/08\/14134431\/PGL_Bandeau-Web-842x2048-1-421x1024.png\" alt=\"\" class=\"wp-image-276\" srcset=\"https:\/\/media.csstl.gouv.qc.ca\/wp-content\/uploads\/sites\/21\/2023\/08\/14134431\/PGL_Bandeau-Web-842x2048-1-421x1024.png 421w, https:\/\/media.csstl.gouv.qc.ca\/wp-content\/uploads\/sites\/21\/2023\/08\/14134431\/PGL_Bandeau-Web-842x2048-1-123x300.png 123w, https:\/\/media.csstl.gouv.qc.ca\/wp-content\/uploads\/sites\/21\/2023\/08\/14134431\/PGL_Bandeau-Web-842x2048-1-768x1868.png 768w, https:\/\/media.csstl.gouv.qc.ca\/wp-content\/uploads\/sites\/21\/2023\/08\/14134431\/PGL_Bandeau-Web-842x2048-1-632x1536.png 632w, https:\/\/media.csstl.gouv.qc.ca\/wp-content\/uploads\/sites\/21\/2023\/08\/14134431\/PGL_Bandeau-Web-842x2048-1.png 842w\" sizes=\"auto, (max-width: 421px) 100vw, 421px\" \/><\/figure>\n<\/div>","protected":false},"excerpt":{"rendered":"","protected":false},"author":2,"featured_media":0,"parent":0,"menu_order":0,"comment_status":"closed","ping_status":"closed","template":"","meta":{"_genesis_hide_title":false,"_genesis_hide_breadcrumbs":false,"_genesis_hide_singular_image":false,"_genesis_hide_footer_widgets":false,"_genesis_custom_body_class":"","_genesis_custom_post_class":"","_genesis_layout":"","footnotes":""},"class_list":["post-114","page","type-page","status-publish","entry"],"featured_image_src":null,"featured_image_src_square":null,"_links":{"self":[{"href":"https:\/\/csstl.gouv.qc.ca\/paul-gerin-lajoie\/wp-json\/wp\/v2\/pages\/114","targetHints":{"allow":["GET"]}}],"collection":[{"href":"https:\/\/csstl.gouv.qc.ca\/paul-gerin-lajoie\/wp-json\/wp\/v2\/pages"}],"about":[{"href":"https:\/\/csstl.gouv.qc.ca\/paul-gerin-lajoie\/wp-json\/wp\/v2\/types\/page"}],"author":[{"embeddable":true,"href":"https:\/\/csstl.gouv.qc.ca\/paul-gerin-lajoie\/wp-json\/wp\/v2\/users\/2"}],"replies":[{"embeddable":true,"href":"https:\/\/csstl.gouv.qc.ca\/paul-gerin-lajoie\/wp-json\/wp\/v2\/comments?post=114"}],"version-history":[{"count":0,"href":"https:\/\/csstl.gouv.qc.ca\/paul-gerin-lajoie\/wp-json\/wp\/v2\/pages\/114\/revisions"}],"wp:attachment":[{"href":"https:\/\/csstl.gouv.qc.ca\/paul-gerin-lajoie\/wp-json\/wp\/v2\/media?parent=114"}],"curies":[{"name":"wp","href":"https:\/\/api.w.org\/{rel}","templated":true}]}}